{"id":35919,"date":"2025-09-08T01:55:41","date_gmt":"2025-09-08T01:55:41","guid":{"rendered":"https:\/\/www.lagunalangco.com\/?page_id=35919"},"modified":"2026-01-08T04:38:05","modified_gmt":"2026-01-08T04:38:05","slug":"tin-tuc","status":"publish","type":"page","link":"https:\/\/www.lagunalangco.com\/vi\/tin-tuc\/","title":{"rendered":"Tin t\u1ee9c"},"content":{"rendered":"\t\t<div data-elementor-type=\"wp-page\" data-elementor-id=\"35919\" class=\"elementor elementor-35919 elementor-30917\" data-elementor-post-type=\"page\">\n\t\t\t\t<div class=\"elementor-element elementor-element-ca2261c e-flex e-con-boxed e-con e-parent\" data-id=\"ca2261c\" data-element_type=\"container\" data-e-type=\"container\" data-settings=\"{&quot;background_background&quot;:&quot;classic&quot;}\">\n\t\t\t\t\t<div class=\"e-con-inner\">\n\t\t\t\t<div class=\"elementor-element elementor-element-bb57d34 elementor-widget elementor-widget-heading\" data-id=\"bb57d34\" data-element_type=\"widget\" data-e-type=\"widget\" data-widget_type=\"heading.default\">\n\t\t\t\t<div class=\"elementor-widget-container\">\n\t\t\t\t\t<h1 class=\"elementor-heading-title elementor-size-default\">Tin t\u1ee9c<\/h1>\t\t\t\t<\/div>\n\t\t\t\t<\/div>\n\t\t\t\t\t<\/div>\n\t\t\t\t<\/div>\n\t\t<div class=\"elementor-element elementor-element-732b860 e-flex e-con-boxed e-con e-parent\" data-id=\"732b860\" data-element_type=\"container\" data-e-type=\"container\">\n\t\t\t\t\t<div class=\"e-con-inner\">\n\t\t\t\t<div class=\"elementor-element elementor-element-a336f6a elementor-widget elementor-widget-heading\" data-id=\"a336f6a\" data-element_type=\"widget\" data-e-type=\"widget\" data-widget_type=\"heading.default\">\n\t\t\t\t<div class=\"elementor-widget-container\">\n\t\t\t\t\t<h2 class=\"elementor-heading-title elementor-size-default\">Tin t\u1ee9c Laguna L\u0103ng C\u00f4<\/h2>\t\t\t\t<\/div>\n\t\t\t\t<\/div>\n\t\t\t\t<div class=\"elementor-element elementor-element-dc988a1 elementor-widget elementor-widget-text-editor\" data-id=\"dc988a1\" data-element_type=\"widget\" data-e-type=\"widget\" data-widget_type=\"text-editor.default\">\n\t\t\t\t<div class=\"elementor-widget-container\">\n\t\t\t\t\t\t\t\t\t<p><strong data-start=\"69\" data-end=\"116\">Ch\u00e0o m\u1eebng b\u1ea1n \u0111\u1ebfn v\u1edbi Laguna L\u0103ng C\u00f4 Media! <\/strong>\u0110\u00e2y l\u00e0 n\u01a1i c\u1eadp nh\u1eadt nh\u1eefng tin t\u1ee9c m\u1edbi nh\u1ea5t, c\u00e1c s\u1ef1 ki\u1ec7n n\u1ed5i b\u1eadt, \u01b0u \u0111\u00e3i \u0111\u1ed9c quy\u1ec1n v\u00e0 nh\u1eefng c\u00e2u chuy\u1ec7n truy\u1ec1n c\u1ea3m h\u1ee9ng t\u1eeb khu ngh\u1ec9 d\u01b0\u1ee1ng c\u1ee7a ch\u00fang t\u00f4i. H\u00e3y \u0111\u1ed3ng h\u00e0nh c\u00f9ng Laguna L\u0103ng C\u00f4 \u0111\u1ec3 kh\u00e1m ph\u00e1 s\u00e2n golf \u0111\u1eb3ng c\u1ea5p qu\u1ed1c t\u1ebf, k\u1ef3 ngh\u1ec9 sang tr\u1ecdng v\u00e0 nh\u1eefng kho\u1ea3nh kh\u1eafc kh\u00f3 qu\u00ean t\u1ea1i thi\u00ean \u0111\u01b0\u1eddng ngh\u1ec9 d\u01b0\u1ee1ng b\u00ean b\u1edd bi\u1ec3n mi\u1ec1n Trung Vi\u1ec7t Nam.<\/p>\t\t\t\t\t\t\t\t<\/div>\n\t\t\t\t<\/div>\n\t\t\t\t\t<\/div>\n\t\t\t\t<\/div>\n\t\t<div class=\"elementor-element elementor-element-3236cd0 e-flex e-con-boxed e-con e-parent\" data-id=\"3236cd0\" data-element_type=\"container\" data-e-type=\"container\" data-settings=\"{&quot;background_background&quot;:&quot;classic&quot;}\">\n\t\t\t\t\t<div class=\"e-con-inner\">\n\t\t<div class=\"elementor-element elementor-element-1fbf529 e-con-full e-flex e-con e-child\" data-id=\"1fbf529\" data-element_type=\"container\" data-e-type=\"container\">\n\t\t\t\t<div class=\"elementor-element elementor-element-6e87090 elementor-widget elementor-widget-heading\" data-id=\"6e87090\" data-element_type=\"widget\" data-e-type=\"widget\" data-widget_type=\"heading.default\">\n\t\t\t\t<div class=\"elementor-widget-container\">\n\t\t\t\t\t<h3 class=\"elementor-heading-title elementor-size-default\">Golf<\/h3>\t\t\t\t<\/div>\n\t\t\t\t<\/div>\n\t\t\t\t<div class=\"elementor-element elementor-element-f2c8bbb elementor-widget elementor-widget-image\" data-id=\"f2c8bbb\" data-element_type=\"widget\" data-e-type=\"widget\" data-widget_type=\"image.default\">\n\t\t\t\t<div class=\"elementor-widget-container\">\n\t\t\t\t\t\t\t\t\t\t\t\t\t\t\t<img fetchpriority=\"high\" decoding=\"async\" width=\"1024\" height=\"683\" src=\"https:\/\/www.lagunalangco.com\/wp-content\/uploads\/2025\/06\/Laguna_Golf_Lang_Co_Hue_Vietnam_1-1024x683.jpg\" class=\"attachment-large size-large wp-image-28427\" alt=\"Laguna Golf L\u0103ng C\u00f4 Hu\u1ebf Vi\u1ec7t Nam\" srcset=\"https:\/\/www.lagunalangco.com\/wp-content\/uploads\/2025\/06\/Laguna_Golf_Lang_Co_Hue_Vietnam_1-1024x683.jpg 1024w, https:\/\/www.lagunalangco.com\/wp-content\/uploads\/2025\/06\/Laguna_Golf_Lang_Co_Hue_Vietnam_1-300x200.jpg 300w, https:\/\/www.lagunalangco.com\/wp-content\/uploads\/2025\/06\/Laguna_Golf_Lang_Co_Hue_Vietnam_1-768x512.jpg 768w, https:\/\/www.lagunalangco.com\/wp-content\/uploads\/2025\/06\/Laguna_Golf_Lang_Co_Hue_Vietnam_1-1536x1024.jpg 1536w, https:\/\/www.lagunalangco.com\/wp-content\/uploads\/2025\/06\/Laguna_Golf_Lang_Co_Hue_Vietnam_1-200x133.jpg 200w, https:\/\/www.lagunalangco.com\/wp-content\/uploads\/2025\/06\/Laguna_Golf_Lang_Co_Hue_Vietnam_1.jpg 1920w\" sizes=\"(max-width: 1024px) 100vw, 1024px\" \/>\t\t\t\t\t\t\t\t\t\t\t\t\t\t\t<\/div>\n\t\t\t\t<\/div>\n\t\t\t\t<div class=\"elementor-element elementor-element-c88dd8a elementor-align-center elementor-widget elementor-widget-button\" data-id=\"c88dd8a\" data-element_type=\"widget\" data-e-type=\"widget\" data-widget_type=\"button.default\">\n\t\t\t\t<div class=\"elementor-widget-container\">\n\t\t\t\t\t\t\t\t\t<div class=\"elementor-button-wrapper\">\n\t\t\t\t\t<a class=\"elementor-button elementor-button-link elementor-size-xs\" href=\"https:\/\/www.lagunalangco.com\/vi\/tin-tuc-golf-laguna-lang-co\/\">\n\t\t\t\t\t\t<span class=\"elementor-button-content-wrapper\">\n\t\t\t\t\t\t\t\t\t<span class=\"elementor-button-text\">Xem th\u00eam<\/span>\n\t\t\t\t\t<\/span>\n\t\t\t\t\t<\/a>\n\t\t\t\t<\/div>\n\t\t\t\t\t\t\t\t<\/div>\n\t\t\t\t<\/div>\n\t\t\t\t<\/div>\n\t\t<div class=\"elementor-element elementor-element-06ad6d4 e-con-full e-flex e-con e-child\" data-id=\"06ad6d4\" data-element_type=\"container\" data-e-type=\"container\">\n\t\t\t\t<div class=\"elementor-element elementor-element-e8479ca elementor-widget elementor-widget-heading\" data-id=\"e8479ca\" data-element_type=\"widget\" data-e-type=\"widget\" data-widget_type=\"heading.default\">\n\t\t\t\t<div class=\"elementor-widget-container\">\n\t\t\t\t\t<h3 class=\"elementor-heading-title elementor-size-default\">Resort<\/h3>\t\t\t\t<\/div>\n\t\t\t\t<\/div>\n\t\t\t\t<div class=\"elementor-element elementor-element-bdfecae elementor-widget elementor-widget-image\" data-id=\"bdfecae\" data-element_type=\"widget\" data-e-type=\"widget\" data-widget_type=\"image.default\">\n\t\t\t\t<div class=\"elementor-widget-container\">\n\t\t\t\t\t\t\t\t\t\t\t\t\t\t\t<img decoding=\"async\" width=\"2560\" height=\"1705\" src=\"https:\/\/www.lagunalangco.com\/wp-content\/uploads\/2025\/08\/DJI_0010-HDR-Edit-Edit-1-scaled-1.jpg\" class=\"attachment-full size-full wp-image-30692\" alt=\"\" srcset=\"https:\/\/www.lagunalangco.com\/wp-content\/uploads\/2025\/08\/DJI_0010-HDR-Edit-Edit-1-scaled-1.jpg 2560w, https:\/\/www.lagunalangco.com\/wp-content\/uploads\/2025\/08\/DJI_0010-HDR-Edit-Edit-1-scaled-1-300x200.jpg 300w, https:\/\/www.lagunalangco.com\/wp-content\/uploads\/2025\/08\/DJI_0010-HDR-Edit-Edit-1-scaled-1-1024x682.jpg 1024w, https:\/\/www.lagunalangco.com\/wp-content\/uploads\/2025\/08\/DJI_0010-HDR-Edit-Edit-1-scaled-1-768x512.jpg 768w, https:\/\/www.lagunalangco.com\/wp-content\/uploads\/2025\/08\/DJI_0010-HDR-Edit-Edit-1-scaled-1-1536x1023.jpg 1536w, https:\/\/www.lagunalangco.com\/wp-content\/uploads\/2025\/08\/DJI_0010-HDR-Edit-Edit-1-scaled-1-2048x1364.jpg 2048w, https:\/\/www.lagunalangco.com\/wp-content\/uploads\/2025\/08\/DJI_0010-HDR-Edit-Edit-1-scaled-1-200x133.jpg 200w\" sizes=\"(max-width: 2560px) 100vw, 2560px\" \/>\t\t\t\t\t\t\t\t\t\t\t\t\t\t\t<\/div>\n\t\t\t\t<\/div>\n\t\t\t\t<div class=\"elementor-element elementor-element-6759586 elementor-align-center elementor-widget elementor-widget-button\" data-id=\"6759586\" data-element_type=\"widget\" data-e-type=\"widget\" data-widget_type=\"button.default\">\n\t\t\t\t<div class=\"elementor-widget-container\">\n\t\t\t\t\t\t\t\t\t<div class=\"elementor-button-wrapper\">\n\t\t\t\t\t<a class=\"elementor-button elementor-button-link elementor-size-xs\" href=\"https:\/\/www.lagunalangco.com\/vi\/truyen-thong\/\">\n\t\t\t\t\t\t<span class=\"elementor-button-content-wrapper\">\n\t\t\t\t\t\t\t\t\t<span class=\"elementor-button-text\">Xem th\u00eam<\/span>\n\t\t\t\t\t<\/span>\n\t\t\t\t\t<\/a>\n\t\t\t\t<\/div>\n\t\t\t\t\t\t\t\t<\/div>\n\t\t\t\t<\/div>\n\t\t\t\t<\/div>\n\t\t\t\t\t<\/div>\n\t\t\t\t<\/div>\n\t\t\t\t<\/div>\n\t\t","protected":false},"excerpt":{"rendered":"<p>Tin t\u1ee9c Tin t\u1ee9c Laguna L\u0103ng C\u00f4 Ch\u00e0o m\u1eebng b\u1ea1n \u0111\u1ebfn v\u1edbi Laguna L\u0103ng C\u00f4 Media! \u0110\u00e2y l\u00e0 n\u01a1i c\u1eadp nh\u1eadt nh\u1eefng tin t\u1ee9c m\u1edbi nh\u1ea5t, c\u00e1c s\u1ef1 ki\u1ec7n n\u1ed5i b\u1eadt, \u01b0u \u0111\u00e3i \u0111\u1ed9c quy\u1ec1n v\u00e0 nh\u1eefng c\u00e2u chuy\u1ec7n truy\u1ec1n c\u1ea3m h\u1ee9ng t\u1eeb khu ngh\u1ec9 d\u01b0\u1ee1ng c\u1ee7a ch\u00fang t\u00f4i. H\u00e3y \u0111\u1ed3ng h\u00e0nh c\u00f9ng Laguna L\u0103ng [&hellip;]<\/p>\n","protected":false},"author":4,"featured_media":29971,"parent":0,"menu_order":0,"comment_status":"closed","ping_status":"closed","template":"","meta":{"_acf_changed":false,"site-sidebar-layout":"no-sidebar","site-content-layout":"page-builder","ast-site-content-layout":"full-width-container","site-content-style":"default","site-sidebar-style":"default","ast-global-header-display":"","ast-banner-title-visibility":"","ast-main-header-display":"","ast-hfb-above-header-display":"","ast-hfb-below-header-display":"","ast-hfb-mobile-header-display":"","site-post-title":"disabled","ast-breadcrumbs-content":"","ast-featured-img":"disabled","footer-sml-layout":"","ast-disable-related-posts":"","theme-transparent-header-meta":"default","adv-header-id-meta":"","stick-header-meta":"default","header-above-stick-meta":"","header-main-stick-meta":"","header-below-stick-meta":"","astra-migrate-meta-layouts":"set","ast-page-background-enabled":"default","ast-page-background-meta":{"desktop":{"background-color":"var(--ast-global-color-4)","background-image":"","background-repeat":"repeat","background-position":"center center","background-size":"auto","background-attachment":"scroll","background-type":"","background-media":"","overlay-type":"","overlay-color":"","overlay-opacity":"","overlay-gradient":""},"tablet":{"background-color":"","background-image":"","background-repeat":"repeat","background-position":"center center","background-size":"auto","background-attachment":"scroll","background-type":"","background-media":"","overlay-type":"","overlay-color":"","overlay-opacity":"","overlay-gradient":""},"mobile":{"background-color":"","background-image":"","background-repeat":"repeat","background-position":"center center","background-size":"auto","background-attachment":"scroll","background-type":"","background-media":"","overlay-type":"","overlay-color":"","overlay-opacity":"","overlay-gradient":""}},"ast-content-background-meta":{"desktop":{"background-color":"var(--ast-global-color-5)","background-image":"","background-repeat":"repeat","background-position":"center center","background-size":"auto","background-attachment":"scroll","background-type":"","background-media":"","overlay-type":"","overlay-color":"","overlay-opacity":"","overlay-gradient":""},"tablet":{"background-color":"var(--ast-global-color-5)","background-image":"","background-repeat":"repeat","background-position":"center center","background-size":"auto","background-attachment":"scroll","background-type":"","background-media":"","overlay-type":"","overlay-color":"","overlay-opacity":"","overlay-gradient":""},"mobile":{"background-color":"var(--ast-global-color-5)","background-image":"","background-repeat":"repeat","background-position":"center center","background-size":"auto","background-attachment":"scroll","background-type":"","background-media":"","overlay-type":"","overlay-color":"","overlay-opacity":"","overlay-gradient":""}},"footnotes":""},"class_list":["post-35919","page","type-page","status-publish","has-post-thumbnail","hentry"],"acf":[],"_links":{"self":[{"href":"https:\/\/www.lagunalangco.com\/vi\/wp-json\/wp\/v2\/pages\/35919","targetHints":{"allow":["GET"]}}],"collection":[{"href":"https:\/\/www.lagunalangco.com\/vi\/wp-json\/wp\/v2\/pages"}],"about":[{"href":"https:\/\/www.lagunalangco.com\/vi\/wp-json\/wp\/v2\/types\/page"}],"author":[{"embeddable":true,"href":"https:\/\/www.lagunalangco.com\/vi\/wp-json\/wp\/v2\/users\/4"}],"replies":[{"embeddable":true,"href":"https:\/\/www.lagunalangco.com\/vi\/wp-json\/wp\/v2\/comments?post=35919"}],"version-history":[{"count":16,"href":"https:\/\/www.lagunalangco.com\/vi\/wp-json\/wp\/v2\/pages\/35919\/revisions"}],"predecessor-version":[{"id":36011,"href":"https:\/\/www.lagunalangco.com\/vi\/wp-json\/wp\/v2\/pages\/35919\/revisions\/36011"}],"wp:featuredmedia":[{"embeddable":true,"href":"https:\/\/www.lagunalangco.com\/vi\/wp-json\/wp\/v2\/media\/29971"}],"wp:attachment":[{"href":"https:\/\/www.lagunalangco.com\/vi\/wp-json\/wp\/v2\/media?parent=35919"}],"curies":[{"name":"wp","href":"https:\/\/api.w.org\/{rel}","templated":true}]}}