{"id":29816,"date":"2025-08-05T02:03:56","date_gmt":"2025-08-05T02:03:56","guid":{"rendered":"https:\/\/www.lagunalangco.com\/?page_id=29816"},"modified":"2025-08-05T06:25:40","modified_gmt":"2025-08-05T06:25:40","slug":"chinh-sach-bao-mat-thong-tin","status":"publish","type":"page","link":"https:\/\/www.lagunalangco.com\/vi\/chinh-sach-bao-mat-thong-tin\/","title":{"rendered":"Ch\u00ednh S\u00e1ch B\u1ea3o M\u1eadt"},"content":{"rendered":"\t\t<div data-elementor-type=\"wp-page\" data-elementor-id=\"29816\" class=\"elementor elementor-29816\" data-elementor-post-type=\"page\">\n\t\t\t\t<div class=\"elementor-element elementor-element-a29f5b2 e-flex e-con-boxed e-con e-parent\" data-id=\"a29f5b2\" data-element_type=\"container\" data-e-type=\"container\" data-settings=\"{&quot;background_background&quot;:&quot;classic&quot;}\">\n\t\t\t\t\t<div class=\"e-con-inner\">\n\t\t\t\t<div class=\"elementor-element elementor-element-c9dbf88 elementor-widget elementor-widget-heading\" data-id=\"c9dbf88\" data-element_type=\"widget\" data-e-type=\"widget\" data-widget_type=\"heading.default\">\n\t\t\t\t<div class=\"elementor-widget-container\">\n\t\t\t\t\t<h1 class=\"elementor-heading-title elementor-size-default\">CH\u00cdNH S\u00c1CH B\u1ea2O M\u1eacT TH\u00d4NG TIN<\/h1>\t\t\t\t<\/div>\n\t\t\t\t<\/div>\n\t\t\t\t\t<\/div>\n\t\t\t\t<\/div>\n\t\t<div class=\"elementor-element elementor-element-ff33a67 e-flex e-con-boxed e-con e-parent\" data-id=\"ff33a67\" data-element_type=\"container\" data-e-type=\"container\">\n\t\t\t\t\t<div class=\"e-con-inner\">\n\t\t\t\t<div class=\"elementor-element elementor-element-48e33c1 elementor-widget elementor-widget-spacer\" data-id=\"48e33c1\" data-element_type=\"widget\" data-e-type=\"widget\" data-widget_type=\"spacer.default\">\n\t\t\t\t<div class=\"elementor-widget-container\">\n\t\t\t\t\t\t\t<div class=\"elementor-spacer\">\n\t\t\t<div class=\"elementor-spacer-inner\"><\/div>\n\t\t<\/div>\n\t\t\t\t\t\t<\/div>\n\t\t\t\t<\/div>\n\t\t\t\t<div class=\"elementor-element elementor-element-9cacbd7 elementor-widget elementor-widget-text-editor\" data-id=\"9cacbd7\" data-element_type=\"widget\" data-e-type=\"widget\" data-widget_type=\"text-editor.default\">\n\t\t\t\t<div class=\"elementor-widget-container\">\n\t\t\t\t\t\t\t\t\t<p style=\"text-align: justify;\">C\u00d4NG TY TNHH LAGUNA (VI\u1ec6T NAM) (\u201cCh\u00fang t\u00f4i\u201d) cam k\u1ebft b\u1ea3o v\u1ec7 quy\u1ec1n ri\u00eang t\u01b0 v\u00e0 b\u1ea3o m\u1eadt th\u00f4ng tin c\u00e1 nh\u00e2n c\u1ee7a kh\u00e1ch h\u00e0ng (\u201cQu\u00fd kh\u00e1ch\u201d). Ch\u00ednh s\u00e1ch n\u00e0y quy \u0111\u1ecbnh c\u00e1ch th\u1ee9c ch\u00fang t\u00f4i thu th\u1eadp, s\u1eed d\u1ee5ng, l\u01b0u tr\u1eef v\u00e0 b\u1ea3o v\u1ec7 th\u00f4ng tin c\u00e1 nh\u00e2n khi Qu\u00fd kh\u00e1ch truy c\u1eadp v\u00e0 s\u1eed d\u1ee5ng website c\u1ee7a ch\u00fang t\u00f4i.<\/p><p style=\"text-align: justify;\">B\u1eb1ng vi\u1ec7c cung c\u1ea5p th\u00f4ng tin c\u00e1 nh\u00e2n th\u00f4ng qua website, Qu\u00fd kh\u00e1ch x\u00e1c nh\u1eadn \u0111\u00e3 \u0111\u1ecdc, hi\u1ec3u v\u00e0 \u0111\u1ed3ng \u00fd v\u1edbi c\u00e1c \u0111i\u1ec1u kho\u1ea3n c\u1ee7a Ch\u00ednh s\u00e1ch n\u00e0y c\u0169ng nh\u01b0 nh\u1eefng c\u1eadp nh\u1eadt (n\u1ebfu c\u00f3) trong t\u01b0\u01a1ng lai.<\/p>\t\t\t\t\t\t\t\t<\/div>\n\t\t\t\t<\/div>\n\t\t\t\t\t<\/div>\n\t\t\t\t<\/div>\n\t\t<div class=\"elementor-element elementor-element-99ba0b6 e-flex e-con-boxed e-con e-parent\" data-id=\"99ba0b6\" data-element_type=\"container\" data-e-type=\"container\">\n\t\t\t\t\t<div class=\"e-con-inner\">\n\t\t\t\t<div class=\"elementor-element elementor-element-49a700b elementor-widget elementor-widget-heading\" data-id=\"49a700b\" data-element_type=\"widget\" data-e-type=\"widget\" data-widget_type=\"heading.default\">\n\t\t\t\t<div class=\"elementor-widget-container\">\n\t\t\t\t\t<h3 class=\"elementor-heading-title elementor-size-default\">I. M\u1ee4C \u0110\u00cdCH V\u00c0 PH\u1ea0M VI THU TH\u1eacP<\/h3>\t\t\t\t<\/div>\n\t\t\t\t<\/div>\n\t\t\t\t<div class=\"elementor-element elementor-element-565ac82 elementor-widget elementor-widget-text-editor\" data-id=\"565ac82\" data-element_type=\"widget\" data-e-type=\"widget\" data-widget_type=\"text-editor.default\">\n\t\t\t\t<div class=\"elementor-widget-container\">\n\t\t\t\t\t\t\t\t\t<p style=\"text-align: justify;\">Ch\u00fang t\u00f4i thu th\u1eadp c\u00e1c th\u00f4ng tin c\u00e1 nh\u00e2n c\u1ea7n thi\u1ebft \u0111\u1ec3 ph\u1ee5c v\u1ee5 ho\u1ea1t \u0111\u1ed9ng t\u01b0 v\u1ea5n v\u00e0 cung c\u1ea5p s\u1ea3n ph\u1ea9m, d\u1ecbch v\u1ee5. C\u00e1c th\u00f4ng tin c\u00f3 th\u1ec3 bao g\u1ed3m:<\/p><ul style=\"text-align: justify;\"><li>H\u1ecd t\u00ean<\/li><li>S\u1ed1 \u0111i\u1ec7n tho\u1ea1i<\/li><li>Email<\/li><\/ul><p style=\"text-align: justify;\">Th\u00f4ng tin \u0111\u01b0\u1ee3c thu th\u1eadp th\u00f4ng qua c\u00e1c bi\u1ec3u m\u1eabu \u0111\u0103ng k\u00fd, y\u00eau c\u1ea7u t\u01b0 v\u1ea5n, \u0111\u1eb7t h\u00e0ng ho\u1eb7c khi Qu\u00fd kh\u00e1ch li\u00ean h\u1ec7 v\u1edbi ch\u00fang t\u00f4i qua website.<\/p><p style=\"text-align: justify;\"><strong>L\u01b0u \u00fd:<\/strong> Qu\u00fd kh\u00e1ch c\u00f3 tr\u00e1ch nhi\u1ec7m \u0111\u1ea3m b\u1ea3o t\u00ednh ch\u00ednh x\u00e1c v\u00e0 h\u1ee3p ph\u00e1p c\u1ee7a th\u00f4ng tin cung c\u1ea5p. Ch\u00fang t\u00f4i kh\u00f4ng ch\u1ecbu tr\u00e1ch nhi\u1ec7m \u0111\u1ed1i v\u1edbi c\u00e1c h\u1eadu qu\u1ea3 ph\u00e1t sinh do th\u00f4ng tin sai l\u1ec7ch ho\u1eb7c kh\u00f4ng \u0111\u1ea7y \u0111\u1ee7 do Qu\u00fd kh\u00e1ch cung c\u1ea5p.<\/p>\t\t\t\t\t\t\t\t<\/div>\n\t\t\t\t<\/div>\n\t\t\t\t\t<\/div>\n\t\t\t\t<\/div>\n\t\t<div class=\"elementor-element elementor-element-7d2c0ca e-flex e-con-boxed e-con e-parent\" data-id=\"7d2c0ca\" data-element_type=\"container\" data-e-type=\"container\">\n\t\t\t\t\t<div class=\"e-con-inner\">\n\t\t\t\t<div class=\"elementor-element elementor-element-90e4164 elementor-widget elementor-widget-heading\" data-id=\"90e4164\" data-element_type=\"widget\" data-e-type=\"widget\" data-widget_type=\"heading.default\">\n\t\t\t\t<div class=\"elementor-widget-container\">\n\t\t\t\t\t<h3 class=\"elementor-heading-title elementor-size-default\">II. PH\u1ea0M VI S\u1eec D\u1ee4NG TH\u00d4NG TIN<\/h3>\t\t\t\t<\/div>\n\t\t\t\t<\/div>\n\t\t\t\t<div class=\"elementor-element elementor-element-da981ef elementor-widget elementor-widget-text-editor\" data-id=\"da981ef\" data-element_type=\"widget\" data-e-type=\"widget\" data-widget_type=\"text-editor.default\">\n\t\t\t\t<div class=\"elementor-widget-container\">\n\t\t\t\t\t\t\t\t\t<p style=\"text-align: justify;\">Th\u00f4ng tin c\u00e1 nh\u00e2n c\u1ee7a Qu\u00fd kh\u00e1ch s\u1ebd \u0111\u01b0\u1ee3c s\u1eed d\u1ee5ng v\u00e0o c\u00e1c m\u1ee5c \u0111\u00edch sau:<\/p><ul><li style=\"text-align: justify;\">X\u00e1c nh\u1eadn \u0111\u01a1n h\u00e0ng ho\u1eb7c y\u00eau c\u1ea7u \u0111\u1eb7t d\u1ecbch v\u1ee5;<\/li><li style=\"text-align: justify;\">Cung c\u1ea5p th\u00f4ng tin s\u1ea3n ph\u1ea9m, d\u1ecbch v\u1ee5 theo y\u00eau c\u1ea7u;<\/li><li style=\"text-align: justify;\">G\u1eedi th\u00f4ng tin khuy\u1ebfn m\u00e3i, ti\u1ebfp th\u1ecb, \u01b0u \u0111\u00e3i (n\u1ebfu c\u00f3 s\u1ef1 \u0111\u1ed3ng \u00fd c\u1ee7a Qu\u00fd kh\u00e1ch);<\/li><li style=\"text-align: justify;\">G\u1eedi th\u00f4ng b\u00e1o li\u00ean quan \u0111\u1ebfn ho\u1ea1t \u0111\u1ed9ng v\u1eadn h\u00e0nh website;<\/li><li style=\"text-align: justify;\">H\u1ed7 tr\u1ee3 ch\u0103m s\u00f3c kh\u00e1ch h\u00e0ng v\u00e0 gi\u1ea3i quy\u1ebft khi\u1ebfu n\u1ea1i;<\/li><li style=\"text-align: justify;\">Th\u1ef1c hi\u1ec7n c\u00e1c ngh\u0129a v\u1ee5 theo quy \u0111\u1ecbnh ph\u00e1p lu\u1eadt ho\u1eb7c y\u00eau c\u1ea7u t\u1eeb c\u01a1 quan nh\u00e0 n\u01b0\u1edbc c\u00f3 th\u1ea9m quy\u1ec1n;<\/li><\/ul>\t\t\t\t\t\t\t\t<\/div>\n\t\t\t\t<\/div>\n\t\t\t\t\t<\/div>\n\t\t\t\t<\/div>\n\t\t<div class=\"elementor-element elementor-element-83873d4 e-flex e-con-boxed e-con e-parent\" data-id=\"83873d4\" data-element_type=\"container\" data-e-type=\"container\">\n\t\t\t\t\t<div class=\"e-con-inner\">\n\t\t\t\t<div class=\"elementor-element elementor-element-8cc381e elementor-widget elementor-widget-heading\" data-id=\"8cc381e\" data-element_type=\"widget\" data-e-type=\"widget\" data-widget_type=\"heading.default\">\n\t\t\t\t<div class=\"elementor-widget-container\">\n\t\t\t\t\t<h3 class=\"elementor-heading-title elementor-size-default\">III. TH\u1edcI GIAN L\u01afU TR\u1eee TH\u00d4NG TIN<\/h3>\t\t\t\t<\/div>\n\t\t\t\t<\/div>\n\t\t\t\t<div class=\"elementor-element elementor-element-fd9133e elementor-widget elementor-widget-text-editor\" data-id=\"fd9133e\" data-element_type=\"widget\" data-e-type=\"widget\" data-widget_type=\"text-editor.default\">\n\t\t\t\t<div class=\"elementor-widget-container\">\n\t\t\t\t\t\t\t\t\t<p style=\"text-align: justify;\">Th\u00f4ng tin c\u00e1 nh\u00e2n s\u1ebd \u0111\u01b0\u1ee3c l\u01b0u tr\u1eef cho \u0111\u1ebfn khi:<\/p><ul style=\"text-align: justify;\"><li>Qu\u00fd kh\u00e1ch c\u00f3 y\u00eau c\u1ea7u ch\u1ec9nh s\u1eeda, h\u1ee7y b\u1ecf th\u00f4ng tin; ho\u1eb7c<\/li><li>Ch\u00fang t\u00f4i kh\u00f4ng c\u00f2n m\u1ee5c \u0111\u00edch s\u1eed d\u1ee5ng th\u00f4ng tin theo ch\u00ednh s\u00e1ch n\u00e0y.<\/li><\/ul><p style=\"text-align: justify;\">Trong m\u1ecdi tr\u01b0\u1eddng h\u1ee3p, d\u1eef li\u1ec7u s\u1ebd \u0111\u01b0\u1ee3c b\u1ea3o m\u1eadt v\u00e0 l\u01b0u tr\u1eef an to\u00e0n tr\u00ean h\u1ec7 th\u1ed1ng m\u00e1y ch\u1ee7 c\u1ee7a ch\u00fang t\u00f4i.<\/p>\t\t\t\t\t\t\t\t<\/div>\n\t\t\t\t<\/div>\n\t\t\t\t\t<\/div>\n\t\t\t\t<\/div>\n\t\t<div class=\"elementor-element elementor-element-110680e e-flex e-con-boxed e-con e-parent\" data-id=\"110680e\" data-element_type=\"container\" data-e-type=\"container\">\n\t\t\t\t\t<div class=\"e-con-inner\">\n\t\t\t\t<div class=\"elementor-element elementor-element-18f2c52 elementor-widget elementor-widget-heading\" data-id=\"18f2c52\" data-element_type=\"widget\" data-e-type=\"widget\" data-widget_type=\"heading.default\">\n\t\t\t\t<div class=\"elementor-widget-container\">\n\t\t\t\t\t<h3 class=\"elementor-heading-title elementor-size-default\">IV. CHIA S\u1eba TH\u00d4NG TIN C\u00c1 NH\u00c2N<\/h3>\t\t\t\t<\/div>\n\t\t\t\t<\/div>\n\t\t\t\t<div class=\"elementor-element elementor-element-4b44d48 elementor-widget elementor-widget-text-editor\" data-id=\"4b44d48\" data-element_type=\"widget\" data-e-type=\"widget\" data-widget_type=\"text-editor.default\">\n\t\t\t\t<div class=\"elementor-widget-container\">\n\t\t\t\t\t\t\t\t\t<p style=\"text-align: justify;\">Ch\u00fang t\u00f4i kh\u00f4ng chia s\u1ebb, b\u00e1n ho\u1eb7c trao \u0111\u1ed5i th\u00f4ng tin c\u00e1 nh\u00e2n c\u1ee7a Qu\u00fd kh\u00e1ch cho b\u1ea5t k\u1ef3 b\u00ean th\u1ee9 ba n\u00e0o, ngo\u1ea1i tr\u1eeb trong c\u00e1c tr\u01b0\u1eddng h\u1ee3p sau:<\/p><ul style=\"text-align: justify;\"><li>C\u00f3 s\u1ef1 \u0111\u1ed3ng \u00fd r\u00f5 r\u00e0ng t\u1eeb Qu\u00fd kh\u00e1ch;<\/li><li>Theo y\u00eau c\u1ea7u t\u1eeb c\u01a1 quan nh\u00e0 n\u01b0\u1edbc c\u00f3 th\u1ea9m quy\u1ec1n;<\/li><li>Khi c\u1ea7n thi\u1ebft \u0111\u1ec3 b\u1ea3o v\u1ec7 quy\u1ec1n, l\u1ee3i \u00edch h\u1ee3p ph\u00e1p c\u1ee7a C\u00f4ng ty tr\u01b0\u1edbc ph\u00e1p lu\u1eadt;<\/li><li>Trong t\u00ecnh hu\u1ed1ng kh\u1ea9n c\u1ea5p nh\u1eb1m b\u1ea3o v\u1ec7 an to\u00e0n c\u00e1 nh\u00e2n c\u1ee7a Qu\u00fd kh\u00e1ch ho\u1eb7c c\u1ed9ng \u0111\u1ed3ng;<\/li><\/ul><p style=\"text-align: justify;\">\u0110\u1ed1i v\u1edbi c\u00e1c nh\u00e0 cung c\u1ea5p d\u1ecbch v\u1ee5 \u0111\u01b0\u1ee3c ch\u00fang t\u00f4i \u1ee7y quy\u1ec1n (v\u00ed d\u1ee5: b\u00ean giao h\u00e0ng, x\u1eed l\u00fd thanh to\u00e1n), c\u00e1c b\u00ean n\u00e0y s\u1ebd \u0111\u01b0\u1ee3c y\u00eau c\u1ea7u tu\u00e2n th\u1ee7 cam k\u1ebft b\u1ea3o m\u1eadt c\u1ee7a ch\u00fang t\u00f4i.<\/p>\t\t\t\t\t\t\t\t<\/div>\n\t\t\t\t<\/div>\n\t\t\t\t\t<\/div>\n\t\t\t\t<\/div>\n\t\t<div class=\"elementor-element elementor-element-3799205 e-flex e-con-boxed e-con e-parent\" data-id=\"3799205\" data-element_type=\"container\" data-e-type=\"container\">\n\t\t\t\t\t<div class=\"e-con-inner\">\n\t\t\t\t<div class=\"elementor-element elementor-element-7824703 elementor-widget elementor-widget-heading\" data-id=\"7824703\" data-element_type=\"widget\" data-e-type=\"widget\" data-widget_type=\"heading.default\">\n\t\t\t\t<div class=\"elementor-widget-container\">\n\t\t\t\t\t<h3 class=\"elementor-heading-title elementor-size-default\">V. B\u1ea2O M\u1eacT TH\u00d4NG TIN C\u00c1 NH\u00c2N<\/h3>\t\t\t\t<\/div>\n\t\t\t\t<\/div>\n\t\t\t\t<div class=\"elementor-element elementor-element-353a4af elementor-widget elementor-widget-text-editor\" data-id=\"353a4af\" data-element_type=\"widget\" data-e-type=\"widget\" data-widget_type=\"text-editor.default\">\n\t\t\t\t<div class=\"elementor-widget-container\">\n\t\t\t\t\t\t\t\t\t<p style=\"text-align: justify;\">Ch\u00fang t\u00f4i \u00e1p d\u1ee5ng c\u00e1c bi\u1ec7n ph\u00e1p k\u1ef9 thu\u1eadt v\u00e0 qu\u1ea3n l\u00fd ph\u00f9 h\u1ee3p \u0111\u1ec3 \u0111\u1ea3m b\u1ea3o th\u00f4ng tin c\u00e1 nh\u00e2n \u0111\u01b0\u1ee3c l\u01b0u tr\u1eef v\u00e0 x\u1eed l\u00fd m\u1ed9t c\u00e1ch an to\u00e0n, bao g\u1ed3m:<\/p><ul style=\"text-align: justify;\"><li>Gi\u1edbi h\u1ea1n quy\u1ec1n truy c\u1eadp th\u00f4ng tin;<\/li><li>H\u1ec7 th\u1ed1ng l\u01b0u tr\u1eef \u0111\u01b0\u1ee3c b\u1ea3o m\u1eadt;<\/li><li>Ki\u1ec3m so\u00e1t \u0111\u0103ng nh\u1eadp v\u00e0 theo d\u00f5i truy c\u1eadp n\u1ed9i b\u1ed9.<\/li><\/ul><p style=\"text-align: justify;\">Tuy nhi\u00ean, do gi\u1edbi h\u1ea1n k\u1ef9 thu\u1eadt v\u00e0 r\u1ee7i ro tr\u00ean m\u00f4i tr\u01b0\u1eddng Internet, kh\u00f4ng c\u00f3 ph\u01b0\u01a1ng th\u1ee9c truy\u1ec1n d\u1eef li\u1ec7u n\u00e0o \u0111\u1ea3m b\u1ea3o an to\u00e0n tuy\u1ec7t \u0111\u1ed1i. Do \u0111\u00f3, ch\u00fang t\u00f4i kh\u00f4ng th\u1ec3 cam k\u1ebft th\u00f4ng tin c\u00e1 nh\u00e2n s\u1ebd \u0111\u01b0\u1ee3c b\u1ea3o m\u1eadt 100%. Qu\u00fd kh\u00e1ch vui l\u00f2ng c\u00e2n nh\u1eafc k\u1ef9 l\u01b0\u1ee1ng tr\u01b0\u1edbc khi cung c\u1ea5p th\u00f4ng tin v\u00e0 kh\u00f4ng chia s\u1ebb t\u00e0i kho\u1ea3n, m\u1eadt kh\u1ea9u v\u1edbi ng\u01b0\u1eddi kh\u00e1c.<\/p>\t\t\t\t\t\t\t\t<\/div>\n\t\t\t\t<\/div>\n\t\t\t\t\t<\/div>\n\t\t\t\t<\/div>\n\t\t<div class=\"elementor-element elementor-element-f6a0aaf e-flex e-con-boxed e-con e-parent\" data-id=\"f6a0aaf\" data-element_type=\"container\" data-e-type=\"container\">\n\t\t\t\t\t<div class=\"e-con-inner\">\n\t\t\t\t<div class=\"elementor-element elementor-element-1d9a70a elementor-widget elementor-widget-heading\" data-id=\"1d9a70a\" data-element_type=\"widget\" data-e-type=\"widget\" data-widget_type=\"heading.default\">\n\t\t\t\t<div class=\"elementor-widget-container\">\n\t\t\t\t\t<h3 class=\"elementor-heading-title elementor-size-default\">VI. QUY\u1ec0N C\u1ee6A KH\u00c1CH H\u00c0NG<\/h3>\t\t\t\t<\/div>\n\t\t\t\t<\/div>\n\t\t\t\t<div class=\"elementor-element elementor-element-ad1f088 elementor-widget elementor-widget-text-editor\" data-id=\"ad1f088\" data-element_type=\"widget\" data-e-type=\"widget\" data-widget_type=\"text-editor.default\">\n\t\t\t\t<div class=\"elementor-widget-container\">\n\t\t\t\t\t\t\t\t\t<p style=\"text-align: justify;\">Qu\u00fd kh\u00e1ch c\u00f3 quy\u1ec1n y\u00eau c\u1ea7u:<\/p><ul style=\"text-align: justify;\"><li>Truy c\u1eadp, xem l\u1ea1i, c\u1eadp nh\u1eadt ho\u1eb7c ch\u1ec9nh s\u1eeda th\u00f4ng tin c\u00e1 nh\u00e2n \u0111\u00e3 cung c\u1ea5p;<\/li><li>H\u1ee7y b\u1ecf, r\u00fat l\u1ea1i s\u1ef1 \u0111\u1ed3ng \u00fd \u0111\u1ed1i v\u1edbi vi\u1ec7c thu th\u1eadp v\u00e0 s\u1eed d\u1ee5ng th\u00f4ng tin;<\/li><li>Y\u00eau c\u1ea7u ch\u00fang t\u00f4i ng\u1eebng vi\u1ec7c g\u1eedi th\u00f4ng tin ti\u1ebfp th\u1ecb (n\u1ebfu \u0111\u00e3 \u0111\u0103ng k\u00fd nh\u1eadn).<\/li><\/ul><p style=\"text-align: justify;\">M\u1ecdi y\u00eau c\u1ea7u c\u00f3 th\u1ec3 \u0111\u01b0\u1ee3c g\u1eedi \u0111\u1ebfn email: <a href=\"mailto:reservations-LLC@lagunalangco.com\">reservations-LLC@lagunalangco.com<\/a><\/p><p style=\"text-align: justify;\">Ch\u00fang t\u00f4i s\u1ebd ph\u1ea3n h\u1ed3i trong th\u1eddi gian s\u1edbm nh\u1ea5t, kh\u00f4ng qu\u00e1 15 ng\u00e0y l\u00e0m vi\u1ec7c k\u1ec3 t\u1eeb khi nh\u1eadn \u0111\u01b0\u1ee3c y\u00eau c\u1ea7u h\u1ee3p l\u1ec7.<\/p>\t\t\t\t\t\t\t\t<\/div>\n\t\t\t\t<\/div>\n\t\t\t\t\t<\/div>\n\t\t\t\t<\/div>\n\t\t<div class=\"elementor-element elementor-element-557fb6a e-flex e-con-boxed e-con e-parent\" data-id=\"557fb6a\" data-element_type=\"container\" data-e-type=\"container\">\n\t\t\t\t\t<div class=\"e-con-inner\">\n\t\t\t\t<div class=\"elementor-element elementor-element-3ac9018 elementor-widget elementor-widget-heading\" data-id=\"3ac9018\" data-element_type=\"widget\" data-e-type=\"widget\" data-widget_type=\"heading.default\">\n\t\t\t\t<div class=\"elementor-widget-container\">\n\t\t\t\t\t<h3 class=\"elementor-heading-title elementor-size-default\">VII. TH\u00d4NG TIN LI\u00caN H\u1ec6<\/h3>\t\t\t\t<\/div>\n\t\t\t\t<\/div>\n\t\t\t\t<div class=\"elementor-element elementor-element-c3f26b5 elementor-widget elementor-widget-text-editor\" data-id=\"c3f26b5\" data-element_type=\"widget\" data-e-type=\"widget\" data-widget_type=\"text-editor.default\">\n\t\t\t\t<div class=\"elementor-widget-container\">\n\t\t\t\t\t\t\t\t\t<ul><li>T\u00ean c\u00f4ng ty: C\u00d4NG TY TNHH LAGUNA (VI\u1ec6T NAM)<\/li><li>GPKD s\u1ed1 3300483674 c\u1ea5p ng\u00e0y 06\/01\/2025 t\u1ea1i S\u1edf K\u1ebf ho\u1ea1ch v\u00e0 \u0110\u1ea7u t\u01b0 Th\u00e0nh ph\u1ed1 Hu\u1ebf<\/li><li>Email: reservations-LLC@lagunalangco.com<\/li><li>Hotline: +84 (0) 234 3695 800<\/li><li>\u0110\u1ecba ch\u1ec9: Th\u00f4n C\u00f9 D\u00f9, x\u00e3 Ch\u00e2n M\u00e2y \u2013 L\u0103ng C\u00f4, Th\u00e0nh ph\u1ed1 Hu\u1ebf, Vi\u1ec7t Nam<\/li><\/ul>\t\t\t\t\t\t\t\t<\/div>\n\t\t\t\t<\/div>\n\t\t\t\t\t<\/div>\n\t\t\t\t<\/div>\n\t\t<div class=\"elementor-element elementor-element-0f56fb8 e-flex e-con-boxed e-con e-parent\" data-id=\"0f56fb8\" data-element_type=\"container\" data-e-type=\"container\">\n\t\t\t\t\t<div class=\"e-con-inner\">\n\t\t\t\t<div class=\"elementor-element elementor-element-2254675 elementor-widget-divider--view-line elementor-widget elementor-widget-divider\" data-id=\"2254675\" data-element_type=\"widget\" data-e-type=\"widget\" data-widget_type=\"divider.default\">\n\t\t\t\t<div class=\"elementor-widget-container\">\n\t\t\t\t\t\t\t<div class=\"elementor-divider\">\n\t\t\t<span class=\"elementor-divider-separator\">\n\t\t\t\t\t\t<\/span>\n\t\t<\/div>\n\t\t\t\t\t\t<\/div>\n\t\t\t\t<\/div>\n\t\t\t\t\t<\/div>\n\t\t\t\t<\/div>\n\t\t\t\t<\/div>\n\t\t","protected":false},"excerpt":{"rendered":"<p>CH\u00cdNH S\u00c1CH B\u1ea2O M\u1eacT TH\u00d4NG TIN C\u00d4NG TY TNHH LAGUNA (VI\u1ec6T NAM) (\u201cCh\u00fang t\u00f4i\u201d) cam k\u1ebft b\u1ea3o v\u1ec7 quy\u1ec1n ri\u00eang t\u01b0 v\u00e0 b\u1ea3o m\u1eadt th\u00f4ng tin c\u00e1 nh\u00e2n c\u1ee7a kh\u00e1ch h\u00e0ng (\u201cQu\u00fd kh\u00e1ch\u201d). Ch\u00ednh s\u00e1ch n\u00e0y quy \u0111\u1ecbnh c\u00e1ch th\u1ee9c ch\u00fang t\u00f4i thu th\u1eadp, s\u1eed d\u1ee5ng, l\u01b0u tr\u1eef v\u00e0 b\u1ea3o v\u1ec7 th\u00f4ng tin c\u00e1 nh\u00e2n [&hellip;]<\/p>\n","protected":false},"author":4,"featured_media":0,"parent":0,"menu_order":0,"comment_status":"closed","ping_status":"closed","template":"","meta":{"_acf_changed":false,"site-sidebar-layout":"no-sidebar","site-content-layout":"page-builder","ast-site-content-layout":"full-width-container","site-content-style":"default","site-sidebar-style":"default","ast-global-header-display":"","ast-banner-title-visibility":"","ast-main-header-display":"","ast-hfb-above-header-display":"","ast-hfb-below-header-display":"","ast-hfb-mobile-header-display":"","site-post-title":"disabled","ast-breadcrumbs-content":"","ast-featured-img":"disabled","footer-sml-layout":"","ast-disable-related-posts":"","theme-transparent-header-meta":"default","adv-header-id-meta":"","stick-header-meta":"default","header-above-stick-meta":"","header-main-stick-meta":"","header-below-stick-meta":"","astra-migrate-meta-layouts":"set","ast-page-background-enabled":"default","ast-page-background-meta":{"desktop":{"background-color":"var(--ast-global-color-4)","background-image":"","background-repeat":"repeat","background-position":"center center","background-size":"auto","background-attachment":"scroll","background-type":"","background-media":"","overlay-type":"","overlay-color":"","overlay-opacity":"","overlay-gradient":""},"tablet":{"background-color":"","background-image":"","background-repeat":"repeat","background-position":"center center","background-size":"auto","background-attachment":"scroll","background-type":"","background-media":"","overlay-type":"","overlay-color":"","overlay-opacity":"","overlay-gradient":""},"mobile":{"background-color":"","background-image":"","background-repeat":"repeat","background-position":"center center","background-size":"auto","background-attachment":"scroll","background-type":"","background-media":"","overlay-type":"","overlay-color":"","overlay-opacity":"","overlay-gradient":""}},"ast-content-background-meta":{"desktop":{"background-color":"var(--ast-global-color-5)","background-image":"","background-repeat":"repeat","background-position":"center center","background-size":"auto","background-attachment":"scroll","background-type":"","background-media":"","overlay-type":"","overlay-color":"","overlay-opacity":"","overlay-gradient":""},"tablet":{"background-color":"var(--ast-global-color-5)","background-image":"","background-repeat":"repeat","background-position":"center center","background-size":"auto","background-attachment":"scroll","background-type":"","background-media":"","overlay-type":"","overlay-color":"","overlay-opacity":"","overlay-gradient":""},"mobile":{"background-color":"var(--ast-global-color-5)","background-image":"","background-repeat":"repeat","background-position":"center center","background-size":"auto","background-attachment":"scroll","background-type":"","background-media":"","overlay-type":"","overlay-color":"","overlay-opacity":"","overlay-gradient":""}},"footnotes":""},"class_list":["post-29816","page","type-page","status-publish","hentry"],"acf":[],"_links":{"self":[{"href":"https:\/\/www.lagunalangco.com\/vi\/wp-json\/wp\/v2\/pages\/29816","targetHints":{"allow":["GET"]}}],"collection":[{"href":"https:\/\/www.lagunalangco.com\/vi\/wp-json\/wp\/v2\/pages"}],"about":[{"href":"https:\/\/www.lagunalangco.com\/vi\/wp-json\/wp\/v2\/types\/page"}],"author":[{"embeddable":true,"href":"https:\/\/www.lagunalangco.com\/vi\/wp-json\/wp\/v2\/users\/4"}],"replies":[{"embeddable":true,"href":"https:\/\/www.lagunalangco.com\/vi\/wp-json\/wp\/v2\/comments?post=29816"}],"version-history":[{"count":0,"href":"https:\/\/www.lagunalangco.com\/vi\/wp-json\/wp\/v2\/pages\/29816\/revisions"}],"wp:attachment":[{"href":"https:\/\/www.lagunalangco.com\/vi\/wp-json\/wp\/v2\/media?parent=29816"}],"curies":[{"name":"wp","href":"https:\/\/api.w.org\/{rel}","templated":true}]}}