{"id":12716,"date":"2023-12-18T09:44:51","date_gmt":"2023-12-18T09:44:51","guid":{"rendered":"https:\/\/www.lagunalangco.com\/tour-transportation-service\/"},"modified":"2026-02-11T09:38:26","modified_gmt":"2026-02-11T09:38:26","slug":"dich-vu-tour-va-van-chuyen","status":"publish","type":"page","link":"https:\/\/www.lagunalangco.com\/vi\/trai-nghiem\/dich-vu-tour-va-van-chuyen\/","title":{"rendered":"D\u1ecbch v\u1ee5 tour v\u00e0 v\u1eadn chuy\u1ec3n"},"content":{"rendered":"\t\t<div data-elementor-type=\"wp-page\" data-elementor-id=\"12716\" class=\"elementor elementor-12716 elementor-7901\" data-elementor-post-type=\"page\">\n\t\t\t\t<div class=\"elementor-element elementor-element-25d4aa5 e-flex e-con-boxed e-con e-parent\" data-id=\"25d4aa5\" data-element_type=\"container\" data-e-type=\"container\" data-settings=\"{&quot;background_background&quot;:&quot;classic&quot;}\">\n\t\t\t\t\t<div class=\"e-con-inner\">\n\t\t\t\t<div class=\"elementor-element elementor-element-39e49a8 elementor-widget elementor-widget-heading\" data-id=\"39e49a8\" data-element_type=\"widget\" data-e-type=\"widget\" data-widget_type=\"heading.default\">\n\t\t\t\t<div class=\"elementor-widget-container\">\n\t\t\t\t\t<h1 class=\"elementor-heading-title elementor-size-default\">D\u1ecbch v\u1ee5 tour v\u00e0 v\u1eadn chuy\u1ec3n<\/h1>\t\t\t\t<\/div>\n\t\t\t\t<\/div>\n\t\t\t\t<div class=\"elementor-element elementor-element-0baef23 elementor-align-center elementor-widget elementor-widget-button\" data-id=\"0baef23\" data-element_type=\"widget\" data-e-type=\"widget\" data-widget_type=\"button.default\">\n\t\t\t\t<div class=\"elementor-widget-container\">\n\t\t\t\t\t\t\t\t\t<div class=\"elementor-button-wrapper\">\n\t\t\t\t\t<a class=\"elementor-button elementor-button-link elementor-size-sm\" href=\"https:\/\/www.lagunalangco.com\/wp-content\/uploads\/2025\/12\/2025.12.03-LagunaLangCo-Sustainable-Tourism-Guidelines-VN.pdf\" target=\"_blank\">\n\t\t\t\t\t\t<span class=\"elementor-button-content-wrapper\">\n\t\t\t\t\t\t\t\t\t<span class=\"elementor-button-text\">H\u01b0\u1edbng d\u1eabn Du l\u1ecbch B\u1ec1n v\u1eefng<\/span>\n\t\t\t\t\t<\/span>\n\t\t\t\t\t<\/a>\n\t\t\t\t<\/div>\n\t\t\t\t\t\t\t\t<\/div>\n\t\t\t\t<\/div>\n\t\t\t\t\t<\/div>\n\t\t\t\t<\/div>\n\t\t<div class=\"elementor-element elementor-element-1f4be38 e-flex e-con-boxed e-con e-parent\" data-id=\"1f4be38\" data-element_type=\"container\" data-e-type=\"container\">\n\t\t\t\t\t<div class=\"e-con-inner\">\n\t\t\t\t<div class=\"elementor-element elementor-element-2528d31 elementor-widget elementor-widget-text-editor\" data-id=\"2528d31\" data-element_type=\"widget\" data-e-type=\"widget\" data-widget_type=\"text-editor.default\">\n\t\t\t\t<div class=\"elementor-widget-container\">\n\t\t\t\t\t\t\t\t\t<p style=\"text-align: center;\">V\u1edbi \u0111\u1ed9i xe ch\u1ea5t l\u01b0\u1ee3ng cao, trang thi\u1ebft b\u1ecb ti\u1ec7n nghi, tho\u1ea3i m\u00e1i t\u1eeb 4 \u2013 15 ch\u1ed7 ng\u1ed3i, c\u00e1c lo\u1ea1i xe m\u00e1y leo n\u00fai v\u00e0 \u0111\u1ecba h\u00ecnh, c\u00f9ng s\u1ef1 h\u01b0\u1edbng d\u1eabn t\u1eadn t\u00ecnh c\u1ee7a ch\u00fang t\u00f4i, kh\u00e1ch h\u00e0ng c\u00f3 c\u01a1 h\u1ed9i tr\u1ea3i nghi\u1ec7m m\u1ed9t s\u1ed1 \u0111\u1ecba \u0111i\u1ec3m tham quan v\u00e0 thi\u00ean nhi\u00ean k\u1ef3 v\u0129 tuy\u1ec7t v\u1eddi c\u1ee7a mi\u1ec1n Trung Vi\u1ec7t Nam bao g\u1ed3m c\u00e1c ch\u01b0\u01a1ng tr\u00ecnh tham quan, kh\u00e1m ph\u00e1 di s\u1ea3n v\u0103n h\u00f3a th\u1ebf gi\u1edbi, danh lam th\u1eafng c\u1ea3nh trong s\u1ef1 tho\u1ea3i m\u00e1i v\u00e0 ti\u1ec7n nghi nh\u1ea5t.<\/p><p style=\"text-align: center;\">Ch\u00fang t\u00f4i mong \u0111\u1ee3i chia s\u1ebb v\u1edbi b\u1ea1n nh\u1eefng khung c\u1ea3nh \u0111\u1eb9p nh\u1ea5t c\u1ee7a Mi\u1ec1n Trung Vi\u1ec7t Nam.<\/p>\t\t\t\t\t\t\t\t<\/div>\n\t\t\t\t<\/div>\n\t\t\t\t\t<\/div>\n\t\t\t\t<\/div>\n\t\t<div class=\"elementor-element elementor-element-21b57d0 e-grid e-con-boxed e-con e-parent\" data-id=\"21b57d0\" data-element_type=\"container\" data-e-type=\"container\">\n\t\t\t\t\t<div class=\"e-con-inner\">\n\t\t\t\t<div class=\"elementor-element elementor-element-0c7a9a0 elementor-align-justify elementor-widget__width-auto elementor-widget elementor-widget-button\" data-id=\"0c7a9a0\" data-element_type=\"widget\" data-e-type=\"widget\" data-widget_type=\"button.default\">\n\t\t\t\t<div class=\"elementor-widget-container\">\n\t\t\t\t\t\t\t\t\t<div class=\"elementor-button-wrapper\">\n\t\t\t\t\t<a class=\"elementor-button elementor-button-link elementor-size-sm\" href=\"https:\/\/www.lagunalangco.com\/wp-content\/uploads\/2026\/02\/Transport-VND.pdf\" target=\"_blank\">\n\t\t\t\t\t\t<span class=\"elementor-button-content-wrapper\">\n\t\t\t\t\t\t\t\t\t<span class=\"elementor-button-text\">B\u1ea3ng gi\u00e1 v\u1eadn chuy\u1ec3n<\/span>\n\t\t\t\t\t<\/span>\n\t\t\t\t\t<\/a>\n\t\t\t\t<\/div>\n\t\t\t\t\t\t\t\t<\/div>\n\t\t\t\t<\/div>\n\t\t\t\t<div class=\"elementor-element elementor-element-e43af58 elementor-align-justify elementor-widget__width-auto elementor-widget elementor-widget-button\" data-id=\"e43af58\" data-element_type=\"widget\" data-e-type=\"widget\" data-widget_type=\"button.default\">\n\t\t\t\t<div class=\"elementor-widget-container\">\n\t\t\t\t\t\t\t\t\t<div class=\"elementor-button-wrapper\">\n\t\t\t\t\t<a class=\"elementor-button elementor-button-link elementor-size-sm\" href=\"https:\/\/www.lagunalangco.com\/wp-content\/uploads\/2026\/02\/Tour-VND.pdf\" target=\"_blank\">\n\t\t\t\t\t\t<span class=\"elementor-button-content-wrapper\">\n\t\t\t\t\t\t\t\t\t<span class=\"elementor-button-text\">B\u1ea3ng gi\u00e1 Tour<\/span>\n\t\t\t\t\t<\/span>\n\t\t\t\t\t<\/a>\n\t\t\t\t<\/div>\n\t\t\t\t\t\t\t\t<\/div>\n\t\t\t\t<\/div>\n\t\t\t\t<div class=\"elementor-element elementor-element-e1798f6 elementor-align-justify elementor-widget__width-auto elementor-widget elementor-widget-button\" data-id=\"e1798f6\" data-element_type=\"widget\" data-e-type=\"widget\" data-widget_type=\"button.default\">\n\t\t\t\t<div class=\"elementor-widget-container\">\n\t\t\t\t\t\t\t\t\t<div class=\"elementor-button-wrapper\">\n\t\t\t\t\t<a class=\"elementor-button elementor-button-link elementor-size-sm\" href=\"https:\/\/www.lagunalangco.com\/wp-content\/uploads\/2025\/11\/LLC-Tour-Programmers-Booklet-2025.pdf\" target=\"_blank\">\n\t\t\t\t\t\t<span class=\"elementor-button-content-wrapper\">\n\t\t\t\t\t\t\t\t\t<span class=\"elementor-button-text\">C\u1ea9m nang du l\u1ecbch<\/span>\n\t\t\t\t\t<\/span>\n\t\t\t\t\t<\/a>\n\t\t\t\t<\/div>\n\t\t\t\t\t\t\t\t<\/div>\n\t\t\t\t<\/div>\n\t\t\t\t\t<\/div>\n\t\t\t\t<\/div>\n\t\t<div class=\"elementor-element elementor-element-a6191fe e-flex e-con-boxed e-con e-parent\" data-id=\"a6191fe\" data-element_type=\"container\" data-e-type=\"container\">\n\t\t\t\t\t<div class=\"e-con-inner\">\n\t\t<div class=\"elementor-element elementor-element-c4005d2 e-con-full e-flex e-con e-child\" data-id=\"c4005d2\" data-element_type=\"container\" data-e-type=\"container\">\n\t\t\t\t<div class=\"elementor-element elementor-element-15a2a6e elementor-widget elementor-widget-heading\" data-id=\"15a2a6e\" data-element_type=\"widget\" data-e-type=\"widget\" data-widget_type=\"heading.default\">\n\t\t\t\t<div class=\"elementor-widget-container\">\n\t\t\t\t\t<h3 class=\"elementor-heading-title elementor-size-default\">D\u1ecbch v\u1ee5 \u0111\u01b0a \u0111\u00f3n:<\/h3>\t\t\t\t<\/div>\n\t\t\t\t<\/div>\n\t\t\t\t<div class=\"elementor-element elementor-element-b0b886c elementor-widget elementor-widget-text-editor\" data-id=\"b0b886c\" data-element_type=\"widget\" data-e-type=\"widget\" data-widget_type=\"text-editor.default\">\n\t\t\t\t<div class=\"elementor-widget-container\">\n\t\t\t\t\t\t\t\t\t<ul><li>Xe \u0111\u01b0a \u0111\u00f3n, trung chuy\u1ec3n gi\u1eefa s\u00e2n bay \u0110\u00e0 N\u1eb5ng v\u00e0 Hu\u1ebf<\/li><li>D\u1ecbch v\u1ee5 \u0111\u01b0a \u0111\u00f3n chung c\u0169ng s\u1ebd \u0111\u01b0\u1ee3c s\u1eafp x\u1ebfp cho kh\u00e1ch theo y\u00eau c\u1ea7u<\/li><li>D\u1ecbch v\u1ee5 \u0111\u01b0a \u0111\u00f3n c\u00e1 nh\u00e2n ho\u1eb7c chia s\u1ebb<\/li><\/ul>\t\t\t\t\t\t\t\t<\/div>\n\t\t\t\t<\/div>\n\t\t\t\t<\/div>\n\t\t<div class=\"elementor-element elementor-element-67de018 e-con-full e-flex e-con e-child\" data-id=\"67de018\" data-element_type=\"container\" data-e-type=\"container\">\n\t\t\t\t<div class=\"elementor-element elementor-element-7592714 elementor-widget elementor-widget-heading\" data-id=\"7592714\" data-element_type=\"widget\" data-e-type=\"widget\" data-widget_type=\"heading.default\">\n\t\t\t\t<div class=\"elementor-widget-container\">\n\t\t\t\t\t<h3 class=\"elementor-heading-title elementor-size-default\">Ph\u01b0\u01a1ng ti\u1ec7n bao g\u1ed3m:<\/h3>\t\t\t\t<\/div>\n\t\t\t\t<\/div>\n\t\t\t\t<div class=\"elementor-element elementor-element-cc3da7b elementor-widget elementor-widget-text-editor\" data-id=\"cc3da7b\" data-element_type=\"widget\" data-e-type=\"widget\" data-widget_type=\"text-editor.default\">\n\t\t\t\t<div class=\"elementor-widget-container\">\n\t\t\t\t\t\t\t\t\t<ul><li>SUV (7 ch\u1ed5)<\/li><li>Van (16 ch\u1ed5)<\/li><li>Xe bus<\/li><\/ul>\t\t\t\t\t\t\t\t<\/div>\n\t\t\t\t<\/div>\n\t\t\t\t<\/div>\n\t\t\t\t\t<\/div>\n\t\t\t\t<\/div>\n\t\t<div class=\"elementor-element elementor-element-4ceb197 e-flex e-con-boxed e-con e-parent\" data-id=\"4ceb197\" data-element_type=\"container\" data-e-type=\"container\">\n\t\t\t\t\t<div class=\"e-con-inner\">\n\t\t\t\t<div class=\"elementor-element elementor-element-dd55262 elementor-widget elementor-widget-heading\" data-id=\"dd55262\" data-element_type=\"widget\" data-e-type=\"widget\" data-widget_type=\"heading.default\">\n\t\t\t\t<div class=\"elementor-widget-container\">\n\t\t\t\t\t<h2 class=\"elementor-heading-title elementor-size-default\">KH\u00c1M PH\u00c1 MI\u1ec0N TRUNG VI\u1ec6T NAM<\/h2>\t\t\t\t<\/div>\n\t\t\t\t<\/div>\n\t\t\t\t<div class=\"elementor-element elementor-element-7da2c2a elementor-skin-slideshow elementor-arrows-yes elementor-widget elementor-widget-media-carousel\" data-id=\"7da2c2a\" data-element_type=\"widget\" data-e-type=\"widget\" data-settings=\"{&quot;skin&quot;:&quot;slideshow&quot;,&quot;effect&quot;:&quot;slide&quot;,&quot;show_arrows&quot;:&quot;yes&quot;,&quot;speed&quot;:500,&quot;autoplay&quot;:&quot;yes&quot;,&quot;autoplay_speed&quot;:5000,&quot;loop&quot;:&quot;yes&quot;,&quot;pause_on_hover&quot;:&quot;yes&quot;,&quot;pause_on_interaction&quot;:&quot;yes&quot;,&quot;space_between&quot;:{&quot;unit&quot;:&quot;px&quot;,&quot;size&quot;:10,&quot;sizes&quot;:[]},&quot;space_between_tablet&quot;:{&quot;unit&quot;:&quot;px&quot;,&quot;size&quot;:10,&quot;sizes&quot;:[]},&quot;space_between_mobile&quot;:{&quot;unit&quot;:&quot;px&quot;,&quot;size&quot;:10,&quot;sizes&quot;:[]}}\" data-widget_type=\"media-carousel.default\">\n\t\t\t\t<div class=\"elementor-widget-container\">\n\t\t\t\t\t\t\t\t\t<div class=\"elementor-swiper\">\n\t\t\t\t\t<div class=\"elementor-main-swiper swiper\" role=\"region\" aria-roledescription=\"carousel\" aria-label=\"Slides\">\n\t\t\t\t<div class=\"swiper-wrapper\">\n\t\t\t\t\t\t\t\t\t\t\t<div class=\"swiper-slide\" role=\"group\" aria-roledescription=\"slide\">\n\t\t\t\t\t\t\t\t\t<div class=\"elementor-carousel-image\" role=\"img\" aria-label=\"discover_central_vietnam_laguna (1)\" style=\"background-image: url(&#039;https:\/\/www.lagunalangco.com\/wp-content\/uploads\/2026\/02\/discover_central_vietnam_laguna-1.jpg&#039;)\">\n\n\t\t\t\n\t\t\t\t\t<\/div>\n\t\t\t\t\t\t\t\t<\/div>\n\t\t\t\t\t\t\t\t\t\t\t<div class=\"swiper-slide\" role=\"group\" aria-roledescription=\"slide\">\n\t\t\t\t\t\t\t\t\t<div class=\"elementor-carousel-image\" role=\"img\" aria-label=\"discover_central_vietnam_laguna (2)\" style=\"background-image: url(&#039;https:\/\/www.lagunalangco.com\/wp-content\/uploads\/2026\/02\/discover_central_vietnam_laguna-2.jpg&#039;)\">\n\n\t\t\t\n\t\t\t\t\t<\/div>\n\t\t\t\t\t\t\t\t<\/div>\n\t\t\t\t\t\t\t\t\t\t\t<div class=\"swiper-slide\" role=\"group\" aria-roledescription=\"slide\">\n\t\t\t\t\t\t\t\t\t<div class=\"elementor-carousel-image\" role=\"img\" aria-label=\"discover_central_vietnam_laguna (4)\" style=\"background-image: url(&#039;https:\/\/www.lagunalangco.com\/wp-content\/uploads\/2026\/02\/discover_central_vietnam_laguna-4.jpg&#039;)\">\n\n\t\t\t\n\t\t\t\t\t<\/div>\n\t\t\t\t\t\t\t\t<\/div>\n\t\t\t\t\t\t\t\t\t\t\t<div class=\"swiper-slide\" role=\"group\" aria-roledescription=\"slide\">\n\t\t\t\t\t\t\t\t\t<div class=\"elementor-carousel-image\" role=\"img\" aria-label=\"discover_central_vietnam_laguna (5)\" style=\"background-image: url(&#039;https:\/\/www.lagunalangco.com\/wp-content\/uploads\/2026\/02\/discover_central_vietnam_laguna-5.jpg&#039;)\">\n\n\t\t\t\n\t\t\t\t\t<\/div>\n\t\t\t\t\t\t\t\t<\/div>\n\t\t\t\t\t\t\t\t\t\t\t<div class=\"swiper-slide\" role=\"group\" aria-roledescription=\"slide\">\n\t\t\t\t\t\t\t\t\t<div class=\"elementor-carousel-image\" role=\"img\" aria-label=\"discover_central_vietnam_laguna (6)\" style=\"background-image: url(&#039;https:\/\/www.lagunalangco.com\/wp-content\/uploads\/2026\/02\/discover_central_vietnam_laguna-6.jpg&#039;)\">\n\n\t\t\t\n\t\t\t\t\t<\/div>\n\t\t\t\t\t\t\t\t<\/div>\n\t\t\t\t\t\t\t\t\t\t\t<div class=\"swiper-slide\" role=\"group\" aria-roledescription=\"slide\">\n\t\t\t\t\t\t\t\t\t<div class=\"elementor-carousel-image\" role=\"img\" aria-label=\"discover_central_vietnam_laguna (7)\" style=\"background-image: url(&#039;https:\/\/www.lagunalangco.com\/wp-content\/uploads\/2026\/02\/discover_central_vietnam_laguna-7.jpg&#039;)\">\n\n\t\t\t\n\t\t\t\t\t<\/div>\n\t\t\t\t\t\t\t\t<\/div>\n\t\t\t\t\t\t\t\t\t\t\t<div class=\"swiper-slide\" role=\"group\" aria-roledescription=\"slide\">\n\t\t\t\t\t\t\t\t\t<div class=\"elementor-carousel-image\" role=\"img\" aria-label=\"discover_central_vietnam_laguna (8)\" style=\"background-image: url(&#039;https:\/\/www.lagunalangco.com\/wp-content\/uploads\/2026\/02\/discover_central_vietnam_laguna-8.jpg&#039;)\">\n\n\t\t\t\n\t\t\t\t\t<\/div>\n\t\t\t\t\t\t\t\t<\/div>\n\t\t\t\t\t\t\t\t\t\t\t<div class=\"swiper-slide\" role=\"group\" aria-roledescription=\"slide\">\n\t\t\t\t\t\t\t\t\t<div class=\"elementor-carousel-image\" role=\"img\" aria-label=\"discover_central_vietnam_laguna (9)\" style=\"background-image: url(&#039;https:\/\/www.lagunalangco.com\/wp-content\/uploads\/2026\/02\/discover_central_vietnam_laguna-9.jpg&#039;)\">\n\n\t\t\t\n\t\t\t\t\t<\/div>\n\t\t\t\t\t\t\t\t<\/div>\n\t\t\t\t\t\t\t\t\t<\/div>\n\t\t\t\t\t\t\t\t\t\t\t\t\t\t\t<div class=\"elementor-swiper-button elementor-swiper-button-prev\" role=\"button\" tabindex=\"0\" aria-label=\"Previous\">\n\t\t\t\t\t\t\t<i aria-hidden=\"true\" class=\"eicon-chevron-left\"><\/i>\t\t\t\t\t\t<\/div>\n\t\t\t\t\t\t<div class=\"elementor-swiper-button elementor-swiper-button-next\" role=\"button\" tabindex=\"0\" aria-label=\"Next\">\n\t\t\t\t\t\t\t<i aria-hidden=\"true\" class=\"eicon-chevron-right\"><\/i>\t\t\t\t\t\t<\/div>\n\t\t\t\t\t\t\t\t\t\t\t\t\t\t\t\t\t<\/div>\n\t\t\t\t<\/div>\n\t\t\t\t\t\t\t\t<div class=\"elementor-swiper\">\n\t\t\t\t\t<div class=\"elementor-main-swiper swiper elementor-thumbnails-swiper swiper\" role=\"region region\" aria-roledescription=\"carousel carousel\" aria-label=\"Slides Slides\">\n\t\t\t\t<div class=\"swiper-wrapper\">\n\t\t\t\t\t\t\t\t\t\t\t<div class=\"swiper-slide\" role=\"group\" aria-roledescription=\"slide\">\n\t\t\t\t\t\t\t\t\t<div class=\"elementor-carousel-image\" role=\"img\" aria-label=\"discover_central_vietnam_laguna (1)\" style=\"background-image: url(&#039;https:\/\/www.lagunalangco.com\/wp-content\/uploads\/2026\/02\/discover_central_vietnam_laguna-1.jpg&#039;)\">\n\n\t\t\t\n\t\t\t\t\t<\/div>\n\t\t\t\t\t\t\t\t<\/div>\n\t\t\t\t\t\t\t\t\t\t\t<div class=\"swiper-slide\" role=\"group\" aria-roledescription=\"slide\">\n\t\t\t\t\t\t\t\t\t<div class=\"elementor-carousel-image\" role=\"img\" aria-label=\"discover_central_vietnam_laguna (2)\" style=\"background-image: url(&#039;https:\/\/www.lagunalangco.com\/wp-content\/uploads\/2026\/02\/discover_central_vietnam_laguna-2.jpg&#039;)\">\n\n\t\t\t\n\t\t\t\t\t<\/div>\n\t\t\t\t\t\t\t\t<\/div>\n\t\t\t\t\t\t\t\t\t\t\t<div class=\"swiper-slide\" role=\"group\" aria-roledescription=\"slide\">\n\t\t\t\t\t\t\t\t\t<div class=\"elementor-carousel-image\" role=\"img\" aria-label=\"discover_central_vietnam_laguna (4)\" style=\"background-image: url(&#039;https:\/\/www.lagunalangco.com\/wp-content\/uploads\/2026\/02\/discover_central_vietnam_laguna-4.jpg&#039;)\">\n\n\t\t\t\n\t\t\t\t\t<\/div>\n\t\t\t\t\t\t\t\t<\/div>\n\t\t\t\t\t\t\t\t\t\t\t<div class=\"swiper-slide\" role=\"group\" aria-roledescription=\"slide\">\n\t\t\t\t\t\t\t\t\t<div class=\"elementor-carousel-image\" role=\"img\" aria-label=\"discover_central_vietnam_laguna (5)\" style=\"background-image: url(&#039;https:\/\/www.lagunalangco.com\/wp-content\/uploads\/2026\/02\/discover_central_vietnam_laguna-5.jpg&#039;)\">\n\n\t\t\t\n\t\t\t\t\t<\/div>\n\t\t\t\t\t\t\t\t<\/div>\n\t\t\t\t\t\t\t\t\t\t\t<div class=\"swiper-slide\" role=\"group\" aria-roledescription=\"slide\">\n\t\t\t\t\t\t\t\t\t<div class=\"elementor-carousel-image\" role=\"img\" aria-label=\"discover_central_vietnam_laguna (6)\" style=\"background-image: url(&#039;https:\/\/www.lagunalangco.com\/wp-content\/uploads\/2026\/02\/discover_central_vietnam_laguna-6.jpg&#039;)\">\n\n\t\t\t\n\t\t\t\t\t<\/div>\n\t\t\t\t\t\t\t\t<\/div>\n\t\t\t\t\t\t\t\t\t\t\t<div class=\"swiper-slide\" role=\"group\" aria-roledescription=\"slide\">\n\t\t\t\t\t\t\t\t\t<div class=\"elementor-carousel-image\" role=\"img\" aria-label=\"discover_central_vietnam_laguna (7)\" style=\"background-image: url(&#039;https:\/\/www.lagunalangco.com\/wp-content\/uploads\/2026\/02\/discover_central_vietnam_laguna-7.jpg&#039;)\">\n\n\t\t\t\n\t\t\t\t\t<\/div>\n\t\t\t\t\t\t\t\t<\/div>\n\t\t\t\t\t\t\t\t\t\t\t<div class=\"swiper-slide\" role=\"group\" aria-roledescription=\"slide\">\n\t\t\t\t\t\t\t\t\t<div class=\"elementor-carousel-image\" role=\"img\" aria-label=\"discover_central_vietnam_laguna (8)\" style=\"background-image: url(&#039;https:\/\/www.lagunalangco.com\/wp-content\/uploads\/2026\/02\/discover_central_vietnam_laguna-8.jpg&#039;)\">\n\n\t\t\t\n\t\t\t\t\t<\/div>\n\t\t\t\t\t\t\t\t<\/div>\n\t\t\t\t\t\t\t\t\t\t\t<div class=\"swiper-slide\" role=\"group\" aria-roledescription=\"slide\">\n\t\t\t\t\t\t\t\t\t<div class=\"elementor-carousel-image\" role=\"img\" aria-label=\"discover_central_vietnam_laguna (9)\" style=\"background-image: url(&#039;https:\/\/www.lagunalangco.com\/wp-content\/uploads\/2026\/02\/discover_central_vietnam_laguna-9.jpg&#039;)\">\n\n\t\t\t\n\t\t\t\t\t<\/div>\n\t\t\t\t\t\t\t\t<\/div>\n\t\t\t\t\t\t\t\t\t<\/div>\n\t\t\t\t\t\t\t\t\t\t\t\t\t\t\t\t\t\t\t\t\t<\/div>\n\t\t\t\t<\/div>\n\t\t\t\t\t\t\t\t<\/div>\n\t\t\t\t<\/div>\n\t\t\t\t\t<\/div>\n\t\t\t\t<\/div>\n\t\t\t\t<\/div>\n\t\t","protected":false},"excerpt":{"rendered":"<p>D\u1ecbch v\u1ee5 tour v\u00e0 v\u1eadn chuy\u1ec3n H\u01b0\u1edbng d\u1eabn Du l\u1ecbch B\u1ec1n v\u1eefng V\u1edbi \u0111\u1ed9i xe ch\u1ea5t l\u01b0\u1ee3ng cao, trang thi\u1ebft b\u1ecb ti\u1ec7n nghi, tho\u1ea3i m\u00e1i t\u1eeb 4 \u2013 15 ch\u1ed7 ng\u1ed3i, c\u00e1c lo\u1ea1i xe m\u00e1y leo n\u00fai v\u00e0 \u0111\u1ecba h\u00ecnh, c\u00f9ng s\u1ef1 h\u01b0\u1edbng d\u1eabn t\u1eadn t\u00ecnh c\u1ee7a ch\u00fang t\u00f4i, kh\u00e1ch h\u00e0ng c\u00f3 c\u01a1 h\u1ed9i tr\u1ea3i [&hellip;]<\/p>\n","protected":false},"author":3,"featured_media":0,"parent":12299,"menu_order":0,"comment_status":"closed","ping_status":"closed","template":"","meta":{"_acf_changed":false,"site-sidebar-layout":"no-sidebar","site-content-layout":"page-builder","ast-site-content-layout":"full-width-container","site-content-style":"unboxed","site-sidebar-style":"unboxed","ast-global-header-display":"","ast-banner-title-visibility":"","ast-main-header-display":"","ast-hfb-above-header-display":"","ast-hfb-below-header-display":"","ast-hfb-mobile-header-display":"","site-post-title":"disabled","ast-breadcrumbs-content":"","ast-featured-img":"disabled","footer-sml-layout":"","ast-disable-related-posts":"","theme-transparent-header-meta":"default","adv-header-id-meta":"","stick-header-meta":"default","header-above-stick-meta":"","header-main-stick-meta":"","header-below-stick-meta":"","astra-migrate-meta-layouts":"set","ast-page-background-enabled":"default","ast-page-background-meta":{"desktop":{"background-color":"var(--ast-global-color-4)","background-image":"","background-repeat":"repeat","background-position":"center center","background-size":"auto","background-attachment":"scroll","background-type":"","background-media":"","overlay-type":"","overlay-color":"","overlay-opacity":"","overlay-gradient":""},"tablet":{"background-color":"","background-image":"","background-repeat":"repeat","background-position":"center center","background-size":"auto","background-attachment":"scroll","background-type":"","background-media":"","overlay-type":"","overlay-color":"","overlay-opacity":"","overlay-gradient":""},"mobile":{"background-color":"","background-image":"","background-repeat":"repeat","background-position":"center center","background-size":"auto","background-attachment":"scroll","background-type":"","background-media":"","overlay-type":"","overlay-color":"","overlay-opacity":"","overlay-gradient":""}},"ast-content-background-meta":{"desktop":{"background-color":"var(--ast-global-color-5)","background-image":"","background-repeat":"repeat","background-position":"center center","background-size":"auto","background-attachment":"scroll","background-type":"","background-media":"","overlay-type":"","overlay-color":"","overlay-opacity":"","overlay-gradient":""},"tablet":{"background-color":"var(--ast-global-color-5)","background-image":"","background-repeat":"repeat","background-position":"center center","background-size":"auto","background-attachment":"scroll","background-type":"","background-media":"","overlay-type":"","overlay-color":"","overlay-opacity":"","overlay-gradient":""},"mobile":{"background-color":"var(--ast-global-color-5)","background-image":"","background-repeat":"repeat","background-position":"center center","background-size":"auto","background-attachment":"scroll","background-type":"","background-media":"","overlay-type":"","overlay-color":"","overlay-opacity":"","overlay-gradient":""}},"footnotes":""},"class_list":["post-12716","page","type-page","status-publish","hentry"],"acf":[],"_links":{"self":[{"href":"https:\/\/www.lagunalangco.com\/vi\/wp-json\/wp\/v2\/pages\/12716","targetHints":{"allow":["GET"]}}],"collection":[{"href":"https:\/\/www.lagunalangco.com\/vi\/wp-json\/wp\/v2\/pages"}],"about":[{"href":"https:\/\/www.lagunalangco.com\/vi\/wp-json\/wp\/v2\/types\/page"}],"author":[{"embeddable":true,"href":"https:\/\/www.lagunalangco.com\/vi\/wp-json\/wp\/v2\/users\/3"}],"replies":[{"embeddable":true,"href":"https:\/\/www.lagunalangco.com\/vi\/wp-json\/wp\/v2\/comments?post=12716"}],"version-history":[{"count":3,"href":"https:\/\/www.lagunalangco.com\/vi\/wp-json\/wp\/v2\/pages\/12716\/revisions"}],"predecessor-version":[{"id":37981,"href":"https:\/\/www.lagunalangco.com\/vi\/wp-json\/wp\/v2\/pages\/12716\/revisions\/37981"}],"up":[{"embeddable":true,"href":"https:\/\/www.lagunalangco.com\/vi\/wp-json\/wp\/v2\/pages\/12299"}],"wp:attachment":[{"href":"https:\/\/www.lagunalangco.com\/vi\/wp-json\/wp\/v2\/media?parent=12716"}],"curies":[{"name":"wp","href":"https:\/\/api.w.org\/{rel}","templated":true}]}}