{"id":12633,"date":"2023-12-13T10:06:56","date_gmt":"2023-12-13T10:06:56","guid":{"rendered":"https:\/\/www.lagunalangco.com\/trai-nghiem\/kids-club\/"},"modified":"2025-09-19T10:23:25","modified_gmt":"2025-09-19T10:23:25","slug":"cau-lac-bo-tre-em-ranger-club","status":"publish","type":"page","link":"https:\/\/www.lagunalangco.com\/vi\/trai-nghiem\/cau-lac-bo-tre-em-ranger-club\/","title":{"rendered":"C\u00e2u l\u1ea1c b\u1ed9 tr\u1ebb em Ranger Club"},"content":{"rendered":"\t\t<div data-elementor-type=\"wp-page\" data-elementor-id=\"12633\" class=\"elementor elementor-12633 elementor-6919\" data-elementor-post-type=\"page\">\n\t\t\t\t<div class=\"elementor-element elementor-element-7d5b622 e-flex e-con-boxed e-con e-parent\" data-id=\"7d5b622\" data-element_type=\"container\" data-e-type=\"container\" data-settings=\"{&quot;background_background&quot;:&quot;classic&quot;}\">\n\t\t\t\t\t<div class=\"e-con-inner\">\n\t\t\t\t<div class=\"elementor-element elementor-element-05f5d04 elementor-widget elementor-widget-heading\" data-id=\"05f5d04\" data-element_type=\"widget\" data-e-type=\"widget\" data-widget_type=\"heading.default\">\n\t\t\t\t<div class=\"elementor-widget-container\">\n\t\t\t\t\t<h1 class=\"elementor-heading-title elementor-size-default\">Ranger Club<\/h1>\t\t\t\t<\/div>\n\t\t\t\t<\/div>\n\t\t\t\t\t<\/div>\n\t\t\t\t<\/div>\n\t\t<div class=\"elementor-element elementor-element-48a49ef e-flex e-con-boxed e-con e-parent\" data-id=\"48a49ef\" data-element_type=\"container\" data-e-type=\"container\">\n\t\t\t\t\t<div class=\"e-con-inner\">\n\t\t\t\t<div class=\"elementor-element elementor-element-87714a7 elementor-widget elementor-widget-text-editor\" data-id=\"87714a7\" data-element_type=\"widget\" data-e-type=\"widget\" data-widget_type=\"text-editor.default\">\n\t\t\t\t<div class=\"elementor-widget-container\">\n\t\t\t\t\t\t\t\t\t<p>\u0110\u1ec3 c\u00f3 m\u1ed9t k\u1ef3 ngh\u1ec9 vui v\u1ebb v\u00e0 kh\u00f3 qu\u00ean, Laguna L\u0103ng C\u00f4 mang \u0111\u1ebfn cho nh\u1eefng b\u1ea1n nh\u1ecf kh\u00f4ng gian vui ch\u01a1i th\u00fa v\u1ecb. C\u00e1c em c\u00f3 th\u1ec3 ch\u1ecdn tham gia ho\u1ea1t \u0111\u1ed9ng nh\u00e0o n\u1eb7n \u0111\u1ea5t s\u00e9t, g\u1ea5p gi\u1ea5y origami, v\u1ebd m\u1eb7t, l\u00e0m \u0111\u00e8n l\u1ed3ng v\u00e0 c\u00e1c ho\u1ea1t \u0111\u1ed9ng kh\u00e1c.<\/p>\t\t\t\t\t\t\t\t<\/div>\n\t\t\t\t<\/div>\n\t\t\t\t\t<\/div>\n\t\t\t\t<\/div>\n\t\t<div class=\"elementor-element elementor-element-dfcfe8c e-flex e-con-boxed e-con e-parent\" data-id=\"dfcfe8c\" data-element_type=\"container\" data-e-type=\"container\">\n\t\t\t\t\t<div class=\"e-con-inner\">\n\t\t\t\t<div class=\"elementor-element elementor-element-72a5d5f elementor-skin-carousel elementor-arrows-yes elementor-pagination-type-bullets elementor-pagination-position-outside elementor-widget elementor-widget-media-carousel\" data-id=\"72a5d5f\" data-element_type=\"widget\" data-e-type=\"widget\" data-settings=\"{&quot;slides_per_view&quot;:&quot;1&quot;,&quot;space_between_mobile&quot;:{&quot;unit&quot;:&quot;px&quot;,&quot;size&quot;:6,&quot;sizes&quot;:[]},&quot;skin&quot;:&quot;carousel&quot;,&quot;effect&quot;:&quot;slide&quot;,&quot;show_arrows&quot;:&quot;yes&quot;,&quot;pagination&quot;:&quot;bullets&quot;,&quot;speed&quot;:500,&quot;loop&quot;:&quot;yes&quot;,&quot;space_between&quot;:{&quot;unit&quot;:&quot;px&quot;,&quot;size&quot;:10,&quot;sizes&quot;:[]},&quot;space_between_tablet&quot;:{&quot;unit&quot;:&quot;px&quot;,&quot;size&quot;:10,&quot;sizes&quot;:[]}}\" data-widget_type=\"media-carousel.default\">\n\t\t\t\t<div class=\"elementor-widget-container\">\n\t\t\t\t\t\t\t\t\t<div class=\"elementor-swiper\">\n\t\t\t\t\t<div class=\"elementor-main-swiper swiper\" role=\"region\" aria-roledescription=\"carousel\" aria-label=\"Slides\">\n\t\t\t\t<div class=\"swiper-wrapper\">\n\t\t\t\t\t\t\t\t\t\t\t<div class=\"swiper-slide\" role=\"group\" aria-roledescription=\"slide\">\n\t\t\t\t\t\t\t\t\t<div class=\"elementor-carousel-image\" role=\"img\" aria-label=\"Terra Kid Club (2)\" style=\"background-image: url(&#039;https:\/\/www.lagunalangco.com\/wp-content\/uploads\/2025\/09\/Terra-Kid-Club-2-1-scaled.jpg&#039;)\">\n\n\t\t\t\n\t\t\t\t\t<\/div>\n\t\t\t\t\t\t\t\t<\/div>\n\t\t\t\t\t\t\t\t\t\t\t<div class=\"swiper-slide\" role=\"group\" aria-roledescription=\"slide\">\n\t\t\t\t\t\t\t\t\t<div class=\"elementor-carousel-image\" role=\"img\" aria-label=\"Terra Kid Club (3) (1)\" style=\"background-image: url(&#039;https:\/\/www.lagunalangco.com\/wp-content\/uploads\/2025\/09\/Terra-Kid-Club-3-1-1-scaled.jpg&#039;)\">\n\n\t\t\t\n\t\t\t\t\t<\/div>\n\t\t\t\t\t\t\t\t<\/div>\n\t\t\t\t\t\t\t\t\t\t\t<div class=\"swiper-slide\" role=\"group\" aria-roledescription=\"slide\">\n\t\t\t\t\t\t\t\t\t<div class=\"elementor-carousel-image\" role=\"img\" aria-label=\"Terra Kid Club (4)\" style=\"background-image: url(&#039;https:\/\/www.lagunalangco.com\/wp-content\/uploads\/2025\/09\/Terra-Kid-Club-4-1-scaled.jpg&#039;)\">\n\n\t\t\t\n\t\t\t\t\t<\/div>\n\t\t\t\t\t\t\t\t<\/div>\n\t\t\t\t\t\t\t\t\t\t\t<div class=\"swiper-slide\" role=\"group\" aria-roledescription=\"slide\">\n\t\t\t\t\t\t\t\t\t<div class=\"elementor-carousel-image\" role=\"img\" aria-label=\"Terra Kid Club (5)\" style=\"background-image: url(&#039;https:\/\/www.lagunalangco.com\/wp-content\/uploads\/2025\/09\/Terra-Kid-Club-5-1-scaled.jpg&#039;)\">\n\n\t\t\t\n\t\t\t\t\t<\/div>\n\t\t\t\t\t\t\t\t<\/div>\n\t\t\t\t\t\t\t\t\t\t\t<div class=\"swiper-slide\" role=\"group\" aria-roledescription=\"slide\">\n\t\t\t\t\t\t\t\t\t<div class=\"elementor-carousel-image\" role=\"img\" aria-label=\"Terra Kid Club (6)\" style=\"background-image: url(&#039;https:\/\/www.lagunalangco.com\/wp-content\/uploads\/2025\/09\/Terra-Kid-Club-6-1-scaled.jpg&#039;)\">\n\n\t\t\t\n\t\t\t\t\t<\/div>\n\t\t\t\t\t\t\t\t<\/div>\n\t\t\t\t\t\t\t\t\t\t\t<div class=\"swiper-slide\" role=\"group\" aria-roledescription=\"slide\">\n\t\t\t\t\t\t\t\t\t<div class=\"elementor-carousel-image\" role=\"img\" aria-label=\"Terra Kid Club (7)\" style=\"background-image: url(&#039;https:\/\/www.lagunalangco.com\/wp-content\/uploads\/2025\/09\/Terra-Kid-Club-7-1-scaled.jpg&#039;)\">\n\n\t\t\t\n\t\t\t\t\t<\/div>\n\t\t\t\t\t\t\t\t<\/div>\n\t\t\t\t\t\t\t\t\t<\/div>\n\t\t\t\t\t\t\t\t\t\t\t\t\t\t\t<div class=\"elementor-swiper-button elementor-swiper-button-prev\" role=\"button\" tabindex=\"0\" aria-label=\"Previous\">\n\t\t\t\t\t\t\t<i aria-hidden=\"true\" class=\"eicon-chevron-left\"><\/i>\t\t\t\t\t\t<\/div>\n\t\t\t\t\t\t<div class=\"elementor-swiper-button elementor-swiper-button-next\" role=\"button\" tabindex=\"0\" aria-label=\"Next\">\n\t\t\t\t\t\t\t<i aria-hidden=\"true\" class=\"eicon-chevron-right\"><\/i>\t\t\t\t\t\t<\/div>\n\t\t\t\t\t\t\t\t\t\t\t\t\t\t\t\t<div class=\"swiper-pagination\"><\/div>\n\t\t\t\t\t\t\t\t\t\t\t\t<\/div>\n\t\t\t\t<\/div>\n\t\t\t\t\t\t\t\t<\/div>\n\t\t\t\t<\/div>\n\t\t\t\t<div class=\"elementor-element elementor-element-cf39fcc elementor-align-center elementor-widget elementor-widget-button\" data-id=\"cf39fcc\" data-element_type=\"widget\" data-e-type=\"widget\" data-widget_type=\"button.default\">\n\t\t\t\t<div class=\"elementor-widget-container\">\n\t\t\t\t\t\t\t\t\t<div class=\"elementor-button-wrapper\">\n\t\t\t\t\t<a class=\"elementor-button elementor-button-link elementor-size-sm\" href=\"https:\/\/www.lagunalangco.com\/wp-content\/uploads\/2025\/09\/Rangers-Club-Activity-Schedule.pdf\">\n\t\t\t\t\t\t<span class=\"elementor-button-content-wrapper\">\n\t\t\t\t\t\t\t\t\t<span class=\"elementor-button-text\">Xem l\u1ecbch ho\u1ea1t \u0111\u1ed9ng<\/span>\n\t\t\t\t\t<\/span>\n\t\t\t\t\t<\/a>\n\t\t\t\t<\/div>\n\t\t\t\t\t\t\t\t<\/div>\n\t\t\t\t<\/div>\n\t\t\t\t\t<\/div>\n\t\t\t\t<\/div>\n\t\t<div class=\"elementor-element elementor-element-7d93f0b e-flex e-con-boxed e-con e-parent\" data-id=\"7d93f0b\" data-element_type=\"container\" data-e-type=\"container\">\n\t\t\t\t\t<div class=\"e-con-inner\">\n\t\t<div class=\"elementor-element elementor-element-cc82a2f e-con-full e-flex e-con e-child\" data-id=\"cc82a2f\" data-element_type=\"container\" data-e-type=\"container\">\n\t\t\t\t<div class=\"elementor-element elementor-element-f2b3848 elementor-widget elementor-widget-heading\" data-id=\"f2b3848\" data-element_type=\"widget\" data-e-type=\"widget\" data-widget_type=\"heading.default\">\n\t\t\t\t<div class=\"elementor-widget-container\">\n\t\t\t\t\t<h4 class=\"elementor-heading-title elementor-size-default\">Tr\u00f2 ch\u01a1i<\/h4>\t\t\t\t<\/div>\n\t\t\t\t<\/div>\n\t\t\t\t<div class=\"elementor-element elementor-element-d1588fd elementor-widget elementor-widget-text-editor\" data-id=\"d1588fd\" data-element_type=\"widget\" data-e-type=\"widget\" data-widget_type=\"text-editor.default\">\n\t\t\t\t<div class=\"elementor-widget-container\">\n\t\t\t\t\t\t\t\t\t<ul><li>Game Xbox<\/li><li>R\u00fat g\u1ed7<\/li><li>Twister<\/li><li>\u0110u\u1ed5i h\u00ecnh b\u1eaft ch\u1eef<\/li><li>C\u1edd t\u1ec9 ph\u00fa<\/li><li>Gh\u00e9p ch\u1eef<\/li><li>X\u1ebfp h\u00ecnh gi\u1ea3i \u0111\u1ed1<\/li><li>K\u1ebft n\u1ed1i 4<\/li><li>Gi\u1ea3i \u0111\u1ed1\u2026<\/li><\/ul>\t\t\t\t\t\t\t\t<\/div>\n\t\t\t\t<\/div>\n\t\t\t\t<\/div>\n\t\t<div class=\"elementor-element elementor-element-e24f558 e-con-full e-flex e-con e-child\" data-id=\"e24f558\" data-element_type=\"container\" data-e-type=\"container\">\n\t\t\t\t<div class=\"elementor-element elementor-element-88462b7 elementor-widget elementor-widget-heading\" data-id=\"88462b7\" data-element_type=\"widget\" data-e-type=\"widget\" data-widget_type=\"heading.default\">\n\t\t\t\t<div class=\"elementor-widget-container\">\n\t\t\t\t\t<h4 class=\"elementor-heading-title elementor-size-default\">C\u00e1c ho\u1ea1t \u0111\u1ed9ng gi\u00e1o d\u1ee5c<\/h4>\t\t\t\t<\/div>\n\t\t\t\t<\/div>\n\t\t\t\t<div class=\"elementor-element elementor-element-9e8e9de elementor-widget elementor-widget-text-editor\" data-id=\"9e8e9de\" data-element_type=\"widget\" data-e-type=\"widget\" data-widget_type=\"text-editor.default\">\n\t\t\t\t<div class=\"elementor-widget-container\">\n\t\t\t\t\t\t\t\t\t<ul><li>H\u1ecdc ti\u1ebfng Vi\u1ec7t c\u01a1 b\u1ea3n<\/li><li>M\u00faa truy\u1ec1n th\u1ed1ng<\/li><li>Chuy\u1ebfn th\u00e1m hi\u1ebfm h\u1ec7 th\u1ef1c v\u1eadt v\u1edbi ng\u01b0\u1eddi h\u01b0\u1edbng d\u1eabn<\/li><li>Th\u1ee3 l\u00e0m b\u00e1nh nh\u00ed (l\u00e0m b\u00e1nh cookies)<\/li><li>Th\u00f3i quen l\u00e0nh m\u1ea1nh<\/li><li>Tham quan N\u00f4ng Tr\u1ea1i H\u1eefu C\u01a1<\/li><li>Tr\u1ed3ng c\u00e2y c\u00f9ng b\u1ed1 m\u1eb9<\/li><li>C\u00e1c ho\u1ea1t \u0111\u1ed9ng s\u00e1ng t\u1ea1o kh\u00e1c<\/li><\/ul>\t\t\t\t\t\t\t\t<\/div>\n\t\t\t\t<\/div>\n\t\t\t\t<\/div>\n\t\t<div class=\"elementor-element elementor-element-fd5b27d e-con-full e-flex e-con e-child\" data-id=\"fd5b27d\" data-element_type=\"container\" data-e-type=\"container\">\n\t\t\t\t<div class=\"elementor-element elementor-element-849dd9c elementor-widget elementor-widget-heading\" data-id=\"849dd9c\" data-element_type=\"widget\" data-e-type=\"widget\" data-widget_type=\"heading.default\">\n\t\t\t\t<div class=\"elementor-widget-container\">\n\t\t\t\t\t<h4 class=\"elementor-heading-title elementor-size-default\">T\u1eadp th\u1ec3 thao<\/h4>\t\t\t\t<\/div>\n\t\t\t\t<\/div>\n\t\t\t\t<div class=\"elementor-element elementor-element-e1c8c73 elementor-widget elementor-widget-text-editor\" data-id=\"e1c8c73\" data-element_type=\"widget\" data-e-type=\"widget\" data-widget_type=\"text-editor.default\">\n\t\t\t\t<div class=\"elementor-widget-container\">\n\t\t\t\t\t\t\t\t\t<ul><li>Yoga<\/li><li>T\u1eadp th\u1ec3 thao c\u00f9ng Hu\u1ea5n luy\u1ec7n vi\u00ean<\/li><li>B\u01a1i l\u1ed9i (ch\u1ec9 d\u00e0nh cho nh\u1eefng tr\u1ebb bi\u1ebft b\u01a1i)<\/li><li>B\u1eafn cung<\/li><li>Qu\u1ea7n v\u1ee3t<\/li><li>B\u00f3ng r\u1ed5<\/li><li>H\u01b0\u1edbng d\u1eabn ch\u01a1i golf<\/li><\/ul>\t\t\t\t\t\t\t\t<\/div>\n\t\t\t\t<\/div>\n\t\t\t\t<\/div>\n\t\t<div class=\"elementor-element elementor-element-4a16f85 e-con-full e-flex e-con e-child\" data-id=\"4a16f85\" data-element_type=\"container\" data-e-type=\"container\">\n\t\t\t\t<div class=\"elementor-element elementor-element-ee48408 elementor-widget elementor-widget-heading\" data-id=\"ee48408\" data-element_type=\"widget\" data-e-type=\"widget\" data-widget_type=\"heading.default\">\n\t\t\t\t<div class=\"elementor-widget-container\">\n\t\t\t\t\t<h4 class=\"elementor-heading-title elementor-size-default\">Ngh\u1ec7 thu\u1eadt v\u00e0 th\u1ee7 c\u00f4ng<\/h4>\t\t\t\t<\/div>\n\t\t\t\t<\/div>\n\t\t\t\t<div class=\"elementor-element elementor-element-f0afeca elementor-widget elementor-widget-text-editor\" data-id=\"f0afeca\" data-element_type=\"widget\" data-e-type=\"widget\" data-widget_type=\"text-editor.default\">\n\t\t\t\t<div class=\"elementor-widget-container\">\n\t\t\t\t\t\t\t\t\t<ul><li>V\u1ebd \u00e1o thun<\/li><li>X\u00e2y nh\u00e0 b\u1eb1ng que kem (9 tu\u1ed5i tr\u1edf l\u00ean)<\/li><li>X\u1ebfp khung \u1ea3nh b\u1eb1ng que kem (9 tu\u1ed5i tr\u1edf l\u00ean)<\/li><li>Trang tr\u00ed b\u00e1nh quy<\/li><li>L\u00e0m b\u01b0u thi\u1ebfp<\/li><li>X\u1ebfp gi\u1ea5y<\/li><li>L\u00e0m \u0111\u00e8n l\u1ed3ng<\/li><li>L\u00e0m Angry Bird<\/li><li>C\u1eafm hoa<\/li><li>L\u00e0m khung \u1ea3nh<\/li><li>H\u00f3a trang<\/li><li>T\u00f4 t\u01b0\u1ee3ng<\/li><\/ul>\t\t\t\t\t\t\t\t<\/div>\n\t\t\t\t<\/div>\n\t\t\t\t<\/div>\n\t\t<div class=\"elementor-element elementor-element-fc35e9c e-con-full e-flex e-con e-child\" data-id=\"fc35e9c\" data-element_type=\"container\" data-e-type=\"container\">\n\t\t\t\t<div class=\"elementor-element elementor-element-b6b7f57 elementor-widget elementor-widget-heading\" data-id=\"b6b7f57\" data-element_type=\"widget\" data-e-type=\"widget\" data-widget_type=\"heading.default\">\n\t\t\t\t<div class=\"elementor-widget-container\">\n\t\t\t\t\t<h4 class=\"elementor-heading-title elementor-size-default\">Ho\u1ea1t \u0111\u1ed9ng kh\u00e1c<\/h4>\t\t\t\t<\/div>\n\t\t\t\t<\/div>\n\t\t\t\t<div class=\"elementor-element elementor-element-3bed4ce elementor-widget elementor-widget-text-editor\" data-id=\"3bed4ce\" data-element_type=\"widget\" data-e-type=\"widget\" data-widget_type=\"text-editor.default\">\n\t\t\t\t<div class=\"elementor-widget-container\">\n\t\t\t\t\t\t\t\t\t<ul><li>Chuy\u1ebfn \u0111i v\u1edbi thuy\u1ec1n<\/li><li>S\u00e2n ch\u01a1i<\/li><li>L\u00e2u \u0111\u00e0i c\u00e1t<\/li><li>S\u0103n v\u1ecf s\u00f2<\/li><li>Xem phim<\/li><\/ul>\t\t\t\t\t\t\t\t<\/div>\n\t\t\t\t<\/div>\n\t\t\t\t<\/div>\n\t\t\t\t\t<\/div>\n\t\t\t\t<\/div>\n\t\t\t\t<\/div>\n\t\t","protected":false},"excerpt":{"rendered":"<p>Ranger Club \u0110\u1ec3 c\u00f3 m\u1ed9t k\u1ef3 ngh\u1ec9 vui v\u1ebb v\u00e0 kh\u00f3 qu\u00ean, Laguna L\u0103ng C\u00f4 mang \u0111\u1ebfn cho nh\u1eefng b\u1ea1n nh\u1ecf kh\u00f4ng gian vui ch\u01a1i th\u00fa v\u1ecb. C\u00e1c em c\u00f3 th\u1ec3 ch\u1ecdn tham gia ho\u1ea1t \u0111\u1ed9ng nh\u00e0o n\u1eb7n \u0111\u1ea5t s\u00e9t, g\u1ea5p gi\u1ea5y origami, v\u1ebd m\u1eb7t, l\u00e0m \u0111\u00e8n l\u1ed3ng v\u00e0 c\u00e1c ho\u1ea1t \u0111\u1ed9ng kh\u00e1c. Xem l\u1ecbch [&hellip;]<\/p>\n","protected":false},"author":2,"featured_media":31584,"parent":12299,"menu_order":0,"comment_status":"closed","ping_status":"closed","template":"","meta":{"_acf_changed":false,"site-sidebar-layout":"no-sidebar","site-content-layout":"page-builder","ast-site-content-layout":"full-width-container","site-content-style":"default","site-sidebar-style":"default","ast-global-header-display":"","ast-banner-title-visibility":"","ast-main-header-display":"","ast-hfb-above-header-display":"","ast-hfb-below-header-display":"","ast-hfb-mobile-header-display":"","site-post-title":"disabled","ast-breadcrumbs-content":"","ast-featured-img":"disabled","footer-sml-layout":"","ast-disable-related-posts":"","theme-transparent-header-meta":"default","adv-header-id-meta":"","stick-header-meta":"default","header-above-stick-meta":"","header-main-stick-meta":"","header-below-stick-meta":"","astra-migrate-meta-layouts":"set","ast-page-background-enabled":"default","ast-page-background-meta":{"desktop":{"background-color":"var(--ast-global-color-4)","background-image":"","background-repeat":"repeat","background-position":"center center","background-size":"auto","background-attachment":"scroll","background-type":"","background-media":"","overlay-type":"","overlay-color":"","overlay-opacity":"","overlay-gradient":""},"tablet":{"background-color":"","background-image":"","background-repeat":"repeat","background-position":"center center","background-size":"auto","background-attachment":"scroll","background-type":"","background-media":"","overlay-type":"","overlay-color":"","overlay-opacity":"","overlay-gradient":""},"mobile":{"background-color":"","background-image":"","background-repeat":"repeat","background-position":"center center","background-size":"auto","background-attachment":"scroll","background-type":"","background-media":"","overlay-type":"","overlay-color":"","overlay-opacity":"","overlay-gradient":""}},"ast-content-background-meta":{"desktop":{"background-color":"var(--ast-global-color-5)","background-image":"","background-repeat":"repeat","background-position":"center center","background-size":"auto","background-attachment":"scroll","background-type":"","background-media":"","overlay-type":"","overlay-color":"","overlay-opacity":"","overlay-gradient":""},"tablet":{"background-color":"var(--ast-global-color-5)","background-image":"","background-repeat":"repeat","background-position":"center center","background-size":"auto","background-attachment":"scroll","background-type":"","background-media":"","overlay-type":"","overlay-color":"","overlay-opacity":"","overlay-gradient":""},"mobile":{"background-color":"var(--ast-global-color-5)","background-image":"","background-repeat":"repeat","background-position":"center center","background-size":"auto","background-attachment":"scroll","background-type":"","background-media":"","overlay-type":"","overlay-color":"","overlay-opacity":"","overlay-gradient":""}},"footnotes":""},"class_list":["post-12633","page","type-page","status-publish","has-post-thumbnail","hentry"],"acf":[],"_links":{"self":[{"href":"https:\/\/www.lagunalangco.com\/vi\/wp-json\/wp\/v2\/pages\/12633","targetHints":{"allow":["GET"]}}],"collection":[{"href":"https:\/\/www.lagunalangco.com\/vi\/wp-json\/wp\/v2\/pages"}],"about":[{"href":"https:\/\/www.lagunalangco.com\/vi\/wp-json\/wp\/v2\/types\/page"}],"author":[{"embeddable":true,"href":"https:\/\/www.lagunalangco.com\/vi\/wp-json\/wp\/v2\/users\/2"}],"replies":[{"embeddable":true,"href":"https:\/\/www.lagunalangco.com\/vi\/wp-json\/wp\/v2\/comments?post=12633"}],"version-history":[{"count":0,"href":"https:\/\/www.lagunalangco.com\/vi\/wp-json\/wp\/v2\/pages\/12633\/revisions"}],"up":[{"embeddable":true,"href":"https:\/\/www.lagunalangco.com\/vi\/wp-json\/wp\/v2\/pages\/12299"}],"wp:featuredmedia":[{"embeddable":true,"href":"https:\/\/www.lagunalangco.com\/vi\/wp-json\/wp\/v2\/media\/31584"}],"wp:attachment":[{"href":"https:\/\/www.lagunalangco.com\/vi\/wp-json\/wp\/v2\/media?parent=12633"}],"curies":[{"name":"wp","href":"https:\/\/api.w.org\/{rel}","templated":true}]}}