{"id":12323,"date":"2023-10-31T12:48:50","date_gmt":"2023-10-31T12:48:50","guid":{"rendered":"https:\/\/www.lagunalangco.com\/am-thuc\/destination-dinning\/"},"modified":"2024-10-30T02:20:18","modified_gmt":"2024-10-30T02:20:18","slug":"destination-dining","status":"publish","type":"page","link":"https:\/\/www.lagunalangco.com\/vi\/am-thuc\/destination-dining\/","title":{"rendered":"Destination Dining"},"content":{"rendered":"\t\t<div data-elementor-type=\"wp-page\" data-elementor-id=\"12323\" class=\"elementor elementor-12323 elementor-3539\" data-elementor-post-type=\"page\">\n\t\t\t\t<div class=\"elementor-element elementor-element-d610ec6 e-flex e-con-boxed e-con e-parent\" data-id=\"d610ec6\" data-element_type=\"container\" data-e-type=\"container\" data-settings=\"{&quot;background_background&quot;:&quot;classic&quot;}\">\n\t\t\t\t\t<div class=\"e-con-inner\">\n\t\t\t\t<div class=\"elementor-element elementor-element-fa6377a elementor-widget elementor-widget-heading\" data-id=\"fa6377a\" data-element_type=\"widget\" data-e-type=\"widget\" data-widget_type=\"heading.default\">\n\t\t\t\t<div class=\"elementor-widget-container\">\n\t\t\t\t\t<h1 class=\"elementor-heading-title elementor-size-default\">Destination Dining<\/h1>\t\t\t\t<\/div>\n\t\t\t\t<\/div>\n\t\t\t\t\t<\/div>\n\t\t\t\t<\/div>\n\t\t<div class=\"elementor-element elementor-element-0da3145 e-flex e-con-boxed e-con e-parent\" data-id=\"0da3145\" data-element_type=\"container\" data-e-type=\"container\">\n\t\t\t\t\t<div class=\"e-con-inner\">\n\t\t<div class=\"elementor-element elementor-element-c8609f2 e-con-full e-flex e-con e-child\" data-id=\"c8609f2\" data-element_type=\"container\" data-e-type=\"container\">\n\t\t\t\t<div class=\"elementor-element elementor-element-f8bba87 elementor-widget elementor-widget-heading\" data-id=\"f8bba87\" data-element_type=\"widget\" data-e-type=\"widget\" data-widget_type=\"heading.default\">\n\t\t\t\t<div class=\"elementor-widget-container\">\n\t\t\t\t\t<h2 class=\"elementor-heading-title elementor-size-default\"> T\u1eadn h\u01b0\u1edfng kho\u1ea3nh kh\u1eafc l\u00e3ng m\u1ea1n kh\u00f3 qu\u00ean v\u1edbi tr\u1ea3i nghi\u1ec7m \u1ea9m th\u1ef1c \u0111\u1eb7c s\u1eafc \u201cDestination Dining\u201d<\/h2>\t\t\t\t<\/div>\n\t\t\t\t<\/div>\n\t\t\t\t<div class=\"elementor-element elementor-element-2f1a243 elementor-widget elementor-widget-text-editor\" data-id=\"2f1a243\" data-element_type=\"widget\" data-e-type=\"widget\" data-widget_type=\"text-editor.default\">\n\t\t\t\t<div class=\"elementor-widget-container\">\n\t\t\t\t\t\t\t\t\t<p>Th\u01b0\u1edfng th\u1ee9c nh\u1eefng m\u00f3n \u0103n y\u00eau th\u00edch qu\u1ed1c t\u1ebf v\u00e0 \u0111\u1eb7c s\u1ea3n \u0111\u1ecba ph\u01b0\u01a1ng trong nh\u00e0 h\u00e0ng \u0111\u01b0\u1ee3c th\u1eafp s\u00e1ng b\u1edfi \u00e1nh \u0111\u00e8n s\u00e1ng r\u1ef1c r\u1ee1. L\u01b0u gi\u1eef kho\u1ea3nh kh\u1eafc ri\u00eang t\u01b0 b\u00ean ng\u01b0\u1eddi b\u1ea1n y\u00eau th\u01b0\u01a1ng v\u1edbi nh\u1eefng l\u1ef1a ch\u1ecdn \u0111\u1ecba \u0111i\u1ec3m \u0111\u1eb7c bi\u1ec7t cho m\u1ed9t b\u1eefa t\u1ed1i th\u00e2n m\u1eadt.<\/p>\t\t\t\t\t\t\t\t<\/div>\n\t\t\t\t<\/div>\n\t\t\t\t<\/div>\n\t\t\t\t\t<\/div>\n\t\t\t\t<\/div>\n\t\t<div class=\"elementor-element elementor-element-af95354 e-flex e-con-boxed e-con e-parent\" data-id=\"af95354\" data-element_type=\"container\" data-e-type=\"container\">\n\t\t\t\t\t<div class=\"e-con-inner\">\n\t\t<div class=\"elementor-element elementor-element-d4fcfec e-con-full e-flex e-con e-child\" data-id=\"d4fcfec\" data-element_type=\"container\" data-e-type=\"container\">\n\t\t\t\t<div class=\"elementor-element elementor-element-8c71c5e elementor-arrows-position-inside elementor-widget elementor-widget-image-carousel\" data-id=\"8c71c5e\" data-element_type=\"widget\" data-e-type=\"widget\" data-settings=\"{&quot;slides_to_show&quot;:&quot;1&quot;,&quot;navigation&quot;:&quot;arrows&quot;,&quot;effect&quot;:&quot;fade&quot;,&quot;autoplay&quot;:&quot;yes&quot;,&quot;pause_on_hover&quot;:&quot;yes&quot;,&quot;pause_on_interaction&quot;:&quot;yes&quot;,&quot;autoplay_speed&quot;:5000,&quot;infinite&quot;:&quot;yes&quot;,&quot;speed&quot;:500}\" data-widget_type=\"image-carousel.default\">\n\t\t\t\t<div class=\"elementor-widget-container\">\n\t\t\t\t\t\t\t<div class=\"elementor-image-carousel-wrapper swiper\" role=\"region\" aria-roledescription=\"carousel\" aria-label=\"Image Carousel\" dir=\"ltr\">\n\t\t\t<div class=\"elementor-image-carousel swiper-wrapper\" aria-live=\"off\">\n\t\t\t\t\t\t\t\t<div class=\"swiper-slide\" role=\"group\" aria-roledescription=\"slide\" aria-label=\"1 of 3\"><figure class=\"swiper-slide-inner\"><img decoding=\"async\" class=\"swiper-slide-image\" src=\"https:\/\/www.lagunalangco.com\/wp-content\/uploads\/2023\/10\/Destination-Dining-res2.jpg\" alt=\"Destination Dining res2\" \/><\/figure><\/div><div class=\"swiper-slide\" role=\"group\" aria-roledescription=\"slide\" aria-label=\"2 of 3\"><figure class=\"swiper-slide-inner\"><img decoding=\"async\" class=\"swiper-slide-image\" src=\"https:\/\/www.lagunalangco.com\/wp-content\/uploads\/2023\/12\/Angsana-Lang-Co-Destination-Dining-5-1.jpg\" alt=\"Angsana Lang Co - Destination - Dining (5)\" \/><\/figure><\/div><div class=\"swiper-slide\" role=\"group\" aria-roledescription=\"slide\" aria-label=\"3 of 3\"><figure class=\"swiper-slide-inner\"><img decoding=\"async\" class=\"swiper-slide-image\" src=\"https:\/\/www.lagunalangco.com\/wp-content\/uploads\/2023\/12\/Angsana-Lang-Co-Destination-Dining-4-1.jpg\" alt=\"Angsana Lang Co - Destination - Dining (4)\" \/><\/figure><\/div>\t\t\t<\/div>\n\t\t\t\t\t\t\t\t\t\t\t\t<div class=\"elementor-swiper-button elementor-swiper-button-prev\" role=\"button\" tabindex=\"0\">\n\t\t\t\t\t\t<i aria-hidden=\"true\" class=\"eicon-chevron-left\"><\/i>\t\t\t\t\t<\/div>\n\t\t\t\t\t<div class=\"elementor-swiper-button elementor-swiper-button-next\" role=\"button\" tabindex=\"0\">\n\t\t\t\t\t\t<i aria-hidden=\"true\" class=\"eicon-chevron-right\"><\/i>\t\t\t\t\t<\/div>\n\t\t\t\t\n\t\t\t\t\t\t\t\t\t<\/div>\n\t\t\t\t\t\t<\/div>\n\t\t\t\t<\/div>\n\t\t\t\t<\/div>\n\t\t<div class=\"elementor-element elementor-element-efa1116 e-con-full e-flex e-con e-child\" data-id=\"efa1116\" data-element_type=\"container\" data-e-type=\"container\">\n\t\t\t\t<div class=\"elementor-element elementor-element-553cf31 elementor-widget elementor-widget-heading\" data-id=\"553cf31\" data-element_type=\"widget\" data-e-type=\"widget\" data-widget_type=\"heading.default\">\n\t\t\t\t<div class=\"elementor-widget-container\">\n\t\t\t\t\t<h2 class=\"elementor-heading-title elementor-size-default\">B\u1eefa t\u1ed1i l\u00e3ng m\u1ea1n<\/h2>\t\t\t\t<\/div>\n\t\t\t\t<\/div>\n\t\t\t\t<div class=\"elementor-element elementor-element-2853658 elementor-widget elementor-widget-heading\" data-id=\"2853658\" data-element_type=\"widget\" data-e-type=\"widget\" data-widget_type=\"heading.default\">\n\t\t\t\t<div class=\"elementor-widget-container\">\n\t\t\t\t\t<div class=\"elementor-heading-title elementor-size-default\">B\u1eefa t\u1ed1i ri\u00eang t\u01b0 ph\u1ee5c v\u1ee5 ngay t\u1ea1i ph\u00f2ng ho\u1eb7c bi\u1ec7t th\u1ef1<\/div>\t\t\t\t<\/div>\n\t\t\t\t<\/div>\n\t\t\t\t<div class=\"elementor-element elementor-element-669f163 elementor-widget elementor-widget-text-editor\" data-id=\"669f163\" data-element_type=\"widget\" data-e-type=\"widget\" data-widget_type=\"text-editor.default\">\n\t\t\t\t<div class=\"elementor-widget-container\">\n\t\t\t\t\t\t\t\t\t<p>T\u1eadn h\u01b0\u1edfng kho\u1ea3nh kh\u1eafc kh\u00f3 qu\u00ean b\u00ean ng\u01b0\u1eddi \u1ea5y v\u1edbi tr\u1ea3i nghi\u1ec7m \u1ea9m th\u1ef1c \u0111\u1eb7c s\u1eafc \u201cDestination Dining\u201d, m\u1ed9t bu\u1ed5i ti\u1ec7c t\u1ed1i l\u00e3ng m\u1ea1n cho c\u1eb7p \u0111\u00f4i b\u00ean \u00e1nh n\u1ebfn t\u1ea1i bi\u1ec7t th\u1ef1 ri\u00eang, tr\u00ean b\u1edd bi\u1ec3n C\u1ea3nh D\u01b0\u01a1ng nguy\u00ean s\u01a1, hay trong kh\u00f4ng gian Nh\u00e0 c\u1ed5 n\u1eb1m b\u00ean con k\u00eanh xanh m\u00e1t v\u1edbi n\u00e9t ki\u1ebfn tr\u00fac mang \u0111\u1eadm n\u00e9t \u0111\u1eb9p mi\u1ec1n \u0111\u1ea5t c\u1ed1 \u0111\u00f4. <\/p>\n\t\t\t\t\t\t\t\t<\/div>\n\t\t\t\t<\/div>\n\t\t\t\t<\/div>\n\t\t\t\t\t<\/div>\n\t\t\t\t<\/div>\n\t\t<div class=\"elementor-element elementor-element-72ff18b e-flex e-con-boxed e-con e-parent\" data-id=\"72ff18b\" data-element_type=\"container\" data-e-type=\"container\">\n\t\t\t\t\t<div class=\"e-con-inner\">\n\t\t<div class=\"elementor-element elementor-element-1524537 e-con-full e-flex e-con e-child\" data-id=\"1524537\" data-element_type=\"container\" data-e-type=\"container\">\n\t\t\t\t<div class=\"elementor-element elementor-element-827e4fc elementor-arrows-position-inside elementor-widget elementor-widget-image-carousel\" data-id=\"827e4fc\" data-element_type=\"widget\" data-e-type=\"widget\" data-settings=\"{&quot;slides_to_show&quot;:&quot;1&quot;,&quot;navigation&quot;:&quot;arrows&quot;,&quot;effect&quot;:&quot;fade&quot;,&quot;autoplay&quot;:&quot;yes&quot;,&quot;pause_on_hover&quot;:&quot;yes&quot;,&quot;pause_on_interaction&quot;:&quot;yes&quot;,&quot;autoplay_speed&quot;:5000,&quot;infinite&quot;:&quot;yes&quot;,&quot;speed&quot;:500}\" data-widget_type=\"image-carousel.default\">\n\t\t\t\t<div class=\"elementor-widget-container\">\n\t\t\t\t\t\t\t<div class=\"elementor-image-carousel-wrapper swiper\" role=\"region\" aria-roledescription=\"carousel\" aria-label=\"Image Carousel\" dir=\"ltr\">\n\t\t\t<div class=\"elementor-image-carousel swiper-wrapper\" aria-live=\"off\">\n\t\t\t\t\t\t\t\t<div class=\"swiper-slide\" role=\"group\" aria-roledescription=\"slide\" aria-label=\"1 of 3\"><figure class=\"swiper-slide-inner\"><img decoding=\"async\" class=\"swiper-slide-image\" src=\"https:\/\/www.lagunalangco.com\/wp-content\/uploads\/2023\/10\/Golf-cafe-res2.jpg\" alt=\"Golf cafe res2\" \/><\/figure><\/div><div class=\"swiper-slide\" role=\"group\" aria-roledescription=\"slide\" aria-label=\"2 of 3\"><figure class=\"swiper-slide-inner\"><img decoding=\"async\" class=\"swiper-slide-image\" src=\"https:\/\/www.lagunalangco.com\/wp-content\/uploads\/2023\/12\/LagunaPark-Townhouse-Lang-Co-Lifestyle-7.jpg\" alt=\"LagunaPark Townhouse Lang Co - Lifestyle (7)\" \/><\/figure><\/div><div class=\"swiper-slide\" role=\"group\" aria-roledescription=\"slide\" aria-label=\"3 of 3\"><figure class=\"swiper-slide-inner\"><img decoding=\"async\" class=\"swiper-slide-image\" src=\"https:\/\/www.lagunalangco.com\/wp-content\/uploads\/2023\/12\/LagunaPark-Townhouse-Lang-Co-Lifestyle-21.jpg\" alt=\"LagunaPark Townhouse Lang Co - Lifestyle (21)\" \/><\/figure><\/div>\t\t\t<\/div>\n\t\t\t\t\t\t\t\t\t\t\t\t<div class=\"elementor-swiper-button elementor-swiper-button-prev\" role=\"button\" tabindex=\"0\">\n\t\t\t\t\t\t<i aria-hidden=\"true\" class=\"eicon-chevron-left\"><\/i>\t\t\t\t\t<\/div>\n\t\t\t\t\t<div class=\"elementor-swiper-button elementor-swiper-button-next\" role=\"button\" tabindex=\"0\">\n\t\t\t\t\t\t<i aria-hidden=\"true\" class=\"eicon-chevron-right\"><\/i>\t\t\t\t\t<\/div>\n\t\t\t\t\n\t\t\t\t\t\t\t\t\t<\/div>\n\t\t\t\t\t\t<\/div>\n\t\t\t\t<\/div>\n\t\t\t\t<\/div>\n\t\t<div class=\"elementor-element elementor-element-7f0649d e-con-full e-flex e-con e-child\" data-id=\"7f0649d\" data-element_type=\"container\" data-e-type=\"container\">\n\t\t\t\t<div class=\"elementor-element elementor-element-becf768 elementor-widget elementor-widget-heading\" data-id=\"becf768\" data-element_type=\"widget\" data-e-type=\"widget\" data-widget_type=\"heading.default\">\n\t\t\t\t<div class=\"elementor-widget-container\">\n\t\t\t\t\t<h2 class=\"elementor-heading-title elementor-size-default\">B\u1eefa t\u1ed1i tr\u00ean s\u00e2n g\u00f4n<\/h2>\t\t\t\t<\/div>\n\t\t\t\t<\/div>\n\t\t\t\t<div class=\"elementor-element elementor-element-9496c6a elementor-widget elementor-widget-heading\" data-id=\"9496c6a\" data-element_type=\"widget\" data-e-type=\"widget\" data-widget_type=\"heading.default\">\n\t\t\t\t<div class=\"elementor-widget-container\">\n\t\t\t\t\t<div class=\"elementor-heading-title elementor-size-default\">\u1ea8m th\u1ef1c ch\u00e2u \u00c1 \u0111\u00edch th\u1ef1c \u0111\u01b0\u1ee3c ph\u1ee5c v\u1ee5 ngay tr\u00ean s\u00e2n g\u00f4n<\/div>\t\t\t\t<\/div>\n\t\t\t\t<\/div>\n\t\t\t\t<div class=\"elementor-element elementor-element-d2aaa3f elementor-widget elementor-widget-text-editor\" data-id=\"d2aaa3f\" data-element_type=\"widget\" data-e-type=\"widget\" data-widget_type=\"text-editor.default\">\n\t\t\t\t<div class=\"elementor-widget-container\">\n\t\t\t\t\t\t\t\t\t<p>Kh\u01a1i g\u1ee3i c\u1ea3m x\u00fac m\u1edbi m\u1ebb, t\u1eadn h\u01b0\u1edfng t\u1ed1i \u0111a v\u1ec1 c\u1ea3 h\u01b0\u01a1ng v\u1ecb v\u00e0 m\u1ef9 v\u1ecb. B\u1eefa t\u1ed1i l\u00e3ng m\u1ea1n tr\u00ean s\u00e2n g\u00f4n v\u1edbi c\u00e1c m\u00f3n \u0103n ch\u00e2u \u00c1 \u0111\u1eb7c s\u1eafc \u0111\u01b0\u1ee3c nh\u1eefng \u0111\u1ea7u b\u1ebfp t\u00e0i hoa c\u1ee7a nh\u00e0 h\u00e0ng Golf Cafe ph\u1ee5c v\u1ee5, h\u1ee9a h\u1eb9n s\u1ebd l\u00e0 m\u1ed9t tr\u1ea3i nghi\u1ec7m \u1ea9m th\u1ef1c \u0111\u1ed9c \u0111\u00e1o cho b\u1ea1n v\u00e0 ng\u01b0\u1eddi th\u01b0\u01a1ng. <\/p>\n\t\t\t\t\t\t\t\t<\/div>\n\t\t\t\t<\/div>\n\t\t\t\t<\/div>\n\t\t\t\t\t<\/div>\n\t\t\t\t<\/div>\n\t\t<div class=\"elementor-element elementor-element-0d0371d e-flex e-con-boxed e-con e-parent\" data-id=\"0d0371d\" data-element_type=\"container\" data-e-type=\"container\">\n\t\t\t\t\t<div class=\"e-con-inner\">\n\t\t<div class=\"elementor-element elementor-element-120e354 e-con-full e-flex e-con e-child\" data-id=\"120e354\" data-element_type=\"container\" data-e-type=\"container\">\n\t\t\t\t<div class=\"elementor-element elementor-element-af18576 elementor-arrows-position-inside elementor-widget elementor-widget-image-carousel\" data-id=\"af18576\" data-element_type=\"widget\" data-e-type=\"widget\" data-settings=\"{&quot;slides_to_show&quot;:&quot;1&quot;,&quot;navigation&quot;:&quot;arrows&quot;,&quot;effect&quot;:&quot;fade&quot;,&quot;autoplay&quot;:&quot;yes&quot;,&quot;pause_on_hover&quot;:&quot;yes&quot;,&quot;pause_on_interaction&quot;:&quot;yes&quot;,&quot;autoplay_speed&quot;:5000,&quot;infinite&quot;:&quot;yes&quot;,&quot;speed&quot;:500}\" data-widget_type=\"image-carousel.default\">\n\t\t\t\t<div class=\"elementor-widget-container\">\n\t\t\t\t\t\t\t<div class=\"elementor-image-carousel-wrapper swiper\" role=\"region\" aria-roledescription=\"carousel\" aria-label=\"Image Carousel\" dir=\"ltr\">\n\t\t\t<div class=\"elementor-image-carousel swiper-wrapper\" aria-live=\"off\">\n\t\t\t\t\t\t\t\t<div class=\"swiper-slide\" role=\"group\" aria-roledescription=\"slide\" aria-label=\"1 of 3\"><figure class=\"swiper-slide-inner\"><img decoding=\"async\" class=\"swiper-slide-image\" src=\"https:\/\/www.lagunalangco.com\/wp-content\/uploads\/2023\/10\/Golf-Destination-Dining-res2.jpg\" alt=\"Golf Destination Dining res2\" \/><\/figure><\/div><div class=\"swiper-slide\" role=\"group\" aria-roledescription=\"slide\" aria-label=\"2 of 3\"><figure class=\"swiper-slide-inner\"><img decoding=\"async\" class=\"swiper-slide-image\" src=\"https:\/\/www.lagunalangco.com\/wp-content\/uploads\/2023\/12\/Angsana-Lang-Co-Destination-Dining-3.jpg\" alt=\"Angsana Lang Co - Destination - Dining (3)\" \/><\/figure><\/div><div class=\"swiper-slide\" role=\"group\" aria-roledescription=\"slide\" aria-label=\"3 of 3\"><figure class=\"swiper-slide-inner\"><img decoding=\"async\" class=\"swiper-slide-image\" src=\"https:\/\/www.lagunalangco.com\/wp-content\/uploads\/2023\/12\/Angsana-Lang-Co-Destination-Dining-1.jpg\" alt=\"Angsana Lang Co - Destination - Dining (1)\" \/><\/figure><\/div>\t\t\t<\/div>\n\t\t\t\t\t\t\t\t\t\t\t\t<div class=\"elementor-swiper-button elementor-swiper-button-prev\" role=\"button\" tabindex=\"0\">\n\t\t\t\t\t\t<i aria-hidden=\"true\" class=\"eicon-chevron-left\"><\/i>\t\t\t\t\t<\/div>\n\t\t\t\t\t<div class=\"elementor-swiper-button elementor-swiper-button-next\" role=\"button\" tabindex=\"0\">\n\t\t\t\t\t\t<i aria-hidden=\"true\" class=\"eicon-chevron-right\"><\/i>\t\t\t\t\t<\/div>\n\t\t\t\t\n\t\t\t\t\t\t\t\t\t<\/div>\n\t\t\t\t\t\t<\/div>\n\t\t\t\t<\/div>\n\t\t\t\t<\/div>\n\t\t<div class=\"elementor-element elementor-element-0faced6 e-con-full e-flex e-con e-child\" data-id=\"0faced6\" data-element_type=\"container\" data-e-type=\"container\">\n\t\t\t\t<div class=\"elementor-element elementor-element-0f4c6d5 elementor-widget elementor-widget-heading\" data-id=\"0f4c6d5\" data-element_type=\"widget\" data-e-type=\"widget\" data-widget_type=\"heading.default\">\n\t\t\t\t<div class=\"elementor-widget-container\">\n\t\t\t\t\t<h2 class=\"elementor-heading-title elementor-size-default\">B\u1eefa t\u1ed1i ri\u00eang t\u01b0 b\u00ean b\u1edd bi\u1ec3n<\/h2>\t\t\t\t<\/div>\n\t\t\t\t<\/div>\n\t\t\t\t<div class=\"elementor-element elementor-element-a3f0494 elementor-widget elementor-widget-heading\" data-id=\"a3f0494\" data-element_type=\"widget\" data-e-type=\"widget\" data-widget_type=\"heading.default\">\n\t\t\t\t<div class=\"elementor-widget-container\">\n\t\t\t\t\t<div class=\"elementor-heading-title elementor-size-default\">B\u1eefa t\u1ed1i th\u00e2n m\u1eadt v\u00e0 ri\u00eang t\u01b0 b\u00ean b\u1edd bi\u1ec3n<\/div>\t\t\t\t<\/div>\n\t\t\t\t<\/div>\n\t\t\t\t<div class=\"elementor-element elementor-element-ebe0ee8 elementor-widget elementor-widget-text-editor\" data-id=\"ebe0ee8\" data-element_type=\"widget\" data-e-type=\"widget\" data-widget_type=\"text-editor.default\">\n\t\t\t\t<div class=\"elementor-widget-container\">\n\t\t\t\t\t\t\t\t\t<p>B\u1eefa t\u1ed1i l\u00e3ng m\u1ea1n c\u00f9ng ti\u1ebfng s\u00f3ng r\u00ec r\u00e0o v\u00e0 h\u01b0\u01a1ng gi\u00f3 \u0111\u00eam h\u00e8 thoang tho\u1ea3ng v\u1ecb bi\u1ec3n, l\u00e0 nh\u1eefng tr\u1ea3i nghi\u1ec7m th\u00fa v\u1ecb v\u00e0 \u0111\u1eb9p \u0111\u1ebd m\u00e0 ch\u00fang t\u00f4i lu\u00f4n mu\u1ed1n mang \u0111\u1ebfn trong h\u00e0nh tr\u00ecnh ngh\u1ec9 d\u01b0\u1ee1ng c\u1ee7a m\u1ed7i du kh\u00e1ch. \u0110\u1ed9i ng\u0169 thi\u1ebft k\u1ebf chuy\u00ean nghi\u1ec7p lu\u00f4n s\u1eb5n s\u00e0ng l\u00ean \u00fd t\u01b0\u1edfng v\u00e0 t\u01b0 v\u1ea5n, t\u1ea1o n\u00ean nh\u1eefng d\u1ea5u \u1ea5n k\u1ec9 ni\u1ec7m th\u1eadt ri\u00eang t\u01b0 v\u00e0 l\u00e3ng m\u1ea1n cho c\u00e1c c\u1eb7p \u0111\u00f4i.  <\/p>\n\t\t\t\t\t\t\t\t<\/div>\n\t\t\t\t<\/div>\n\t\t\t\t<\/div>\n\t\t\t\t\t<\/div>\n\t\t\t\t<\/div>\n\t\t<div class=\"elementor-element elementor-element-af01455 e-flex e-con-boxed e-con e-parent\" data-id=\"af01455\" data-element_type=\"container\" data-e-type=\"container\">\n\t\t\t\t\t<div class=\"e-con-inner\">\n\t\t\t\t<div class=\"elementor-element elementor-element-c354f3c elementor-widget elementor-widget-spacer\" data-id=\"c354f3c\" data-element_type=\"widget\" data-e-type=\"widget\" data-widget_type=\"spacer.default\">\n\t\t\t\t<div class=\"elementor-widget-container\">\n\t\t\t\t\t\t\t<div class=\"elementor-spacer\">\n\t\t\t<div class=\"elementor-spacer-inner\"><\/div>\n\t\t<\/div>\n\t\t\t\t\t\t<\/div>\n\t\t\t\t<\/div>\n\t\t\t\t\t<\/div>\n\t\t\t\t<\/div>\n\t\t\t\t<\/div>\n\t\t","protected":false},"excerpt":{"rendered":"<p>Destination Dining T\u1eadn h\u01b0\u1edfng kho\u1ea3nh kh\u1eafc l\u00e3ng m\u1ea1n kh\u00f3 qu\u00ean v\u1edbi tr\u1ea3i nghi\u1ec7m \u1ea9m th\u1ef1c \u0111\u1eb7c s\u1eafc \u201cDestination Dining\u201d Th\u01b0\u1edfng th\u1ee9c nh\u1eefng m\u00f3n \u0103n y\u00eau th\u00edch qu\u1ed1c t\u1ebf v\u00e0 \u0111\u1eb7c s\u1ea3n \u0111\u1ecba ph\u01b0\u01a1ng trong nh\u00e0 h\u00e0ng \u0111\u01b0\u1ee3c th\u1eafp s\u00e1ng b\u1edfi \u00e1nh \u0111\u00e8n s\u00e1ng r\u1ef1c r\u1ee1. L\u01b0u gi\u1eef kho\u1ea3nh kh\u1eafc ri\u00eang t\u01b0 b\u00ean ng\u01b0\u1eddi b\u1ea1n y\u00eau [&hellip;]<\/p>\n","protected":false},"author":2,"featured_media":11028,"parent":12227,"menu_order":0,"comment_status":"closed","ping_status":"closed","template":"","meta":{"_acf_changed":false,"site-sidebar-layout":"no-sidebar","site-content-layout":"page-builder","ast-site-content-layout":"full-width-container","site-content-style":"default","site-sidebar-style":"default","ast-global-header-display":"","ast-banner-title-visibility":"","ast-main-header-display":"","ast-hfb-above-header-display":"","ast-hfb-below-header-display":"","ast-hfb-mobile-header-display":"","site-post-title":"disabled","ast-breadcrumbs-content":"","ast-featured-img":"disabled","footer-sml-layout":"","ast-disable-related-posts":"","theme-transparent-header-meta":"default","adv-header-id-meta":"","stick-header-meta":"default","header-above-stick-meta":"","header-main-stick-meta":"","header-below-stick-meta":"","astra-migrate-meta-layouts":"set","ast-page-background-enabled":"default","ast-page-background-meta":{"desktop":{"background-color":"var(--ast-global-color-4)","background-image":"","background-repeat":"repeat","background-position":"center center","background-size":"auto","background-attachment":"scroll","background-type":"","background-media":"","overlay-type":"","overlay-color":"","overlay-opacity":"","overlay-gradient":""},"tablet":{"background-color":"","background-image":"","background-repeat":"repeat","background-position":"center center","background-size":"auto","background-attachment":"scroll","background-type":"","background-media":"","overlay-type":"","overlay-color":"","overlay-opacity":"","overlay-gradient":""},"mobile":{"background-color":"","background-image":"","background-repeat":"repeat","background-position":"center center","background-size":"auto","background-attachment":"scroll","background-type":"","background-media":"","overlay-type":"","overlay-color":"","overlay-opacity":"","overlay-gradient":""}},"ast-content-background-meta":{"desktop":{"background-color":"var(--ast-global-color-5)","background-image":"","background-repeat":"repeat","background-position":"center center","background-size":"auto","background-attachment":"scroll","background-type":"","background-media":"","overlay-type":"","overlay-color":"","overlay-opacity":"","overlay-gradient":""},"tablet":{"background-color":"var(--ast-global-color-5)","background-image":"","background-repeat":"repeat","background-position":"center center","background-size":"auto","background-attachment":"scroll","background-type":"","background-media":"","overlay-type":"","overlay-color":"","overlay-opacity":"","overlay-gradient":""},"mobile":{"background-color":"var(--ast-global-color-5)","background-image":"","background-repeat":"repeat","background-position":"center center","background-size":"auto","background-attachment":"scroll","background-type":"","background-media":"","overlay-type":"","overlay-color":"","overlay-opacity":"","overlay-gradient":""}},"footnotes":""},"class_list":["post-12323","page","type-page","status-publish","has-post-thumbnail","hentry"],"acf":[],"_links":{"self":[{"href":"https:\/\/www.lagunalangco.com\/vi\/wp-json\/wp\/v2\/pages\/12323","targetHints":{"allow":["GET"]}}],"collection":[{"href":"https:\/\/www.lagunalangco.com\/vi\/wp-json\/wp\/v2\/pages"}],"about":[{"href":"https:\/\/www.lagunalangco.com\/vi\/wp-json\/wp\/v2\/types\/page"}],"author":[{"embeddable":true,"href":"https:\/\/www.lagunalangco.com\/vi\/wp-json\/wp\/v2\/users\/2"}],"replies":[{"embeddable":true,"href":"https:\/\/www.lagunalangco.com\/vi\/wp-json\/wp\/v2\/comments?post=12323"}],"version-history":[{"count":0,"href":"https:\/\/www.lagunalangco.com\/vi\/wp-json\/wp\/v2\/pages\/12323\/revisions"}],"up":[{"embeddable":true,"href":"https:\/\/www.lagunalangco.com\/vi\/wp-json\/wp\/v2\/pages\/12227"}],"wp:featuredmedia":[{"embeddable":true,"href":"https:\/\/www.lagunalangco.com\/vi\/wp-json\/wp\/v2\/media\/11028"}],"wp:attachment":[{"href":"https:\/\/www.lagunalangco.com\/vi\/wp-json\/wp\/v2\/media?parent=12323"}],"curies":[{"name":"wp","href":"https:\/\/api.w.org\/{rel}","templated":true}]}}