{"id":12321,"date":"2023-11-02T08:21:02","date_gmt":"2023-11-02T08:21:02","guid":{"rendered":"https:\/\/www.lagunalangco.com\/am-thuc\/afternoon-tea\/"},"modified":"2025-03-05T07:51:17","modified_gmt":"2025-03-05T07:51:17","slug":"tra-chieu","status":"publish","type":"page","link":"https:\/\/www.lagunalangco.com\/vi\/am-thuc\/tra-chieu\/","title":{"rendered":"Tr\u00e0 chi\u1ec1u"},"content":{"rendered":"\t\t<div data-elementor-type=\"wp-page\" data-elementor-id=\"12321\" class=\"elementor elementor-12321 elementor-3904\" data-elementor-post-type=\"page\">\n\t\t\t\t<div class=\"elementor-element elementor-element-d610ec6 e-flex e-con-boxed e-con e-parent\" data-id=\"d610ec6\" data-element_type=\"container\" data-e-type=\"container\" data-settings=\"{&quot;background_background&quot;:&quot;classic&quot;}\">\n\t\t\t\t\t<div class=\"e-con-inner\">\n\t\t\t\t<div class=\"elementor-element elementor-element-fa6377a elementor-widget elementor-widget-heading\" data-id=\"fa6377a\" data-element_type=\"widget\" data-e-type=\"widget\" data-widget_type=\"heading.default\">\n\t\t\t\t<div class=\"elementor-widget-container\">\n\t\t\t\t\t<h1 class=\"elementor-heading-title elementor-size-default\">Tr\u00e0 chi\u1ec1u<\/h1>\t\t\t\t<\/div>\n\t\t\t\t<\/div>\n\t\t\t\t\t<\/div>\n\t\t\t\t<\/div>\n\t\t<div class=\"elementor-element elementor-element-0da3145 e-flex e-con-boxed e-con e-parent\" data-id=\"0da3145\" data-element_type=\"container\" data-e-type=\"container\">\n\t\t\t\t\t<div class=\"e-con-inner\">\n\t\t<div class=\"elementor-element elementor-element-c8609f2 e-con-full e-flex e-con e-child\" data-id=\"c8609f2\" data-element_type=\"container\" data-e-type=\"container\">\n\t\t\t\t<div class=\"elementor-element elementor-element-f8bba87 elementor-widget elementor-widget-heading\" data-id=\"f8bba87\" data-element_type=\"widget\" data-e-type=\"widget\" data-widget_type=\"heading.default\">\n\t\t\t\t<div class=\"elementor-widget-container\">\n\t\t\t\t\t<h2 class=\"elementor-heading-title elementor-size-default\">T\u1eadn h\u01b0\u1edfng gi\u00e2y ph\u00fat th\u01b0 th\u00e1i v\u1edbi ti\u1ec7c tr\u00e0 chi\u1ec1u nh\u1eb9 nh\u00e0ng<\/h2>\t\t\t\t<\/div>\n\t\t\t\t<\/div>\n\t\t\t\t<div class=\"elementor-element elementor-element-2f1a243 elementor-widget elementor-widget-text-editor\" data-id=\"2f1a243\" data-element_type=\"widget\" data-e-type=\"widget\" data-widget_type=\"text-editor.default\">\n\t\t\t\t<div class=\"elementor-widget-container\">\n\t\t\t\t\t\t\t\t\t<p>T\u1eadn h\u01b0\u1edfng bu\u1ed5i chi\u1ec1u th\u01b0 th\u00e1i c\u00f9ng b\u1ea1n b\u00e8, nh\u00e2m nhi t\u00e1ch tr\u00e0 th\u01a1m ng\u00e1t v\u00e0 th\u01b0\u1edfng th\u1ee9c nh\u1eefng chi\u1ebfc b\u00e1nh ngon ng\u1ecdt gi\u1eefa v\u1ebb \u0111\u1eb9p nao n\u1ee9c l\u00f2ng ng\u01b0\u1eddi c\u1ee7a Laguna L\u0103ng C\u00f4. Khung c\u1ea3nh tuy\u1ec7t \u0111\u1eb9p c\u1ee7a s\u00e2n g\u00f4n xanh m\u00e1t t\u1eeb <span style=\"color: #00a29c;\"><a style=\"color: #00a29c;\" href=\"https:\/\/www.lagunalangco.com\/vi\/am-thuc\/\" target=\"_blank\" rel=\"noopener\"><strong>67Bar<\/strong><\/a><\/span>, qu\u1ea7y bar <a href=\"https:\/\/www.banyantree.com\/vi\/vietnam\/lang-co\/dining\/thu-quan\" target=\"_blank\" rel=\"noopener\"><span style=\"color: #00a29c;\"><strong>Th\u01b0 Qu\u00e1n<\/strong><\/span><\/a> \u1ea5m c\u00fang sang tr\u1ecdng hay t\u1ea7m nh\u00ecn tuy\u1ec7t \u0111\u1eb9p ra bi\u1ec3n \u0110\u00f4ng t\u1eeb <a href=\"https:\/\/www.banyantree.com\/vi\/vietnam\/lang-co\/dining\/saffron\" target=\"_blank\" rel=\"noopener\"><span style=\"color: #00a29c;\"><strong>Saffron<\/strong> <\/span><\/a>v\u1ecb tr\u00ed tr\u00ean \u0111\u1ec9nh \u0111\u1ed3i s\u1ebd kh\u00f4ng bao gi\u1edd l\u00e0m b\u1ea1n th\u1ea5t v\u1ecdng.<\/p>\t\t\t\t\t\t\t\t<\/div>\n\t\t\t\t<\/div>\n\t\t\t\t<\/div>\n\t\t\t\t\t<\/div>\n\t\t\t\t<\/div>\n\t\t<div class=\"elementor-element elementor-element-932b3cd e-flex e-con-boxed e-con e-parent\" data-id=\"932b3cd\" data-element_type=\"container\" data-e-type=\"container\">\n\t\t\t\t\t<div class=\"e-con-inner\">\n\t\t\t\t<div class=\"elementor-element elementor-element-64cc9bc elementor-arrows-position-inside elementor-pagination-position-outside elementor-widget elementor-widget-image-carousel\" data-id=\"64cc9bc\" data-element_type=\"widget\" data-e-type=\"widget\" data-settings=\"{&quot;slides_to_show&quot;:&quot;1&quot;,&quot;effect&quot;:&quot;fade&quot;,&quot;navigation&quot;:&quot;both&quot;,&quot;autoplay&quot;:&quot;yes&quot;,&quot;pause_on_hover&quot;:&quot;yes&quot;,&quot;pause_on_interaction&quot;:&quot;yes&quot;,&quot;autoplay_speed&quot;:5000,&quot;infinite&quot;:&quot;yes&quot;,&quot;speed&quot;:500}\" data-widget_type=\"image-carousel.default\">\n\t\t\t\t<div class=\"elementor-widget-container\">\n\t\t\t\t\t\t\t<div class=\"elementor-image-carousel-wrapper swiper\" role=\"region\" aria-roledescription=\"carousel\" aria-label=\"Image Carousel\" dir=\"ltr\">\n\t\t\t<div class=\"elementor-image-carousel swiper-wrapper\" aria-live=\"off\">\n\t\t\t\t\t\t\t\t<div class=\"swiper-slide\" role=\"group\" aria-roledescription=\"slide\" aria-label=\"1 of 6\"><figure class=\"swiper-slide-inner\"><img decoding=\"async\" class=\"swiper-slide-image\" src=\"https:\/\/www.lagunalangco.com\/wp-content\/uploads\/2023\/12\/Afternoon-tea-Saffron-scaled.jpg\" alt=\"Afternoon tea Saffron\" \/><\/figure><\/div><div class=\"swiper-slide\" role=\"group\" aria-roledescription=\"slide\" aria-label=\"2 of 6\"><figure class=\"swiper-slide-inner\"><img decoding=\"async\" class=\"swiper-slide-image\" src=\"https:\/\/www.lagunalangco.com\/wp-content\/uploads\/2023\/12\/Afternoon-tea-Saffron-2-scaled.jpg\" alt=\"Afternoon tea Saffron 2\" \/><\/figure><\/div><div class=\"swiper-slide\" role=\"group\" aria-roledescription=\"slide\" aria-label=\"3 of 6\"><figure class=\"swiper-slide-inner\"><img decoding=\"async\" class=\"swiper-slide-image\" src=\"https:\/\/www.lagunalangco.com\/wp-content\/uploads\/2023\/12\/Afternoon-tea-Thu-Quan-2.jpg\" alt=\"Afternoon tea Thu Quan 2\" \/><\/figure><\/div><div class=\"swiper-slide\" role=\"group\" aria-roledescription=\"slide\" aria-label=\"4 of 6\"><figure class=\"swiper-slide-inner\"><img decoding=\"async\" class=\"swiper-slide-image\" src=\"https:\/\/www.lagunalangco.com\/wp-content\/uploads\/2023\/12\/Afternoon-tea-Thu-Quan-1.jpg\" alt=\"Afternoon tea Thu Quan 1\" \/><\/figure><\/div><div class=\"swiper-slide\" role=\"group\" aria-roledescription=\"slide\" aria-label=\"5 of 6\"><figure class=\"swiper-slide-inner\"><img decoding=\"async\" class=\"swiper-slide-image\" src=\"https:\/\/www.lagunalangco.com\/wp-content\/uploads\/2023\/12\/Afternoon-tea-Thu-Quan.jpg\" alt=\"Afternoon tea Thu Quan\" \/><\/figure><\/div><div class=\"swiper-slide\" role=\"group\" aria-roledescription=\"slide\" aria-label=\"6 of 6\"><figure class=\"swiper-slide-inner\"><img decoding=\"async\" class=\"swiper-slide-image\" src=\"https:\/\/www.lagunalangco.com\/wp-content\/uploads\/2024\/04\/Afternoon-tea.jpg\" alt=\"Afternoon tea\" \/><\/figure><\/div>\t\t\t<\/div>\n\t\t\t\t\t\t\t\t\t\t\t\t<div class=\"elementor-swiper-button elementor-swiper-button-prev\" role=\"button\" tabindex=\"0\">\n\t\t\t\t\t\t<i aria-hidden=\"true\" class=\"eicon-chevron-left\"><\/i>\t\t\t\t\t<\/div>\n\t\t\t\t\t<div class=\"elementor-swiper-button elementor-swiper-button-next\" role=\"button\" tabindex=\"0\">\n\t\t\t\t\t\t<i aria-hidden=\"true\" class=\"eicon-chevron-right\"><\/i>\t\t\t\t\t<\/div>\n\t\t\t\t\n\t\t\t\t\t\t\t\t\t<div class=\"swiper-pagination\"><\/div>\n\t\t\t\t\t\t\t\t\t<\/div>\n\t\t\t\t\t\t<\/div>\n\t\t\t\t<\/div>\n\t\t\t\t\t<\/div>\n\t\t\t\t<\/div>\n\t\t<div class=\"elementor-element elementor-element-9e6a8f4 e-flex e-con-boxed e-con e-parent\" data-id=\"9e6a8f4\" data-element_type=\"container\" data-e-type=\"container\">\n\t\t\t\t\t<div class=\"e-con-inner\">\n\t\t\t\t<div class=\"elementor-element elementor-element-888a1f4 elementor-widget elementor-widget-spacer\" data-id=\"888a1f4\" data-element_type=\"widget\" data-e-type=\"widget\" data-widget_type=\"spacer.default\">\n\t\t\t\t<div class=\"elementor-widget-container\">\n\t\t\t\t\t\t\t<div class=\"elementor-spacer\">\n\t\t\t<div class=\"elementor-spacer-inner\"><\/div>\n\t\t<\/div>\n\t\t\t\t\t\t<\/div>\n\t\t\t\t<\/div>\n\t\t\t\t\t<\/div>\n\t\t\t\t<\/div>\n\t\t\t\t<\/div>\n\t\t","protected":false},"excerpt":{"rendered":"<p>Tr\u00e0 chi\u1ec1u T\u1eadn h\u01b0\u1edfng gi\u00e2y ph\u00fat th\u01b0 th\u00e1i v\u1edbi ti\u1ec7c tr\u00e0 chi\u1ec1u nh\u1eb9 nh\u00e0ng T\u1eadn h\u01b0\u1edfng bu\u1ed5i chi\u1ec1u th\u01b0 th\u00e1i c\u00f9ng b\u1ea1n b\u00e8, nh\u00e2m nhi t\u00e1ch tr\u00e0 th\u01a1m ng\u00e1t v\u00e0 th\u01b0\u1edfng th\u1ee9c nh\u1eefng chi\u1ebfc b\u00e1nh ngon ng\u1ecdt gi\u1eefa v\u1ebb \u0111\u1eb9p nao n\u1ee9c l\u00f2ng ng\u01b0\u1eddi c\u1ee7a Laguna L\u0103ng C\u00f4. Khung c\u1ea3nh tuy\u1ec7t \u0111\u1eb9p c\u1ee7a s\u00e2n g\u00f4n [&hellip;]<\/p>\n","protected":false},"author":2,"featured_media":11027,"parent":12227,"menu_order":0,"comment_status":"closed","ping_status":"closed","template":"","meta":{"_acf_changed":false,"site-sidebar-layout":"no-sidebar","site-content-layout":"page-builder","ast-site-content-layout":"full-width-container","site-content-style":"default","site-sidebar-style":"default","ast-global-header-display":"","ast-banner-title-visibility":"","ast-main-header-display":"","ast-hfb-above-header-display":"","ast-hfb-below-header-display":"","ast-hfb-mobile-header-display":"","site-post-title":"disabled","ast-breadcrumbs-content":"","ast-featured-img":"disabled","footer-sml-layout":"","ast-disable-related-posts":"","theme-transparent-header-meta":"default","adv-header-id-meta":"","stick-header-meta":"default","header-above-stick-meta":"","header-main-stick-meta":"","header-below-stick-meta":"","astra-migrate-meta-layouts":"set","ast-page-background-enabled":"default","ast-page-background-meta":{"desktop":{"background-color":"var(--ast-global-color-4)","background-image":"","background-repeat":"repeat","background-position":"center center","background-size":"auto","background-attachment":"scroll","background-type":"","background-media":"","overlay-type":"","overlay-color":"","overlay-opacity":"","overlay-gradient":""},"tablet":{"background-color":"","background-image":"","background-repeat":"repeat","background-position":"center center","background-size":"auto","background-attachment":"scroll","background-type":"","background-media":"","overlay-type":"","overlay-color":"","overlay-opacity":"","overlay-gradient":""},"mobile":{"background-color":"","background-image":"","background-repeat":"repeat","background-position":"center center","background-size":"auto","background-attachment":"scroll","background-type":"","background-media":"","overlay-type":"","overlay-color":"","overlay-opacity":"","overlay-gradient":""}},"ast-content-background-meta":{"desktop":{"background-color":"var(--ast-global-color-5)","background-image":"","background-repeat":"repeat","background-position":"center center","background-size":"auto","background-attachment":"scroll","background-type":"","background-media":"","overlay-type":"","overlay-color":"","overlay-opacity":"","overlay-gradient":""},"tablet":{"background-color":"var(--ast-global-color-5)","background-image":"","background-repeat":"repeat","background-position":"center center","background-size":"auto","background-attachment":"scroll","background-type":"","background-media":"","overlay-type":"","overlay-color":"","overlay-opacity":"","overlay-gradient":""},"mobile":{"background-color":"var(--ast-global-color-5)","background-image":"","background-repeat":"repeat","background-position":"center center","background-size":"auto","background-attachment":"scroll","background-type":"","background-media":"","overlay-type":"","overlay-color":"","overlay-opacity":"","overlay-gradient":""}},"footnotes":""},"class_list":["post-12321","page","type-page","status-publish","has-post-thumbnail","hentry"],"acf":[],"_links":{"self":[{"href":"https:\/\/www.lagunalangco.com\/vi\/wp-json\/wp\/v2\/pages\/12321","targetHints":{"allow":["GET"]}}],"collection":[{"href":"https:\/\/www.lagunalangco.com\/vi\/wp-json\/wp\/v2\/pages"}],"about":[{"href":"https:\/\/www.lagunalangco.com\/vi\/wp-json\/wp\/v2\/types\/page"}],"author":[{"embeddable":true,"href":"https:\/\/www.lagunalangco.com\/vi\/wp-json\/wp\/v2\/users\/2"}],"replies":[{"embeddable":true,"href":"https:\/\/www.lagunalangco.com\/vi\/wp-json\/wp\/v2\/comments?post=12321"}],"version-history":[{"count":0,"href":"https:\/\/www.lagunalangco.com\/vi\/wp-json\/wp\/v2\/pages\/12321\/revisions"}],"up":[{"embeddable":true,"href":"https:\/\/www.lagunalangco.com\/vi\/wp-json\/wp\/v2\/pages\/12227"}],"wp:featuredmedia":[{"embeddable":true,"href":"https:\/\/www.lagunalangco.com\/vi\/wp-json\/wp\/v2\/media\/11027"}],"wp:attachment":[{"href":"https:\/\/www.lagunalangco.com\/vi\/wp-json\/wp\/v2\/media?parent=12321"}],"curies":[{"name":"wp","href":"https:\/\/api.w.org\/{rel}","templated":true}]}}