{"id":12320,"date":"2023-11-07T09:51:10","date_gmt":"2023-11-07T09:51:10","guid":{"rendered":"https:\/\/www.lagunalangco.com\/to-chuc-su-kien\/weddings\/"},"modified":"2025-11-05T10:05:17","modified_gmt":"2025-11-05T10:05:17","slug":"tiec-cuoi","status":"publish","type":"page","link":"https:\/\/www.lagunalangco.com\/vi\/to-chuc-su-kien\/tiec-cuoi\/","title":{"rendered":"Ti\u1ec7c c\u01b0\u1edbi"},"content":{"rendered":"\t\t<div data-elementor-type=\"wp-page\" data-elementor-id=\"12320\" class=\"elementor elementor-12320 elementor-5305\" data-elementor-post-type=\"page\">\n\t\t\t\t<div class=\"elementor-element elementor-element-e3d450e e-flex e-con-boxed e-con e-parent\" data-id=\"e3d450e\" data-element_type=\"container\" data-e-type=\"container\" data-settings=\"{&quot;background_background&quot;:&quot;classic&quot;}\">\n\t\t\t\t\t<div class=\"e-con-inner\">\n\t\t\t\t<div class=\"elementor-element elementor-element-2cd6b269 elementor-widget elementor-widget-heading\" data-id=\"2cd6b269\" data-element_type=\"widget\" data-e-type=\"widget\" data-widget_type=\"heading.default\">\n\t\t\t\t<div class=\"elementor-widget-container\">\n\t\t\t\t\t<h1 class=\"elementor-heading-title elementor-size-default\">Ti\u1ec7c c\u01b0\u1edbi<\/h1>\t\t\t\t<\/div>\n\t\t\t\t<\/div>\n\t\t\t\t\t<\/div>\n\t\t\t\t<\/div>\n\t\t<div class=\"elementor-element elementor-element-0da3145 e-flex e-con-boxed e-con e-parent\" data-id=\"0da3145\" data-element_type=\"container\" data-e-type=\"container\">\n\t\t\t\t\t<div class=\"e-con-inner\">\n\t\t<div class=\"elementor-element elementor-element-c8609f2 e-con-full e-flex e-con e-child\" data-id=\"c8609f2\" data-element_type=\"container\" data-e-type=\"container\">\n\t\t\t\t<div class=\"elementor-element elementor-element-f8bba87 elementor-widget elementor-widget-heading\" data-id=\"f8bba87\" data-element_type=\"widget\" data-e-type=\"widget\" data-widget_type=\"heading.default\">\n\t\t\t\t<div class=\"elementor-widget-container\">\n\t\t\t\t\t<h2 class=\"elementor-heading-title elementor-size-default\">M\u1ed9t l\u1ec5 c\u01b0\u1edbi trong m\u01a1 \u0111\u01b0\u1ee3c v\u1ebd l\u00ean nh\u1eb1m t\u01b0\u1ee3ng tr\u01b0ng cho t\u00ecnh y\u00eau v\u0129nh h\u1eb1ng c\u1ee7a b\u1ea1n<\/h2>\t\t\t\t<\/div>\n\t\t\t\t<\/div>\n\t\t\t\t<div class=\"elementor-element elementor-element-2f1a243 elementor-widget elementor-widget-text-editor\" data-id=\"2f1a243\" data-element_type=\"widget\" data-e-type=\"widget\" data-widget_type=\"text-editor.default\">\n\t\t\t\t<div class=\"elementor-widget-container\">\n\t\t\t\t\t\t\t\t\t<p>Khu ngh\u1ec9 d\u01b0\u1ee1ng \u0111\u01b0\u1ee3c thi\u00ean nhi\u00ean \u01b0u \u00e1i v\u1edbi khung c\u1ea3nh xanh m\u01b0\u1edbt c\u1ea1nh v\u1ecbnh bi\u1ec3n b\u00ecnh y\u00ean. H\u1ee9a h\u1eb9n s\u1ebd ch\u00ednh l\u00e0 \u0111\u1ecba \u0111i\u1ec3m tuy\u1ec7t v\u1eddi cho ng\u00e0y h\u1ea1nh ph\u00fac c\u1ee7a b\u1ea1n b\u00ean c\u1ea1nh gia \u0111\u00ecnh v\u00e0 ng\u01b0\u1eddi th\u00e2n. D\u1ecbch v\u1ee5 \u1ea9m th\u1ef1c phong ph\u00fa \u0111\u1eb7c tr\u01b0ng c\u1ee7a nhi\u1ec1u v\u00f9ng \u0111\u1ea5t tr\u00ean th\u1ebf gi\u1edbi c\u0169ng l\u00e0 \u0111i\u1ec3m c\u1ed9ng \u0111\u1ec3 b\u1ea1n l\u1ef1a ch\u1ecdn Laguna L\u0103ng C\u00f4. Li\u00ean h\u1ec7 v\u1edbi ch\u00fang t\u00f4i ngay h\u00f4m nay \u0111\u1ec3 \u0111\u01b0\u1ee3c t\u01b0 v\u1ea5n v\u1ec1 c\u00e1c g\u00f3i d\u1ecbch v\u1ee5 v\u00e0 ti\u1ec7c c\u01b0\u1edbi.<\/p>\t\t\t\t\t\t\t\t<\/div>\n\t\t\t\t<\/div>\n\t\t\t\t<\/div>\n\t\t\t\t\t<\/div>\n\t\t\t\t<\/div>\n\t\t<div class=\"elementor-element elementor-element-efe90dc e-flex e-con-boxed e-con e-parent\" data-id=\"efe90dc\" data-element_type=\"container\" data-e-type=\"container\">\n\t\t\t\t\t<div class=\"e-con-inner\">\n\t\t<div class=\"elementor-element elementor-element-f8a89de e-con-full e-flex e-con e-child\" data-id=\"f8a89de\" data-element_type=\"container\" data-e-type=\"container\">\n\t\t\t\t<div class=\"elementor-element elementor-element-e57db3b elementor-arrows-position-inside elementor-widget elementor-widget-image-carousel\" data-id=\"e57db3b\" data-element_type=\"widget\" data-e-type=\"widget\" data-settings=\"{&quot;slides_to_show&quot;:&quot;1&quot;,&quot;navigation&quot;:&quot;arrows&quot;,&quot;autoplay&quot;:&quot;no&quot;,&quot;infinite&quot;:&quot;yes&quot;,&quot;effect&quot;:&quot;slide&quot;,&quot;speed&quot;:500}\" data-widget_type=\"image-carousel.default\">\n\t\t\t\t<div class=\"elementor-widget-container\">\n\t\t\t\t\t\t\t<div class=\"elementor-image-carousel-wrapper swiper\" role=\"region\" aria-roledescription=\"carousel\" aria-label=\"Image Carousel\" dir=\"ltr\">\n\t\t\t<div class=\"elementor-image-carousel swiper-wrapper\" aria-live=\"polite\">\n\t\t\t\t\t\t\t\t<div class=\"swiper-slide\" role=\"group\" aria-roledescription=\"slide\" aria-label=\"1 of 7\"><figure class=\"swiper-slide-inner\"><img decoding=\"async\" class=\"swiper-slide-image\" src=\"https:\/\/www.lagunalangco.com\/wp-content\/uploads\/2024\/04\/Wedding-block-1.jpg\" alt=\"Wedding-block-1.jpg\" \/><\/figure><\/div><div class=\"swiper-slide\" role=\"group\" aria-roledescription=\"slide\" aria-label=\"2 of 7\"><figure class=\"swiper-slide-inner\"><img decoding=\"async\" class=\"swiper-slide-image\" src=\"https:\/\/www.lagunalangco.com\/wp-content\/uploads\/2024\/04\/Romance-on-the-Beach-4.jpg\" alt=\"Romance-on-the-Beach-4.jpg\" \/><\/figure><\/div><div class=\"swiper-slide\" role=\"group\" aria-roledescription=\"slide\" aria-label=\"3 of 7\"><figure class=\"swiper-slide-inner\"><img decoding=\"async\" class=\"swiper-slide-image\" src=\"https:\/\/www.lagunalangco.com\/wp-content\/uploads\/2024\/04\/bt-langco-wedding-compressed-1.webp\" alt=\"bt-langco-wedding-compressed.webp\" \/><\/figure><\/div><div class=\"swiper-slide\" role=\"group\" aria-roledescription=\"slide\" aria-label=\"4 of 7\"><figure class=\"swiper-slide-inner\"><img decoding=\"async\" class=\"swiper-slide-image\" src=\"https:\/\/www.lagunalangco.com\/wp-content\/uploads\/2024\/04\/an-langco-beachfront-1.jpg\" alt=\"an-langco-beachfront.jpg\" \/><\/figure><\/div><div class=\"swiper-slide\" role=\"group\" aria-roledescription=\"slide\" aria-label=\"5 of 7\"><figure class=\"swiper-slide-inner\"><img decoding=\"async\" class=\"swiper-slide-image\" src=\"https:\/\/www.lagunalangco.com\/wp-content\/uploads\/2024\/04\/Romance-on-the-Beach-1.jpg\" alt=\"Romance-on-the-Beach-1.jpg\" \/><\/figure><\/div><div class=\"swiper-slide\" role=\"group\" aria-roledescription=\"slide\" aria-label=\"6 of 7\"><figure class=\"swiper-slide-inner\"><img decoding=\"async\" class=\"swiper-slide-image\" src=\"https:\/\/www.lagunalangco.com\/wp-content\/uploads\/2024\/04\/Romance-on-the-Beach-5.jpg\" alt=\"Romance-on-the-Beach-5.jpg\" \/><\/figure><\/div><div class=\"swiper-slide\" role=\"group\" aria-roledescription=\"slide\" aria-label=\"7 of 7\"><figure class=\"swiper-slide-inner\"><img decoding=\"async\" class=\"swiper-slide-image\" src=\"https:\/\/www.lagunalangco.com\/wp-content\/uploads\/2024\/04\/Romance-on-the-Beach-2.jpg\" alt=\"Romance-on-the-Beach-2.jpg\" \/><\/figure><\/div>\t\t\t<\/div>\n\t\t\t\t\t\t\t\t\t\t\t\t<div class=\"elementor-swiper-button elementor-swiper-button-prev\" role=\"button\" tabindex=\"0\">\n\t\t\t\t\t\t<i aria-hidden=\"true\" class=\"eicon-chevron-left\"><\/i>\t\t\t\t\t<\/div>\n\t\t\t\t\t<div class=\"elementor-swiper-button elementor-swiper-button-next\" role=\"button\" tabindex=\"0\">\n\t\t\t\t\t\t<i aria-hidden=\"true\" class=\"eicon-chevron-right\"><\/i>\t\t\t\t\t<\/div>\n\t\t\t\t\n\t\t\t\t\t\t\t\t\t<\/div>\n\t\t\t\t\t\t<\/div>\n\t\t\t\t<\/div>\n\t\t\t\t<\/div>\n\t\t<div class=\"elementor-element elementor-element-5b27607 e-con-full e-flex e-con e-child\" data-id=\"5b27607\" data-element_type=\"container\" data-e-type=\"container\">\n\t\t\t\t<div class=\"elementor-element elementor-element-0eb1d39 elementor-widget elementor-widget-heading\" data-id=\"0eb1d39\" data-element_type=\"widget\" data-e-type=\"widget\" data-widget_type=\"heading.default\">\n\t\t\t\t<div class=\"elementor-widget-container\">\n\t\t\t\t\t<h2 class=\"elementor-heading-title elementor-size-default\">L\u00e3ng m\u1ea1n tr\u00ean b\u1edd bi\u1ec3n<\/h2>\t\t\t\t<\/div>\n\t\t\t\t<\/div>\n\t\t\t\t<div class=\"elementor-element elementor-element-a74a75e elementor-widget elementor-widget-heading\" data-id=\"a74a75e\" data-element_type=\"widget\" data-e-type=\"widget\" data-widget_type=\"heading.default\">\n\t\t\t\t<div class=\"elementor-widget-container\">\n\t\t\t\t\t<div class=\"elementor-heading-title elementor-size-default\">L\u1eddi nguy\u1ec7n th\u1ec1 \u0111\u01b0\u1ee3c minh ch\u1ee9ng b\u1edfi bi\u1ec3n xanh<\/div>\t\t\t\t<\/div>\n\t\t\t\t<\/div>\n\t\t\t\t<div class=\"elementor-element elementor-element-324f1e2 elementor-widget elementor-widget-text-editor\" data-id=\"324f1e2\" data-element_type=\"widget\" data-e-type=\"widget\" data-widget_type=\"text-editor.default\">\n\t\t\t\t<div class=\"elementor-widget-container\">\n\t\t\t\t\t\t\t\t\t<p>N\u00e9p m\u00ecnh trong v\u1ecbnh L\u0103ng C\u00f4, \u0111\u01b0\u1ee3c bi\u1ebft \u0111\u1ebfn l\u00e0 m\u1ed9t trong nh\u1eefng v\u1ecbnh bi\u1ec3n \u0111\u1eb9p nh\u1ea5t Th\u1ebf Gi\u1edbi, Banyan Tree L\u0103ng C\u00f4 v\u1edbi b\u00e3i bi\u1ec3n ri\u00eang v\u00f4 c\u00f9ng l\u00e3ng m\u1ea1n, h\u1ee9a h\u1eb9n s\u1ebd l\u00e0 \u0111\u1ecba \u0111i\u1ec3m trong m\u01a1 cho l\u1ec5 c\u01b0\u1edbi c\u1ee7a b\u1ea1n.<\/p>\t\t\t\t\t\t\t\t<\/div>\n\t\t\t\t<\/div>\n\t\t\t\t<\/div>\n\t\t\t\t\t<\/div>\n\t\t\t\t<\/div>\n\t\t<div class=\"elementor-element elementor-element-23bcc2b e-flex e-con-boxed e-con e-parent\" data-id=\"23bcc2b\" data-element_type=\"container\" data-e-type=\"container\">\n\t\t\t\t\t<div class=\"e-con-inner\">\n\t\t<div class=\"elementor-element elementor-element-1889f5b e-con-full e-flex e-con e-child\" data-id=\"1889f5b\" data-element_type=\"container\" data-e-type=\"container\">\n\t\t\t\t<div class=\"elementor-element elementor-element-3f26620 elementor-arrows-position-inside elementor-widget elementor-widget-image-carousel\" data-id=\"3f26620\" data-element_type=\"widget\" data-e-type=\"widget\" data-settings=\"{&quot;slides_to_show&quot;:&quot;1&quot;,&quot;navigation&quot;:&quot;arrows&quot;,&quot;autoplay&quot;:&quot;no&quot;,&quot;infinite&quot;:&quot;yes&quot;,&quot;effect&quot;:&quot;slide&quot;,&quot;speed&quot;:500}\" data-widget_type=\"image-carousel.default\">\n\t\t\t\t<div class=\"elementor-widget-container\">\n\t\t\t\t\t\t\t<div class=\"elementor-image-carousel-wrapper swiper\" role=\"region\" aria-roledescription=\"carousel\" aria-label=\"Image Carousel\" dir=\"ltr\">\n\t\t\t<div class=\"elementor-image-carousel swiper-wrapper\" aria-live=\"polite\">\n\t\t\t\t\t\t\t\t<div class=\"swiper-slide\" role=\"group\" aria-roledescription=\"slide\" aria-label=\"1 of 4\"><figure class=\"swiper-slide-inner\"><img decoding=\"async\" class=\"swiper-slide-image\" src=\"https:\/\/www.lagunalangco.com\/wp-content\/uploads\/2024\/04\/Wedding-Chappel-2.jpg\" alt=\"Wedding-Chappel-2.jpg\" \/><\/figure><\/div><div class=\"swiper-slide\" role=\"group\" aria-roledescription=\"slide\" aria-label=\"2 of 4\"><figure class=\"swiper-slide-inner\"><img decoding=\"async\" class=\"swiper-slide-image\" src=\"https:\/\/www.lagunalangco.com\/wp-content\/uploads\/2024\/09\/laguna-langco-wedding-chapel-e1726720744236.webp\" alt=\"laguna-langco-wedding-chapel\" \/><\/figure><\/div><div class=\"swiper-slide\" role=\"group\" aria-roledescription=\"slide\" aria-label=\"3 of 4\"><figure class=\"swiper-slide-inner\"><img decoding=\"async\" class=\"swiper-slide-image\" src=\"https:\/\/www.lagunalangco.com\/wp-content\/uploads\/2024\/04\/Angsana-Lang-Co-wedding-1-1.jpg\" alt=\"Angsana-Lang-Co-wedding-1.jpg\" \/><\/figure><\/div><div class=\"swiper-slide\" role=\"group\" aria-roledescription=\"slide\" aria-label=\"4 of 4\"><figure class=\"swiper-slide-inner\"><img decoding=\"async\" class=\"swiper-slide-image\" src=\"https:\/\/www.lagunalangco.com\/wp-content\/uploads\/2024\/04\/Wedding-Chappel-1.jpg\" alt=\"Wedding-Chappel-1.jpg\" \/><\/figure><\/div>\t\t\t<\/div>\n\t\t\t\t\t\t\t\t\t\t\t\t<div class=\"elementor-swiper-button elementor-swiper-button-prev\" role=\"button\" tabindex=\"0\">\n\t\t\t\t\t\t<i aria-hidden=\"true\" class=\"eicon-chevron-left\"><\/i>\t\t\t\t\t<\/div>\n\t\t\t\t\t<div class=\"elementor-swiper-button elementor-swiper-button-next\" role=\"button\" tabindex=\"0\">\n\t\t\t\t\t\t<i aria-hidden=\"true\" class=\"eicon-chevron-right\"><\/i>\t\t\t\t\t<\/div>\n\t\t\t\t\n\t\t\t\t\t\t\t\t\t<\/div>\n\t\t\t\t\t\t<\/div>\n\t\t\t\t<\/div>\n\t\t\t\t<\/div>\n\t\t<div class=\"elementor-element elementor-element-62f08f0 e-con-full e-flex e-con e-child\" data-id=\"62f08f0\" data-element_type=\"container\" data-e-type=\"container\">\n\t\t\t\t<div class=\"elementor-element elementor-element-7d40cfc elementor-widget elementor-widget-heading\" data-id=\"7d40cfc\" data-element_type=\"widget\" data-e-type=\"widget\" data-widget_type=\"heading.default\">\n\t\t\t\t<div class=\"elementor-widget-container\">\n\t\t\t\t\t<h2 class=\"elementor-heading-title elementor-size-default\">Nh\u00e0 nguy\u1ec7n <\/h2>\t\t\t\t<\/div>\n\t\t\t\t<\/div>\n\t\t\t\t<div class=\"elementor-element elementor-element-4a1fd2a elementor-widget elementor-widget-heading\" data-id=\"4a1fd2a\" data-element_type=\"widget\" data-e-type=\"widget\" data-widget_type=\"heading.default\">\n\t\t\t\t<div class=\"elementor-widget-container\">\n\t\t\t\t\t<div class=\"elementor-heading-title elementor-size-default\">Hi\u1ec7n th\u1ef1c h\u00f3a l\u1ec5 c\u01b0\u1edbi trong m\u01a1<\/div>\t\t\t\t<\/div>\n\t\t\t\t<\/div>\n\t\t\t\t<div class=\"elementor-element elementor-element-934ffb4 elementor-widget elementor-widget-text-editor\" data-id=\"934ffb4\" data-element_type=\"widget\" data-e-type=\"widget\" data-widget_type=\"text-editor.default\">\n\t\t\t\t<div class=\"elementor-widget-container\">\n\t\t\t\t\t\t\t\t\t<p>K\u1ebft h\u1ee3p gi\u1eefa s\u1ef1 tinh t\u1ebf, l\u00e3ng m\u1ea1n v\u00e0 th\u00e2n m\u1eadt, Chapel l\u00e0 ki\u1ec3u thi\u1ebft k\u1ebf c\u1ed5 \u0111i\u1ec3n cho m\u1ed9t \u0111\u00e1m c\u01b0\u1edbi ng\u1eadp tr\u00e0n h\u1ea1nh ph\u00fac. Bao quanh b\u1edfi khung c\u1ea3nh n\u00fai ng\u00e0n xanh m\u00e1t quanh n\u0103m v\u00e0 t\u1ea7m nh\u00ecn h\u01b0\u1edbng bi\u1ec3n tuy\u1ec7t m\u1ef9, nh\u00e0 th\u1edd nh\u1ecf t\u1ed5 ch\u1ee9c \u0111\u00e1m c\u01b0\u1edbi t\u1ea1i Laguna L\u0103ng C\u00f4 l\u00e0 s\u1ef1 l\u1ef1a ch\u1ecdn ho\u00e0n h\u1ea3o cho l\u1ec5 c\u01b0\u1edbi.<\/p><p>Chuy\u00ean vi\u00ean t\u1ed5 ch\u1ee9c ti\u1ec7c c\u01b0\u1edbi s\u1ebd tr\u1ef1c ti\u1ebfp \u0111i\u1ec1u ph\u1ed1i c\u00f4ng vi\u1ec7c chuy\u00ean nghi\u1ec7p v\u00e0 kh\u00e9o l\u00e9o cho ng\u00e0y tr\u1ecdng \u0111\u1ea1i n\u00e0y. M\u1ed9t ti\u1ec7c c\u01b0\u1edbi theo phong c\u00e1ch Chapel bao g\u1ed3m t\u1eeb 40-60 kh\u00e1ch.<\/p>\t\t\t\t\t\t\t\t<\/div>\n\t\t\t\t<\/div>\n\t\t\t\t<\/div>\n\t\t\t\t\t<\/div>\n\t\t\t\t<\/div>\n\t\t<div class=\"elementor-element elementor-element-f0a1c7d e-flex e-con-boxed e-con e-parent\" data-id=\"f0a1c7d\" data-element_type=\"container\" data-e-type=\"container\" data-settings=\"{&quot;background_background&quot;:&quot;classic&quot;}\">\n\t\t\t\t\t<div class=\"e-con-inner\">\n\t\t\t\t<div class=\"elementor-element elementor-element-64b0433 elementor-widget elementor-widget-heading\" data-id=\"64b0433\" data-element_type=\"widget\" data-e-type=\"widget\" data-widget_type=\"heading.default\">\n\t\t\t\t<div class=\"elementor-widget-container\">\n\t\t\t\t\t<h2 class=\"elementor-heading-title elementor-size-default\">G\u00f3i d\u1ecbch v\u1ee5 c\u01b0\u1edbi<\/h2>\t\t\t\t<\/div>\n\t\t\t\t<\/div>\n\t\t\t\t\t<\/div>\n\t\t\t\t<\/div>\n\t\t<div class=\"elementor-element elementor-element-2a18c62 e-grid e-con-boxed e-con e-parent\" data-id=\"2a18c62\" data-element_type=\"container\" data-e-type=\"container\">\n\t\t\t\t\t<div class=\"e-con-inner\">\n\t\t<div class=\"elementor-element elementor-element-6b5fdf2 e-flex e-con-boxed e-con e-child\" data-id=\"6b5fdf2\" data-element_type=\"container\" data-e-type=\"container\">\n\t\t\t\t\t<div class=\"e-con-inner\">\n\t\t\t\t<div class=\"elementor-element elementor-element-f4a87b6 elementor-position-top elementor-widget elementor-widget-image-box\" data-id=\"f4a87b6\" data-element_type=\"widget\" data-e-type=\"widget\" data-widget_type=\"image-box.default\">\n\t\t\t\t<div class=\"elementor-widget-container\">\n\t\t\t\t\t<div class=\"elementor-image-box-wrapper\"><figure class=\"elementor-image-box-img\"><img fetchpriority=\"high\" decoding=\"async\" width=\"1920\" height=\"1280\" src=\"https:\/\/www.lagunalangco.com\/wp-content\/uploads\/2024\/04\/bt-langco-wedding-compressed-1.webp\" class=\"attachment-full size-full wp-image-16266\" alt=\"\" srcset=\"https:\/\/www.lagunalangco.com\/wp-content\/uploads\/2024\/04\/bt-langco-wedding-compressed-1.webp 1920w, https:\/\/www.lagunalangco.com\/wp-content\/uploads\/2024\/04\/bt-langco-wedding-compressed-1-300x200.webp 300w, https:\/\/www.lagunalangco.com\/wp-content\/uploads\/2024\/04\/bt-langco-wedding-compressed-1-1024x683.webp 1024w, https:\/\/www.lagunalangco.com\/wp-content\/uploads\/2024\/04\/bt-langco-wedding-compressed-1-768x512.webp 768w, https:\/\/www.lagunalangco.com\/wp-content\/uploads\/2024\/04\/bt-langco-wedding-compressed-1-1536x1024.webp 1536w, https:\/\/www.lagunalangco.com\/wp-content\/uploads\/2024\/04\/bt-langco-wedding-compressed-1-200x133.webp 200w\" sizes=\"(max-width: 1920px) 100vw, 1920px\" \/><\/figure><div class=\"elementor-image-box-content\"><h3 class=\"elementor-image-box-title\">Banyan Tree L\u0103ng C\u00f4<\/h3><p class=\"elementor-image-box-description\">L\u1eddi nguy\u1ec7n th\u1ec1 l\u1ee9a \u0111\u00f4i \u0111\u01b0\u1ee3c minh ch\u1ee9ng b\u1edfi bi\u1ec3n xanh, c\u00e1t v\u00e0ng t\u1ea1i m\u1ed9t b\u00e3i bi\u1ec3n ri\u00eang t\u01b0. S\u1eafc xanh l\u1ea5p l\u00e1nh khi nh\u00ecn ra bi\u1ec3n \u0110\u00f4ng m\u00eanh m\u00f4ng, v\u01b0\u1ee3t xa l\u00e0 t\u1ea7m nh\u00ecn l\u1ed9ng l\u1eaby t\u1eeb d\u00e3y Tr\u01b0\u1eddng S\u01a1n h\u00f9ng v\u0129, n\u01a1i \u0111\u00e2y x\u1ee9ng \u0111\u00e1ng l\u00e0 \u0111\u1ecba \u0111i\u1ec3m ho\u00e0n h\u1ea3o cho ng\u00e0y \u0111\u1eb7c bi\u1ec7t tr\u1ecdng \u0111\u1ea1i nh\u1ea5t c\u1ee7a qu\u00fd kh\u00e1ch.<\/p><\/div><\/div>\t\t\t\t<\/div>\n\t\t\t\t<\/div>\n\t\t\t\t<div class=\"elementor-element elementor-element-d9c1788 elementor-widget elementor-widget-button\" data-id=\"d9c1788\" data-element_type=\"widget\" data-e-type=\"widget\" data-widget_type=\"button.default\">\n\t\t\t\t<div class=\"elementor-widget-container\">\n\t\t\t\t\t\t\t\t\t<div class=\"elementor-button-wrapper\">\n\t\t\t\t\t<a class=\"elementor-button elementor-button-link elementor-size-sm\" href=\"https:\/\/www.banyantree.com\/vi\/vietnam\/lang-co\/weddings-honeymoons\" target=\"_blank\">\n\t\t\t\t\t\t<span class=\"elementor-button-content-wrapper\">\n\t\t\t\t\t\t\t\t\t<span class=\"elementor-button-text\">Xem chi ti\u1ebft<\/span>\n\t\t\t\t\t<\/span>\n\t\t\t\t\t<\/a>\n\t\t\t\t<\/div>\n\t\t\t\t\t\t\t\t<\/div>\n\t\t\t\t<\/div>\n\t\t\t\t\t<\/div>\n\t\t\t\t<\/div>\n\t\t<div class=\"elementor-element elementor-element-52e4f2f e-flex e-con-boxed e-con e-child\" data-id=\"52e4f2f\" data-element_type=\"container\" data-e-type=\"container\">\n\t\t\t\t\t<div class=\"e-con-inner\">\n\t\t\t\t<div class=\"elementor-element elementor-element-b60a187 elementor-position-top elementor-widget elementor-widget-image-box\" data-id=\"b60a187\" data-element_type=\"widget\" data-e-type=\"widget\" data-widget_type=\"image-box.default\">\n\t\t\t\t<div class=\"elementor-widget-container\">\n\t\t\t\t\t<div class=\"elementor-image-box-wrapper\"><figure class=\"elementor-image-box-img\"><img decoding=\"async\" width=\"1080\" height=\"720\" src=\"https:\/\/www.lagunalangco.com\/wp-content\/uploads\/2024\/04\/an-langco-beachfront-1.jpg\" class=\"attachment-full size-full wp-image-16268\" alt=\"\" srcset=\"https:\/\/www.lagunalangco.com\/wp-content\/uploads\/2024\/04\/an-langco-beachfront-1.jpg 1080w, https:\/\/www.lagunalangco.com\/wp-content\/uploads\/2024\/04\/an-langco-beachfront-1-300x200.jpg 300w, https:\/\/www.lagunalangco.com\/wp-content\/uploads\/2024\/04\/an-langco-beachfront-1-1024x683.jpg 1024w, https:\/\/www.lagunalangco.com\/wp-content\/uploads\/2024\/04\/an-langco-beachfront-1-768x512.jpg 768w, https:\/\/www.lagunalangco.com\/wp-content\/uploads\/2024\/04\/an-langco-beachfront-1-200x133.jpg 200w\" sizes=\"(max-width: 1080px) 100vw, 1080px\" \/><\/figure><div class=\"elementor-image-box-content\"><h3 class=\"elementor-image-box-title\">Angsana L\u0103ng C\u00f4<\/h3><p class=\"elementor-image-box-description\">Vi\u1ebft ti\u1ebfp \u201cchuy\u1ec7n t\u00ecnh c\u1ed5 t\u00edch\u201d c\u1ee7a b\u1ea1n b\u1eb1ng l\u1ec5 c\u01b0\u1edbi trong m\u01a1 v\u1edbi b\u1edd bi\u1ec3n ri\u00eang t\u01b0, b\u00e3i c\u00e1t v\u00e0ng m\u1ecbn, kh\u00f4ng gian l\u00e3ng m\u1ea1n c\u00f9ng ti\u1ebfng nh\u1ea1c nh\u1eb9 nh\u00e0ng t\u1ea1i L\u0103ng C\u00f4 - Top v\u1ecbnh \u0111\u1eb9p nh\u1ea5t th\u1ebf gi\u1edbi. H\u00e3y \u0111\u1ebfn v\u1edbi Angsana v\u00e0 c\u00f9ng t\u1ea1o ra nh\u1eefng kho\u1ea3nh kh\u1eafc n\u00ean duy\u00ean \u0111\u00e1ng nh\u1edb!<\/p><\/div><\/div>\t\t\t\t<\/div>\n\t\t\t\t<\/div>\n\t\t\t\t<div class=\"elementor-element elementor-element-f74d9c2 elementor-widget elementor-widget-button\" data-id=\"f74d9c2\" data-element_type=\"widget\" data-e-type=\"widget\" data-widget_type=\"button.default\">\n\t\t\t\t<div class=\"elementor-widget-container\">\n\t\t\t\t\t\t\t\t\t<div class=\"elementor-button-wrapper\">\n\t\t\t\t\t<a class=\"elementor-button elementor-button-link elementor-size-sm\" href=\"https:\/\/www.angsana.com\/vietnam\/lang-co\/wedding-honeymoons\" target=\"_blank\">\n\t\t\t\t\t\t<span class=\"elementor-button-content-wrapper\">\n\t\t\t\t\t\t\t\t\t<span class=\"elementor-button-text\">Xem chi ti\u1ebft<\/span>\n\t\t\t\t\t<\/span>\n\t\t\t\t\t<\/a>\n\t\t\t\t<\/div>\n\t\t\t\t\t\t\t\t<\/div>\n\t\t\t\t<\/div>\n\t\t\t\t\t<\/div>\n\t\t\t\t<\/div>\n\t\t\t\t\t<\/div>\n\t\t\t\t<\/div>\n\t\t<div class=\"elementor-element elementor-element-92691cb e-flex e-con-boxed e-con e-parent\" data-id=\"92691cb\" data-element_type=\"container\" data-e-type=\"container\">\n\t\t\t\t\t<div class=\"e-con-inner\">\n\t\t\t\t<div class=\"elementor-element elementor-element-c743418 elementor-widget elementor-widget-spacer\" data-id=\"c743418\" data-element_type=\"widget\" data-e-type=\"widget\" data-widget_type=\"spacer.default\">\n\t\t\t\t<div class=\"elementor-widget-container\">\n\t\t\t\t\t\t\t<div class=\"elementor-spacer\">\n\t\t\t<div class=\"elementor-spacer-inner\"><\/div>\n\t\t<\/div>\n\t\t\t\t\t\t<\/div>\n\t\t\t\t<\/div>\n\t\t\t\t\t<\/div>\n\t\t\t\t<\/div>\n\t\t\t\t<\/div>\n\t\t","protected":false},"excerpt":{"rendered":"<p>Ti\u1ec7c c\u01b0\u1edbi M\u1ed9t l\u1ec5 c\u01b0\u1edbi trong m\u01a1 \u0111\u01b0\u1ee3c v\u1ebd l\u00ean nh\u1eb1m t\u01b0\u1ee3ng tr\u01b0ng cho t\u00ecnh y\u00eau v\u0129nh h\u1eb1ng c\u1ee7a b\u1ea1n Khu ngh\u1ec9 d\u01b0\u1ee1ng \u0111\u01b0\u1ee3c thi\u00ean nhi\u00ean \u01b0u \u00e1i v\u1edbi khung c\u1ea3nh xanh m\u01b0\u1edbt c\u1ea1nh v\u1ecbnh bi\u1ec3n b\u00ecnh y\u00ean. H\u1ee9a h\u1eb9n s\u1ebd ch\u00ednh l\u00e0 \u0111\u1ecba \u0111i\u1ec3m tuy\u1ec7t v\u1eddi cho ng\u00e0y h\u1ea1nh ph\u00fac c\u1ee7a b\u1ea1n b\u00ean c\u1ea1nh [&hellip;]<\/p>\n","protected":false},"author":2,"featured_media":11259,"parent":12305,"menu_order":0,"comment_status":"closed","ping_status":"closed","template":"","meta":{"_acf_changed":false,"site-sidebar-layout":"no-sidebar","site-content-layout":"page-builder","ast-site-content-layout":"full-width-container","site-content-style":"default","site-sidebar-style":"default","ast-global-header-display":"","ast-banner-title-visibility":"","ast-main-header-display":"","ast-hfb-above-header-display":"","ast-hfb-below-header-display":"","ast-hfb-mobile-header-display":"","site-post-title":"disabled","ast-breadcrumbs-content":"","ast-featured-img":"disabled","footer-sml-layout":"","ast-disable-related-posts":"","theme-transparent-header-meta":"default","adv-header-id-meta":"","stick-header-meta":"default","header-above-stick-meta":"","header-main-stick-meta":"","header-below-stick-meta":"","astra-migrate-meta-layouts":"set","ast-page-background-enabled":"default","ast-page-background-meta":{"desktop":{"background-color":"var(--ast-global-color-4)","background-image":"","background-repeat":"repeat","background-position":"center center","background-size":"auto","background-attachment":"scroll","background-type":"","background-media":"","overlay-type":"","overlay-color":"","overlay-opacity":"","overlay-gradient":""},"tablet":{"background-color":"","background-image":"","background-repeat":"repeat","background-position":"center center","background-size":"auto","background-attachment":"scroll","background-type":"","background-media":"","overlay-type":"","overlay-color":"","overlay-opacity":"","overlay-gradient":""},"mobile":{"background-color":"","background-image":"","background-repeat":"repeat","background-position":"center center","background-size":"auto","background-attachment":"scroll","background-type":"","background-media":"","overlay-type":"","overlay-color":"","overlay-opacity":"","overlay-gradient":""}},"ast-content-background-meta":{"desktop":{"background-color":"var(--ast-global-color-5)","background-image":"","background-repeat":"repeat","background-position":"center center","background-size":"auto","background-attachment":"scroll","background-type":"","background-media":"","overlay-type":"","overlay-color":"","overlay-opacity":"","overlay-gradient":""},"tablet":{"background-color":"var(--ast-global-color-5)","background-image":"","background-repeat":"repeat","background-position":"center center","background-size":"auto","background-attachment":"scroll","background-type":"","background-media":"","overlay-type":"","overlay-color":"","overlay-opacity":"","overlay-gradient":""},"mobile":{"background-color":"var(--ast-global-color-5)","background-image":"","background-repeat":"repeat","background-position":"center center","background-size":"auto","background-attachment":"scroll","background-type":"","background-media":"","overlay-type":"","overlay-color":"","overlay-opacity":"","overlay-gradient":""}},"footnotes":""},"class_list":["post-12320","page","type-page","status-publish","has-post-thumbnail","hentry"],"acf":[],"_links":{"self":[{"href":"https:\/\/www.lagunalangco.com\/vi\/wp-json\/wp\/v2\/pages\/12320","targetHints":{"allow":["GET"]}}],"collection":[{"href":"https:\/\/www.lagunalangco.com\/vi\/wp-json\/wp\/v2\/pages"}],"about":[{"href":"https:\/\/www.lagunalangco.com\/vi\/wp-json\/wp\/v2\/types\/page"}],"author":[{"embeddable":true,"href":"https:\/\/www.lagunalangco.com\/vi\/wp-json\/wp\/v2\/users\/2"}],"replies":[{"embeddable":true,"href":"https:\/\/www.lagunalangco.com\/vi\/wp-json\/wp\/v2\/comments?post=12320"}],"version-history":[{"count":0,"href":"https:\/\/www.lagunalangco.com\/vi\/wp-json\/wp\/v2\/pages\/12320\/revisions"}],"up":[{"embeddable":true,"href":"https:\/\/www.lagunalangco.com\/vi\/wp-json\/wp\/v2\/pages\/12305"}],"wp:featuredmedia":[{"embeddable":true,"href":"https:\/\/www.lagunalangco.com\/vi\/wp-json\/wp\/v2\/media\/11259"}],"wp:attachment":[{"href":"https:\/\/www.lagunalangco.com\/vi\/wp-json\/wp\/v2\/media?parent=12320"}],"curies":[{"name":"wp","href":"https:\/\/api.w.org\/{rel}","templated":true}]}}