{"id":12317,"date":"2023-11-07T09:09:28","date_gmt":"2023-11-07T09:09:28","guid":{"rendered":"https:\/\/www.lagunalangco.com\/to-chuc-su-kien\/mice\/"},"modified":"2024-10-30T03:02:05","modified_gmt":"2024-10-30T03:02:05","slug":"hoi-hop","status":"publish","type":"page","link":"https:\/\/www.lagunalangco.com\/vi\/to-chuc-su-kien\/hoi-hop\/","title":{"rendered":"H\u1ed9i H\u1ecdp"},"content":{"rendered":"\t\t<div data-elementor-type=\"wp-page\" data-elementor-id=\"12317\" class=\"elementor elementor-12317 elementor-5252\" data-elementor-post-type=\"page\">\n\t\t\t\t<div class=\"elementor-element elementor-element-a35779f e-flex e-con-boxed e-con e-parent\" data-id=\"a35779f\" data-element_type=\"container\" data-e-type=\"container\" data-settings=\"{&quot;background_background&quot;:&quot;classic&quot;}\">\n\t\t\t\t\t<div class=\"e-con-inner\">\n\t\t\t\t<div class=\"elementor-element elementor-element-ce65b61 elementor-widget elementor-widget-heading\" data-id=\"ce65b61\" data-element_type=\"widget\" data-e-type=\"widget\" data-widget_type=\"heading.default\">\n\t\t\t\t<div class=\"elementor-widget-container\">\n\t\t\t\t\t<h1 class=\"elementor-heading-title elementor-size-default\">H\u1ed9i H\u1ecdp<\/h1>\t\t\t\t<\/div>\n\t\t\t\t<\/div>\n\t\t\t\t\t<\/div>\n\t\t\t\t<\/div>\n\t\t<div class=\"elementor-element elementor-element-0da3145 e-flex e-con-boxed e-con e-parent\" data-id=\"0da3145\" data-element_type=\"container\" data-e-type=\"container\">\n\t\t\t\t\t<div class=\"e-con-inner\">\n\t\t<div class=\"elementor-element elementor-element-c8609f2 e-con-full e-flex e-con e-child\" data-id=\"c8609f2\" data-element_type=\"container\" data-e-type=\"container\">\n\t\t\t\t<div class=\"elementor-element elementor-element-2f1a243 elementor-widget elementor-widget-text-editor\" data-id=\"2f1a243\" data-element_type=\"widget\" data-e-type=\"widget\" data-widget_type=\"text-editor.default\">\n\t\t\t\t<div class=\"elementor-widget-container\">\n\t\t\t\t\t\t\t\t\t<p>V\u1edbi b\u1ed1n ph\u00f2ng h\u1ecdp v\u00e0 m\u1ed9t ph\u00f2ng h\u1ed9i ngh\u1ecb di\u1ec7n t\u00edch 392 m\u00e9t vu\u00f4ng, Angsana L\u0103ng C\u00f4 s\u1eb5n s\u00e0ng ph\u1ee5c v\u1ee5 c\u00e1c s\u1ef1 ki\u1ec7n qu\u1ed1c t\u1ebf, c\u00e1c ch\u01b0\u01a1ng tr\u00ecnh h\u1ed9i ngh\u1ecb trong v\u00e0 ngo\u00e0i n\u01b0\u1edbc. Ph\u00f2ng h\u1ecdp h\u1ed9i \u0111\u1ed3ng qu\u1ea3n tr\u1ecb d\u00e0nh cho 12 ng\u01b0\u1eddi t\u1ea1i Banyan Tree L\u0103ng C\u00f4 l\u00e0 m\u1ed9t \u0111\u1ecba \u0111i\u1ec3m l\u00fd t\u01b0\u1edfng cho c\u00e1c cu\u1ed9c h\u1ecdp c\u1ea5p cao n\u00e0y. T\u1eeb cu\u1ed9c h\u1ecdp h\u1ed9i \u0111\u1ed3ng qu\u1ea3n tr\u1ecb d\u00e0nh cho 10 ng\u01b0\u1eddi cho \u0111\u1ebfn c\u00e1c h\u1ed9i ngh\u1ecb v\u1edbi 200 \u0111\u1ea1i bi\u1ec3u, \u0111\u1ed9i ng\u0169 chuy\u00ean vi\u00ean t\u1ed5 ch\u1ee9c s\u1ef1 ki\u1ec7n gi\u00e0u kinh nghi\u1ec7m c\u1ee7a ch\u00fang t\u00f4i s\u1ebd lu\u00f4n \u0111\u00e1p \u1ee9ng m\u1ecdi nhu c\u1ea7u v\u1edbi nh\u1eefng ch\u01b0\u01a1ng tr\u00ecnh \u0111\u01b0\u1ee3c thi\u1ebft k\u1ebf chuy\u00ean bi\u1ec7t cho m\u1ed7i s\u1ef1 ki\u1ec7n v\u00e0 \u0111\u00edch th\u00e2n qu\u1ea3n l\u00fd xuy\u00ean su\u1ed1t ch\u01b0\u01a1ng tr\u00ecnh.  <\/p>\n<p>Khu ngh\u1ec9 d\u01b0\u1ee1ng Laguna L\u0103ng C\u00f4, v\u1edbi \u01b0u th\u1ebf v\u1ec1 \u0111\u1ecba h\u00ecnh tr\u1ea3i d\u00e0i tr\u00ean v\u1ecbnh bi\u1ec3n r\u1ed9ng 280 hecta, c\u00e1c \u0111\u1ea1i bi\u1ec3u tham d\u1ef1 h\u1ed9i ngh\u1ecb c\u00f3 th\u1ec3 d\u1ec5 d\u00e0ng di chuy\u1ec3n \u0111\u1ec3 tr\u1ea3i nghi\u1ec7m c\u00e1c d\u1ecbch v\u1ee5 v\u00e0 ti\u1ec7n \u00edch c\u1ee7a khu ngh\u1ec9 d\u01b0\u1ee1ng nh\u01b0 ch\u01a1i g\u00f4n, th\u01b0\u1edfng th\u1ee9c c\u00e1c ch\u01b0\u01a1ng tr\u00ecnh tr\u1ecb li\u1ec7u Spa n\u1ed5i ti\u1ebfng, tham quan c\u00e1c chuy\u1ebfn du l\u1ecbch c\u00f9ng h\u00e0ng lo\u1ea1t c\u00e1c ho\u1ea1t \u0111\u1ed9ng th\u1ec3 thao gi\u1ea3i tr\u00ed \u0111a d\u1ea1ng, phong ph\u00fa kh\u00e1c.<\/p>\n<p>L\u00e0 m\u1ed9t khu ngh\u1ec9 d\u01b0\u1ee1ng ph\u1ee9c h\u1ee3p \u0111\u1eb3ng c\u1ea5p qu\u1ed1c t\u1ebf \u0111\u1ed9c \u0111\u00e1o, Laguna L\u0103ng C\u00f4 cung c\u1ea5p cho c\u00e1c nh\u00e0 t\u1ed5 ch\u1ee9c s\u1ef1 ki\u1ec7n c\u01a1 h\u1ed9i s\u1eed d\u1ee5ng t\u1ed1i \u0111a c\u00e1c ti\u1ec7n \u00edch b\u1eadc nh\u1ea5t t\u1ea1i c\u1ea3 hai kh\u00e1ch s\u1ea1n Banyan Tree L\u0103ng C\u00f4 v\u00e0 Angsana L\u0103ng C\u00f4 \u0111\u1ec3 thi\u1ebft k\u1ebf c\u00e1c h\u1ed9i ngh\u1ecb v\u1edbi khung c\u1ea3nh sang tr\u1ecdng v\u00e0 \u0111\u1ea7y kh\u00e1c bi\u1ec7t v\u1edbi s\u1ee9c ch\u1ee9a l\u00ean \u0111\u1ebfn v\u00e0i tr\u0103m kh\u00e1ch, t\u1ea5t c\u1ea3 chi ph\u00ed \u0111\u01b0\u1ee3c qu\u1ea3n l\u00fd ch\u1ec9 d\u01b0\u1edbi m\u1ed9t t\u00e0i kho\u1ea3n ch\u00ednh.<\/p>\t\t\t\t\t\t\t\t<\/div>\n\t\t\t\t<\/div>\n\t\t\t\t<\/div>\n\t\t\t\t\t<\/div>\n\t\t\t\t<\/div>\n\t\t<div class=\"elementor-element elementor-element-bd501ae e-flex e-con-boxed e-con e-parent\" data-id=\"bd501ae\" data-element_type=\"container\" data-e-type=\"container\">\n\t\t\t\t\t<div class=\"e-con-inner\">\n\t\t<div class=\"elementor-element elementor-element-2517508 e-con-full e-flex e-con e-child\" data-id=\"2517508\" data-element_type=\"container\" data-e-type=\"container\">\n\t\t\t\t<div class=\"elementor-element elementor-element-008fab3 elementor-arrows-position-inside elementor-widget elementor-widget-image-carousel\" data-id=\"008fab3\" data-element_type=\"widget\" data-e-type=\"widget\" data-settings=\"{&quot;slides_to_show&quot;:&quot;1&quot;,&quot;navigation&quot;:&quot;arrows&quot;,&quot;autoplay&quot;:&quot;no&quot;,&quot;infinite&quot;:&quot;yes&quot;,&quot;effect&quot;:&quot;slide&quot;,&quot;speed&quot;:500}\" data-widget_type=\"image-carousel.default\">\n\t\t\t\t<div class=\"elementor-widget-container\">\n\t\t\t\t\t\t\t<div class=\"elementor-image-carousel-wrapper swiper\" role=\"region\" aria-roledescription=\"carousel\" aria-label=\"Image Carousel\" dir=\"ltr\">\n\t\t\t<div class=\"elementor-image-carousel swiper-wrapper\" aria-live=\"polite\">\n\t\t\t\t\t\t\t\t<div class=\"swiper-slide\" role=\"group\" aria-roledescription=\"slide\" aria-label=\"1 of 4\"><figure class=\"swiper-slide-inner\"><img decoding=\"async\" class=\"swiper-slide-image\" src=\"https:\/\/www.lagunalangco.com\/wp-content\/uploads\/2023\/11\/Banyan-Tree-mice-car3.jpg\" alt=\"Banyan Tree mice car3\" \/><\/figure><\/div><div class=\"swiper-slide\" role=\"group\" aria-roledescription=\"slide\" aria-label=\"2 of 4\"><figure class=\"swiper-slide-inner\"><img decoding=\"async\" class=\"swiper-slide-image\" src=\"https:\/\/www.lagunalangco.com\/wp-content\/uploads\/2023\/11\/Banyan-Tree-mice-car1.jpg\" alt=\"Banyan Tree mice car1\" \/><\/figure><\/div><div class=\"swiper-slide\" role=\"group\" aria-roledescription=\"slide\" aria-label=\"3 of 4\"><figure class=\"swiper-slide-inner\"><img decoding=\"async\" class=\"swiper-slide-image\" src=\"https:\/\/www.lagunalangco.com\/wp-content\/uploads\/2023\/11\/Banyan-Tree-mice-car2.jpg\" alt=\"Banyan Tree mice car2\" \/><\/figure><\/div><div class=\"swiper-slide\" role=\"group\" aria-roledescription=\"slide\" aria-label=\"4 of 4\"><figure class=\"swiper-slide-inner\"><img decoding=\"async\" class=\"swiper-slide-image\" src=\"https:\/\/www.lagunalangco.com\/wp-content\/uploads\/2023\/11\/Banyan-Tree-mice-car4.jpg\" alt=\"Banyan Tree mice car4\" \/><\/figure><\/div>\t\t\t<\/div>\n\t\t\t\t\t\t\t\t\t\t\t\t<div class=\"elementor-swiper-button elementor-swiper-button-prev\" role=\"button\" tabindex=\"0\">\n\t\t\t\t\t\t<i aria-hidden=\"true\" class=\"eicon-chevron-left\"><\/i>\t\t\t\t\t<\/div>\n\t\t\t\t\t<div class=\"elementor-swiper-button elementor-swiper-button-next\" role=\"button\" tabindex=\"0\">\n\t\t\t\t\t\t<i aria-hidden=\"true\" class=\"eicon-chevron-right\"><\/i>\t\t\t\t\t<\/div>\n\t\t\t\t\n\t\t\t\t\t\t\t\t\t<\/div>\n\t\t\t\t\t\t<\/div>\n\t\t\t\t<\/div>\n\t\t\t\t<\/div>\n\t\t<div class=\"elementor-element elementor-element-f2962fa e-con-full e-flex e-con e-child\" data-id=\"f2962fa\" data-element_type=\"container\" data-e-type=\"container\">\n\t\t\t\t<div class=\"elementor-element elementor-element-f754b80 elementor-widget elementor-widget-heading\" data-id=\"f754b80\" data-element_type=\"widget\" data-e-type=\"widget\" data-widget_type=\"heading.default\">\n\t\t\t\t<div class=\"elementor-widget-container\">\n\t\t\t\t\t<h2 class=\"elementor-heading-title elementor-size-default\">Banyan Tree L\u0103ng C\u00f4<\/h2>\t\t\t\t<\/div>\n\t\t\t\t<\/div>\n\t\t\t\t<div class=\"elementor-element elementor-element-ae5393b elementor-widget elementor-widget-text-editor\" data-id=\"ae5393b\" data-element_type=\"widget\" data-e-type=\"widget\" data-widget_type=\"text-editor.default\">\n\t\t\t\t<div class=\"elementor-widget-container\">\n\t\t\t\t\t\t\t\t\t<p>Ph\u00f2ng H\u1ecdp v\u1edbi nhi\u1ec1u ti\u1ec7n \u00edch ti\u1ec7n nghi V\u1edbi m\u1ed9t chi\u1ebfc b\u00e0n \u0111\u00e1 ch\u1eafc ch\u1eafn chi\u1ebfm v\u1ecb tr\u00ed trung t\u00e2m trong c\u0103n ph\u00f2ng r\u1ed9ng 45 m2 c\u00f9ng tr\u1ea7n nh\u00e0 cao 3 m\u00e9t, Banyan 1 c\u00f3 s\u1ee9c ch\u1ee9a 18 ng\u01b0\u1eddi v\u00e0 cung c\u1ea5p m\u1ed9t kh\u00f4ng gian ri\u00eang t\u01b0, ph\u00f9 h\u1ee3p cho b\u1ea5t k\u1ef3 cu\u1ed9c h\u1ecdp n\u00e0o.  <\/p>\n\t\t\t\t\t\t\t\t<\/div>\n\t\t\t\t<\/div>\n\t\t\t\t<div class=\"elementor-element elementor-element-eb764d7 elementor-widget elementor-widget-button\" data-id=\"eb764d7\" data-element_type=\"widget\" data-e-type=\"widget\" data-widget_type=\"button.default\">\n\t\t\t\t<div class=\"elementor-widget-container\">\n\t\t\t\t\t\t\t\t\t<div class=\"elementor-button-wrapper\">\n\t\t\t\t\t<a class=\"elementor-button elementor-button-link elementor-size-sm\" href=\"https:\/\/www.banyantree.com\/vietnam\/lang-co\/meetings-and-events\" target=\"_blank\">\n\t\t\t\t\t\t<span class=\"elementor-button-content-wrapper\">\n\t\t\t\t\t\t\t\t\t<span class=\"elementor-button-text\">Xem chi ti\u1ebft<\/span>\n\t\t\t\t\t<\/span>\n\t\t\t\t\t<\/a>\n\t\t\t\t<\/div>\n\t\t\t\t\t\t\t\t<\/div>\n\t\t\t\t<\/div>\n\t\t\t\t<\/div>\n\t\t\t\t\t<\/div>\n\t\t\t\t<\/div>\n\t\t<div class=\"elementor-element elementor-element-5d4bf9a e-flex e-con-boxed e-con e-parent\" data-id=\"5d4bf9a\" data-element_type=\"container\" data-e-type=\"container\">\n\t\t\t\t\t<div class=\"e-con-inner\">\n\t\t<div class=\"elementor-element elementor-element-6795695 e-con-full e-flex e-con e-child\" data-id=\"6795695\" data-element_type=\"container\" data-e-type=\"container\">\n\t\t\t\t<div class=\"elementor-element elementor-element-c417f1f elementor-arrows-position-inside elementor-widget elementor-widget-image-carousel\" data-id=\"c417f1f\" data-element_type=\"widget\" data-e-type=\"widget\" data-settings=\"{&quot;slides_to_show&quot;:&quot;1&quot;,&quot;navigation&quot;:&quot;arrows&quot;,&quot;autoplay&quot;:&quot;no&quot;,&quot;infinite&quot;:&quot;yes&quot;,&quot;effect&quot;:&quot;slide&quot;,&quot;speed&quot;:500}\" data-widget_type=\"image-carousel.default\">\n\t\t\t\t<div class=\"elementor-widget-container\">\n\t\t\t\t\t\t\t<div class=\"elementor-image-carousel-wrapper swiper\" role=\"region\" aria-roledescription=\"carousel\" aria-label=\"Image Carousel\" dir=\"ltr\">\n\t\t\t<div class=\"elementor-image-carousel swiper-wrapper\" aria-live=\"polite\">\n\t\t\t\t\t\t\t\t<div class=\"swiper-slide\" role=\"group\" aria-roledescription=\"slide\" aria-label=\"1 of 8\"><figure class=\"swiper-slide-inner\"><img decoding=\"async\" class=\"swiper-slide-image\" src=\"https:\/\/www.lagunalangco.com\/wp-content\/uploads\/2023\/11\/Mice-Angsana-car3.jpg\" alt=\"Mice Angsana car3\" \/><\/figure><\/div><div class=\"swiper-slide\" role=\"group\" aria-roledescription=\"slide\" aria-label=\"2 of 8\"><figure class=\"swiper-slide-inner\"><img decoding=\"async\" class=\"swiper-slide-image\" src=\"https:\/\/www.lagunalangco.com\/wp-content\/uploads\/2023\/11\/Mice-Angsana-car8.jpg\" alt=\"Mice Angsana car8\" \/><\/figure><\/div><div class=\"swiper-slide\" role=\"group\" aria-roledescription=\"slide\" aria-label=\"3 of 8\"><figure class=\"swiper-slide-inner\"><img decoding=\"async\" class=\"swiper-slide-image\" src=\"https:\/\/www.lagunalangco.com\/wp-content\/uploads\/2023\/11\/Mice-Angsana-car1.jpg\" alt=\"Mice Angsana car1\" \/><\/figure><\/div><div class=\"swiper-slide\" role=\"group\" aria-roledescription=\"slide\" aria-label=\"4 of 8\"><figure class=\"swiper-slide-inner\"><img decoding=\"async\" class=\"swiper-slide-image\" src=\"https:\/\/www.lagunalangco.com\/wp-content\/uploads\/2023\/11\/Mice-Angsana-car2.jpg\" alt=\"Mice Angsana car2\" \/><\/figure><\/div><div class=\"swiper-slide\" role=\"group\" aria-roledescription=\"slide\" aria-label=\"5 of 8\"><figure class=\"swiper-slide-inner\"><img decoding=\"async\" class=\"swiper-slide-image\" src=\"https:\/\/www.lagunalangco.com\/wp-content\/uploads\/2023\/11\/Mice-Angsana-car4.jpg\" alt=\"Mice Angsana car4\" \/><\/figure><\/div><div class=\"swiper-slide\" role=\"group\" aria-roledescription=\"slide\" aria-label=\"6 of 8\"><figure class=\"swiper-slide-inner\"><img decoding=\"async\" class=\"swiper-slide-image\" src=\"https:\/\/www.lagunalangco.com\/wp-content\/uploads\/2023\/11\/Mice-Angsana-car5.jpg\" alt=\"Mice Angsana car5\" \/><\/figure><\/div><div class=\"swiper-slide\" role=\"group\" aria-roledescription=\"slide\" aria-label=\"7 of 8\"><figure class=\"swiper-slide-inner\"><img decoding=\"async\" class=\"swiper-slide-image\" src=\"https:\/\/www.lagunalangco.com\/wp-content\/uploads\/2023\/11\/Mice-Angsana-car6.jpg\" alt=\"Mice Angsana car6\" \/><\/figure><\/div><div class=\"swiper-slide\" role=\"group\" aria-roledescription=\"slide\" aria-label=\"8 of 8\"><figure class=\"swiper-slide-inner\"><img decoding=\"async\" class=\"swiper-slide-image\" src=\"https:\/\/www.lagunalangco.com\/wp-content\/uploads\/2023\/11\/Mice-Angsana-car7.jpg\" alt=\"Mice Angsana car7\" \/><\/figure><\/div>\t\t\t<\/div>\n\t\t\t\t\t\t\t\t\t\t\t\t<div class=\"elementor-swiper-button elementor-swiper-button-prev\" role=\"button\" tabindex=\"0\">\n\t\t\t\t\t\t<i aria-hidden=\"true\" class=\"eicon-chevron-left\"><\/i>\t\t\t\t\t<\/div>\n\t\t\t\t\t<div class=\"elementor-swiper-button elementor-swiper-button-next\" role=\"button\" tabindex=\"0\">\n\t\t\t\t\t\t<i aria-hidden=\"true\" class=\"eicon-chevron-right\"><\/i>\t\t\t\t\t<\/div>\n\t\t\t\t\n\t\t\t\t\t\t\t\t\t<\/div>\n\t\t\t\t\t\t<\/div>\n\t\t\t\t<\/div>\n\t\t\t\t<\/div>\n\t\t<div class=\"elementor-element elementor-element-381afb3 e-con-full e-flex e-con e-child\" data-id=\"381afb3\" data-element_type=\"container\" data-e-type=\"container\">\n\t\t\t\t<div class=\"elementor-element elementor-element-652d153 elementor-widget elementor-widget-heading\" data-id=\"652d153\" data-element_type=\"widget\" data-e-type=\"widget\" data-widget_type=\"heading.default\">\n\t\t\t\t<div class=\"elementor-widget-container\">\n\t\t\t\t\t<h2 class=\"elementor-heading-title elementor-size-default\">Angsana L\u0103ng C\u00f4<\/h2>\t\t\t\t<\/div>\n\t\t\t\t<\/div>\n\t\t\t\t<div class=\"elementor-element elementor-element-14eecc1 elementor-widget elementor-widget-text-editor\" data-id=\"14eecc1\" data-element_type=\"widget\" data-e-type=\"widget\" data-widget_type=\"text-editor.default\">\n\t\t\t\t<div class=\"elementor-widget-container\">\n\t\t\t\t\t\t\t\t\t<p>Tr\u1ea3i nghi\u1ec7m m\u1ed9t chuy\u1ebfn c\u00f4ng t\u00e1c k\u1ebft h\u1ee3p ngh\u1ec9 d\u01b0\u1ee1ng t\u1ea1i thi\u00ean \u0111\u01b0\u1eddng nhi\u1ec7t \u0111\u1edbi Laguna L\u0103ng C\u00f4. V\u1edbi s\u00e2n golf thi\u1ebft k\u1ebf \u0111\u1eb7c tr\u01b0ng, h\u1ec7 th\u1ed1ng spa cao c\u1ea5p hay m\u1ed9t ng\u00e0y vi\u1ebfng th\u0103m nh\u1eefng di s\u1ea3n th\u1ebf gi\u1edbi \u0111\u01b0\u1ee3c UNESCO c\u00f4ng nh\u1eadn, Angsana L\u0103ng C\u00f4 s\u1ebd l\u00e0 \u0111i\u1ec3m \u0111\u1ebfn ho\u00e0n h\u1ea3o cho chuy\u1ebfn c\u00f4ng du c\u1ee7a b\u1ea1n.     <\/p>\n\t\t\t\t\t\t\t\t<\/div>\n\t\t\t\t<\/div>\n\t\t\t\t<div class=\"elementor-element elementor-element-4e905f9 elementor-widget elementor-widget-button\" data-id=\"4e905f9\" data-element_type=\"widget\" data-e-type=\"widget\" data-widget_type=\"button.default\">\n\t\t\t\t<div class=\"elementor-widget-container\">\n\t\t\t\t\t\t\t\t\t<div class=\"elementor-button-wrapper\">\n\t\t\t\t\t<a class=\"elementor-button elementor-button-link elementor-size-sm\" href=\"https:\/\/www.angsana.com\/vietnam\/lang-co\/meetings-events\" target=\"_blank\">\n\t\t\t\t\t\t<span class=\"elementor-button-content-wrapper\">\n\t\t\t\t\t\t\t\t\t<span class=\"elementor-button-text\">Xem chi ti\u1ebft<\/span>\n\t\t\t\t\t<\/span>\n\t\t\t\t\t<\/a>\n\t\t\t\t<\/div>\n\t\t\t\t\t\t\t\t<\/div>\n\t\t\t\t<\/div>\n\t\t\t\t<\/div>\n\t\t\t\t\t<\/div>\n\t\t\t\t<\/div>\n\t\t<div class=\"elementor-element elementor-element-a9c2550 e-flex e-con-boxed e-con e-parent\" data-id=\"a9c2550\" data-element_type=\"container\" data-e-type=\"container\">\n\t\t\t\t\t<div class=\"e-con-inner\">\n\t\t<div class=\"elementor-element elementor-element-a9b2dd1 e-con-full e-flex e-con e-child\" data-id=\"a9b2dd1\" data-element_type=\"container\" data-e-type=\"container\">\n\t\t\t\t<div class=\"elementor-element elementor-element-ac6de35 elementor-arrows-position-inside elementor-widget elementor-widget-image-carousel\" data-id=\"ac6de35\" data-element_type=\"widget\" data-e-type=\"widget\" data-settings=\"{&quot;slides_to_show&quot;:&quot;1&quot;,&quot;navigation&quot;:&quot;arrows&quot;,&quot;autoplay&quot;:&quot;no&quot;,&quot;infinite&quot;:&quot;yes&quot;,&quot;effect&quot;:&quot;slide&quot;,&quot;speed&quot;:500}\" data-widget_type=\"image-carousel.default\">\n\t\t\t\t<div class=\"elementor-widget-container\">\n\t\t\t\t\t\t\t<div class=\"elementor-image-carousel-wrapper swiper\" role=\"region\" aria-roledescription=\"carousel\" aria-label=\"Image Carousel\" dir=\"ltr\">\n\t\t\t<div class=\"elementor-image-carousel swiper-wrapper\" aria-live=\"polite\">\n\t\t\t\t\t\t\t\t<div class=\"swiper-slide\" role=\"group\" aria-roledescription=\"slide\" aria-label=\"1 of 6\"><figure class=\"swiper-slide-inner\"><img decoding=\"async\" class=\"swiper-slide-image\" src=\"https:\/\/www.lagunalangco.com\/wp-content\/uploads\/2024\/04\/MICE-on-course-1.jpg\" alt=\"MICE on course 1\" \/><\/figure><\/div><div class=\"swiper-slide\" role=\"group\" aria-roledescription=\"slide\" aria-label=\"2 of 6\"><figure class=\"swiper-slide-inner\"><img decoding=\"async\" class=\"swiper-slide-image\" src=\"https:\/\/www.lagunalangco.com\/wp-content\/uploads\/2024\/04\/MICE-on-course.jpg\" alt=\"MICE on course\" \/><\/figure><\/div><div class=\"swiper-slide\" role=\"group\" aria-roledescription=\"slide\" aria-label=\"3 of 6\"><figure class=\"swiper-slide-inner\"><img decoding=\"async\" class=\"swiper-slide-image\" src=\"https:\/\/www.lagunalangco.com\/wp-content\/uploads\/2023\/11\/Mice-carousel-2.jpg\" alt=\"Mice carousel 2\" \/><\/figure><\/div><div class=\"swiper-slide\" role=\"group\" aria-roledescription=\"slide\" aria-label=\"4 of 6\"><figure class=\"swiper-slide-inner\"><img decoding=\"async\" class=\"swiper-slide-image\" src=\"https:\/\/www.lagunalangco.com\/wp-content\/uploads\/2023\/11\/Mice-carousel-4.jpg\" alt=\"Mice carousel 4\" \/><\/figure><\/div><div class=\"swiper-slide\" role=\"group\" aria-roledescription=\"slide\" aria-label=\"5 of 6\"><figure class=\"swiper-slide-inner\"><img decoding=\"async\" class=\"swiper-slide-image\" src=\"https:\/\/www.lagunalangco.com\/wp-content\/uploads\/2023\/11\/Mice-carousel-3.jpg\" alt=\"Mice carousel 3\" \/><\/figure><\/div><div class=\"swiper-slide\" role=\"group\" aria-roledescription=\"slide\" aria-label=\"6 of 6\"><figure class=\"swiper-slide-inner\"><img decoding=\"async\" class=\"swiper-slide-image\" src=\"https:\/\/www.lagunalangco.com\/wp-content\/uploads\/2023\/11\/Mice-carousel-1.jpg\" alt=\"Mice carousel 1\" \/><\/figure><\/div>\t\t\t<\/div>\n\t\t\t\t\t\t\t\t\t\t\t\t<div class=\"elementor-swiper-button elementor-swiper-button-prev\" role=\"button\" tabindex=\"0\">\n\t\t\t\t\t\t<i aria-hidden=\"true\" class=\"eicon-chevron-left\"><\/i>\t\t\t\t\t<\/div>\n\t\t\t\t\t<div class=\"elementor-swiper-button elementor-swiper-button-next\" role=\"button\" tabindex=\"0\">\n\t\t\t\t\t\t<i aria-hidden=\"true\" class=\"eicon-chevron-right\"><\/i>\t\t\t\t\t<\/div>\n\t\t\t\t\n\t\t\t\t\t\t\t\t\t<\/div>\n\t\t\t\t\t\t<\/div>\n\t\t\t\t<\/div>\n\t\t\t\t<\/div>\n\t\t<div class=\"elementor-element elementor-element-51113ea e-con-full e-flex e-con e-child\" data-id=\"51113ea\" data-element_type=\"container\" data-e-type=\"container\">\n\t\t\t\t<div class=\"elementor-element elementor-element-75a07b1 elementor-widget elementor-widget-heading\" data-id=\"75a07b1\" data-element_type=\"widget\" data-e-type=\"widget\" data-widget_type=\"heading.default\">\n\t\t\t\t<div class=\"elementor-widget-container\">\n\t\t\t\t\t<h2 class=\"elementor-heading-title elementor-size-default\">Laguna Golf L\u0103ng C\u00f4<\/h2>\t\t\t\t<\/div>\n\t\t\t\t<\/div>\n\t\t\t\t<div class=\"elementor-element elementor-element-cff97cb elementor-widget elementor-widget-text-editor\" data-id=\"cff97cb\" data-element_type=\"widget\" data-e-type=\"widget\" data-widget_type=\"text-editor.default\">\n\t\t\t\t<div class=\"elementor-widget-container\">\n\t\t\t\t\t\t\t\t\t<p><span data-sheets-formula-bar-text-style=\"font-size:13px;color:#000000;font-weight:normal;text-decoration:none;font-family:'Arial';font-style:normal;text-decoration-skip-ink:none;\">Thi\u1ebft k\u1ebf \u0111\u1eb7c tr\u01b0ng c\u1ee7a s\u00e2n g\u00f4n Laguna L\u0103ng C\u00f4 c\u00f3 th\u1ec3 l\u00e0 m\u1ed9t \u0111\u1ecba \u0111i\u1ec3m tuy\u1ec7t v\u1eddi cho nhi\u1ec1u lo\u1ea1i s\u1ef1 ki\u1ec7n. Ch\u01a1i g\u00f4n c\u00f3 th\u1ec3 l\u00e0 m\u1ed9t c\u00e1ch th\u00fa v\u1ecb \u0111\u1ec3 g\u1eafn k\u1ebft m\u1ecdi ng\u01b0\u1eddi v\u00e0 t\u1ea1o n\u00ean m\u1ed9t th\u01b0\u01a1ng v\u1ee5 th\u00e0nh c\u00f4ng. T\u1eeb ti\u1ec7c chi\u00eau \u0111\u00e3i tr\u00ean s\u00e2n \u0111\u1ebfn ti\u1ec7c c\u01b0\u1edbi hay bi\u1ec3u di\u1ec5n th\u1eddi trang&#8230; s\u00e2n c\u1ecf xanh ch\u1eafc ch\u1eafn l\u00e0 l\u1ef1a ch\u1ecdn tuy\u1ec7t v\u1eddi cho m\u1ed9t s\u1ef1 ki\u1ec7n th\u00e0nh c\u00f4ng. <\/span><\/p>\n\t\t\t\t\t\t\t\t<\/div>\n\t\t\t\t<\/div>\n\t\t\t\t<div class=\"elementor-element elementor-element-e66ae1e elementor-widget elementor-widget-button\" data-id=\"e66ae1e\" data-element_type=\"widget\" data-e-type=\"widget\" data-widget_type=\"button.default\">\n\t\t\t\t<div class=\"elementor-widget-container\">\n\t\t\t\t\t\t\t\t\t<div class=\"elementor-button-wrapper\">\n\t\t\t\t\t<a class=\"elementor-button elementor-button-link elementor-size-sm\" href=\"https:\/\/www.lagunalangco.com\/vi\/san-gon\/cac-giai-dau-su-kien\/\">\n\t\t\t\t\t\t<span class=\"elementor-button-content-wrapper\">\n\t\t\t\t\t\t\t\t\t<span class=\"elementor-button-text\"> Gi\u1ea3i \u0111\u1ea5u &amp; S\u1ef1 ki\u1ec7n<\/span>\n\t\t\t\t\t<\/span>\n\t\t\t\t\t<\/a>\n\t\t\t\t<\/div>\n\t\t\t\t\t\t\t\t<\/div>\n\t\t\t\t<\/div>\n\t\t\t\t<\/div>\n\t\t\t\t\t<\/div>\n\t\t\t\t<\/div>\n\t\t\t\t<\/div>\n\t\t","protected":false},"excerpt":{"rendered":"<p>H\u1ed9i H\u1ecdp V\u1edbi b\u1ed1n ph\u00f2ng h\u1ecdp v\u00e0 m\u1ed9t ph\u00f2ng h\u1ed9i ngh\u1ecb di\u1ec7n t\u00edch 392 m\u00e9t vu\u00f4ng, Angsana L\u0103ng C\u00f4 s\u1eb5n s\u00e0ng ph\u1ee5c v\u1ee5 c\u00e1c s\u1ef1 ki\u1ec7n qu\u1ed1c t\u1ebf, c\u00e1c ch\u01b0\u01a1ng tr\u00ecnh h\u1ed9i ngh\u1ecb trong v\u00e0 ngo\u00e0i n\u01b0\u1edbc. Ph\u00f2ng h\u1ecdp h\u1ed9i \u0111\u1ed3ng qu\u1ea3n tr\u1ecb d\u00e0nh cho 12 ng\u01b0\u1eddi t\u1ea1i Banyan Tree L\u0103ng C\u00f4 l\u00e0 m\u1ed9t \u0111\u1ecba [&hellip;]<\/p>\n","protected":false},"author":2,"featured_media":11241,"parent":12305,"menu_order":0,"comment_status":"closed","ping_status":"closed","template":"","meta":{"_acf_changed":false,"site-sidebar-layout":"no-sidebar","site-content-layout":"page-builder","ast-site-content-layout":"full-width-container","site-content-style":"default","site-sidebar-style":"default","ast-global-header-display":"","ast-banner-title-visibility":"","ast-main-header-display":"","ast-hfb-above-header-display":"","ast-hfb-below-header-display":"","ast-hfb-mobile-header-display":"","site-post-title":"disabled","ast-breadcrumbs-content":"","ast-featured-img":"disabled","footer-sml-layout":"","ast-disable-related-posts":"","theme-transparent-header-meta":"default","adv-header-id-meta":"","stick-header-meta":"default","header-above-stick-meta":"","header-main-stick-meta":"","header-below-stick-meta":"","astra-migrate-meta-layouts":"set","ast-page-background-enabled":"default","ast-page-background-meta":{"desktop":{"background-color":"var(--ast-global-color-4)","background-image":"","background-repeat":"repeat","background-position":"center center","background-size":"auto","background-attachment":"scroll","background-type":"","background-media":"","overlay-type":"","overlay-color":"","overlay-opacity":"","overlay-gradient":""},"tablet":{"background-color":"","background-image":"","background-repeat":"repeat","background-position":"center center","background-size":"auto","background-attachment":"scroll","background-type":"","background-media":"","overlay-type":"","overlay-color":"","overlay-opacity":"","overlay-gradient":""},"mobile":{"background-color":"","background-image":"","background-repeat":"repeat","background-position":"center center","background-size":"auto","background-attachment":"scroll","background-type":"","background-media":"","overlay-type":"","overlay-color":"","overlay-opacity":"","overlay-gradient":""}},"ast-content-background-meta":{"desktop":{"background-color":"var(--ast-global-color-5)","background-image":"","background-repeat":"repeat","background-position":"center center","background-size":"auto","background-attachment":"scroll","background-type":"","background-media":"","overlay-type":"","overlay-color":"","overlay-opacity":"","overlay-gradient":""},"tablet":{"background-color":"var(--ast-global-color-5)","background-image":"","background-repeat":"repeat","background-position":"center center","background-size":"auto","background-attachment":"scroll","background-type":"","background-media":"","overlay-type":"","overlay-color":"","overlay-opacity":"","overlay-gradient":""},"mobile":{"background-color":"var(--ast-global-color-5)","background-image":"","background-repeat":"repeat","background-position":"center center","background-size":"auto","background-attachment":"scroll","background-type":"","background-media":"","overlay-type":"","overlay-color":"","overlay-opacity":"","overlay-gradient":""}},"footnotes":""},"class_list":["post-12317","page","type-page","status-publish","has-post-thumbnail","hentry"],"acf":[],"_links":{"self":[{"href":"https:\/\/www.lagunalangco.com\/vi\/wp-json\/wp\/v2\/pages\/12317","targetHints":{"allow":["GET"]}}],"collection":[{"href":"https:\/\/www.lagunalangco.com\/vi\/wp-json\/wp\/v2\/pages"}],"about":[{"href":"https:\/\/www.lagunalangco.com\/vi\/wp-json\/wp\/v2\/types\/page"}],"author":[{"embeddable":true,"href":"https:\/\/www.lagunalangco.com\/vi\/wp-json\/wp\/v2\/users\/2"}],"replies":[{"embeddable":true,"href":"https:\/\/www.lagunalangco.com\/vi\/wp-json\/wp\/v2\/comments?post=12317"}],"version-history":[{"count":0,"href":"https:\/\/www.lagunalangco.com\/vi\/wp-json\/wp\/v2\/pages\/12317\/revisions"}],"up":[{"embeddable":true,"href":"https:\/\/www.lagunalangco.com\/vi\/wp-json\/wp\/v2\/pages\/12305"}],"wp:featuredmedia":[{"embeddable":true,"href":"https:\/\/www.lagunalangco.com\/vi\/wp-json\/wp\/v2\/media\/11241"}],"wp:attachment":[{"href":"https:\/\/www.lagunalangco.com\/vi\/wp-json\/wp\/v2\/media?parent=12317"}],"curies":[{"name":"wp","href":"https:\/\/api.w.org\/{rel}","templated":true}]}}