{"id":12305,"date":"2023-11-07T08:45:56","date_gmt":"2023-11-07T08:45:56","guid":{"rendered":"https:\/\/www.lagunalangco.com\/celebrate\/"},"modified":"2024-10-30T03:00:28","modified_gmt":"2024-10-30T03:00:28","slug":"to-chuc-su-kien","status":"publish","type":"page","link":"https:\/\/www.lagunalangco.com\/vi\/to-chuc-su-kien\/","title":{"rendered":"T\u1ed5 ch\u1ee9c s\u1ef1 ki\u1ec7n"},"content":{"rendered":"\t\t<div data-elementor-type=\"wp-page\" data-elementor-id=\"12305\" class=\"elementor elementor-12305 elementor-5239\" data-elementor-post-type=\"page\">\n\t\t\t\t<div class=\"elementor-element elementor-element-e3d450e e-flex e-con-boxed e-con e-parent\" data-id=\"e3d450e\" data-element_type=\"container\" data-e-type=\"container\" data-settings=\"{&quot;background_background&quot;:&quot;classic&quot;}\">\n\t\t\t\t\t<div class=\"e-con-inner\">\n\t\t\t\t<div class=\"elementor-element elementor-element-9cd59e8 elementor-widget elementor-widget-heading\" data-id=\"9cd59e8\" data-element_type=\"widget\" data-e-type=\"widget\" data-widget_type=\"heading.default\">\n\t\t\t\t<div class=\"elementor-widget-container\">\n\t\t\t\t\t<h1 class=\"elementor-heading-title elementor-size-default\">T\u1ed5 ch\u1ee9c s\u1ef1 ki\u1ec7n<\/h1>\t\t\t\t<\/div>\n\t\t\t\t<\/div>\n\t\t\t\t\t<\/div>\n\t\t\t\t<\/div>\n\t\t<div class=\"elementor-element elementor-element-0da3145 e-flex e-con-boxed e-con e-parent\" data-id=\"0da3145\" data-element_type=\"container\" data-e-type=\"container\">\n\t\t\t\t\t<div class=\"e-con-inner\">\n\t\t<div class=\"elementor-element elementor-element-c8609f2 e-con-full e-flex e-con e-child\" data-id=\"c8609f2\" data-element_type=\"container\" data-e-type=\"container\">\n\t\t\t\t<div class=\"elementor-element elementor-element-2f1a243 elementor-widget elementor-widget-text-editor\" data-id=\"2f1a243\" data-element_type=\"widget\" data-e-type=\"widget\" data-widget_type=\"text-editor.default\">\n\t\t\t\t<div class=\"elementor-widget-container\">\n\t\t\t\t\t\t\t\t\t<p>S\u1ef1 th\u00e0nh c\u00f4ng c\u1ee7a m\u1ecdi s\u1ef1 ki\u1ec7n lu\u00f4n ph\u1ee5 thu\u1ed9c v\u00e0o vi\u1ec7c l\u1ef1a ch\u1ecdn \u0111\u1ecba \u0111i\u1ec3m t\u1ed5 ch\u1ee9c hay \u0111\u01a1n v\u1ecb t\u1ed5 ch\u1ee9c s\u1ef1 ki\u1ec7n. Cho d\u00f9 b\u1ea1n \u0111ang t\u1ed5 ch\u1ee9c \u0111\u00e1m c\u01b0\u1edbi, h\u1ed9i ngh\u1ecb, g\u00e2y qu\u1ef9 hay m\u1ed9t bu\u1ed5i ti\u1ec7c th\u00e2n m\u1eadt, h\u00e3y \u0111\u1ebfn v\u1edbi Laguna L\u0103ng C\u00f4; ch\u00fang t\u00f4i cung c\u1ea5p nh\u1eefng \u0111\u1ecba \u0111i\u1ec3m t\u1ed1t nh\u1ea5t cho nh\u1eefng d\u1ecbp \u0111\u1eb7c bi\u1ec7t v\u00e0 nhi\u1ec1u lo\u1ea1i s\u1ef1 ki\u1ec7n kh\u00e1c nhau.<\/p>\t\t\t\t\t\t\t\t<\/div>\n\t\t\t\t<\/div>\n\t\t\t\t<\/div>\n\t\t\t\t\t<\/div>\n\t\t\t\t<\/div>\n\t\t<div class=\"elementor-element elementor-element-ae4e75e e-flex e-con-boxed e-con e-parent\" data-id=\"ae4e75e\" data-element_type=\"container\" data-e-type=\"container\">\n\t\t\t\t\t<div class=\"e-con-inner\">\n\t\t<div class=\"elementor-element elementor-element-7d1b361 e-con-full e-flex e-con e-child\" data-id=\"7d1b361\" data-element_type=\"container\" data-e-type=\"container\">\n\t\t\t\t<div class=\"elementor-element elementor-element-378fd92 elementor-widget elementor-widget-image\" data-id=\"378fd92\" data-element_type=\"widget\" data-e-type=\"widget\" data-widget_type=\"image.default\">\n\t\t\t\t<div class=\"elementor-widget-container\">\n\t\t\t\t\t\t\t\t\t\t\t\t\t\t\t\t<a href=\"https:\/\/www.lagunalangco.com\/vi\/to-chuc-su-kien\/hoi-hop\/\">\n\t\t\t\t\t\t\t<img fetchpriority=\"high\" decoding=\"async\" width=\"1000\" height=\"667\" src=\"https:\/\/www.lagunalangco.com\/wp-content\/uploads\/2023\/11\/Mice-block-1.jpg\" class=\"attachment-large size-large wp-image-11239\" alt=\"\" srcset=\"https:\/\/www.lagunalangco.com\/wp-content\/uploads\/2023\/11\/Mice-block-1.jpg 1000w, https:\/\/www.lagunalangco.com\/wp-content\/uploads\/2023\/11\/Mice-block-1-300x200.jpg 300w, https:\/\/www.lagunalangco.com\/wp-content\/uploads\/2023\/11\/Mice-block-1-768x512.jpg 768w, https:\/\/www.lagunalangco.com\/wp-content\/uploads\/2023\/11\/Mice-block-1-200x133.jpg 200w\" sizes=\"(max-width: 1000px) 100vw, 1000px\" \/>\t\t\t\t\t\t\t\t<\/a>\n\t\t\t\t\t\t\t\t\t\t\t\t\t\t\t<\/div>\n\t\t\t\t<\/div>\n\t\t\t\t<\/div>\n\t\t<div class=\"elementor-element elementor-element-0628423 e-con-full e-flex e-con e-child\" data-id=\"0628423\" data-element_type=\"container\" data-e-type=\"container\">\n\t\t\t\t<div class=\"elementor-element elementor-element-4ee9de5 elementor-widget elementor-widget-heading\" data-id=\"4ee9de5\" data-element_type=\"widget\" data-e-type=\"widget\" data-widget_type=\"heading.default\">\n\t\t\t\t<div class=\"elementor-widget-container\">\n\t\t\t\t\t<h2 class=\"elementor-heading-title elementor-size-default\"><a href=\"https:\/\/www.lagunalangco.com\/eat\/mice\/\">H\u1ed9i H\u1ecdp<\/a><\/h2>\t\t\t\t<\/div>\n\t\t\t\t<\/div>\n\t\t\t\t<div class=\"elementor-element elementor-element-d2df133 elementor-widget elementor-widget-text-editor\" data-id=\"d2df133\" data-element_type=\"widget\" data-e-type=\"widget\" data-widget_type=\"text-editor.default\">\n\t\t\t\t<div class=\"elementor-widget-container\">\n\t\t\t\t\t\t\t\t\t<p>Laguna L\u0103ng C\u00f4 nh\u1eadn gi\u1ea3i th\u01b0\u1edfng khu ngh\u1ec9 d\u01b0\u1ee1ng c\u00f3 d\u1ecbch v\u1ee5 T\u1ed5 ch\u1ee9c s\u1ef1 ki\u1ec7n (MICE) t\u1ed1t nh\u1ea5t n\u0103m 2019. \u0110\u00f3 l\u00e0 l\u00ed do t\u1ea1i sao ch\u00fang t\u00f4i l\u00e0 l\u1ef1a ch\u1ecdn tuy\u1ec7t v\u1eddi \u0111\u1ec3 b\u1ea1n t\u1ed5 ch\u1ee9c H\u1ed9i ngh\u1ecb, tri\u1ec3n l\u00e3m hay s\u1ef1 ki\u1ec7n nhi\u1ec1u lo\u1ea1i s\u1ef1 ki\u1ec7n kh\u00e1c. <\/p>\n\t\t\t\t\t\t\t\t<\/div>\n\t\t\t\t<\/div>\n\t\t\t\t<div class=\"elementor-element elementor-element-669598d elementor-widget elementor-widget-button\" data-id=\"669598d\" data-element_type=\"widget\" data-e-type=\"widget\" data-widget_type=\"button.default\">\n\t\t\t\t<div class=\"elementor-widget-container\">\n\t\t\t\t\t\t\t\t\t<div class=\"elementor-button-wrapper\">\n\t\t\t\t\t<a class=\"elementor-button elementor-button-link elementor-size-sm\" href=\"https:\/\/www.lagunalangco.com\/vi\/to-chuc-su-kien\/hoi-hop\/\">\n\t\t\t\t\t\t<span class=\"elementor-button-content-wrapper\">\n\t\t\t\t\t\t\t\t\t<span class=\"elementor-button-text\">T\u00ecm hi\u1ec3u th\u00eam<\/span>\n\t\t\t\t\t<\/span>\n\t\t\t\t\t<\/a>\n\t\t\t\t<\/div>\n\t\t\t\t\t\t\t\t<\/div>\n\t\t\t\t<\/div>\n\t\t\t\t<\/div>\n\t\t\t\t\t<\/div>\n\t\t\t\t<\/div>\n\t\t<div class=\"elementor-element elementor-element-4c39cda e-flex e-con-boxed e-con e-parent\" data-id=\"4c39cda\" data-element_type=\"container\" data-e-type=\"container\">\n\t\t\t\t\t<div class=\"e-con-inner\">\n\t\t<div class=\"elementor-element elementor-element-de13dfc e-con-full e-flex e-con e-child\" data-id=\"de13dfc\" data-element_type=\"container\" data-e-type=\"container\">\n\t\t\t\t<div class=\"elementor-element elementor-element-6d2909f elementor-widget elementor-widget-image\" data-id=\"6d2909f\" data-element_type=\"widget\" data-e-type=\"widget\" data-widget_type=\"image.default\">\n\t\t\t\t<div class=\"elementor-widget-container\">\n\t\t\t\t\t\t\t\t\t\t\t\t\t\t\t\t<a href=\"https:\/\/www.lagunalangco.com\/vi\/to-chuc-su-kien\/tiec-cuoi\/\">\n\t\t\t\t\t\t\t<img decoding=\"async\" width=\"1024\" height=\"683\" src=\"https:\/\/www.lagunalangco.com\/wp-content\/uploads\/2024\/04\/Wedding-on-course-1024x683.jpg\" class=\"attachment-large size-large wp-image-15949\" alt=\"\" srcset=\"https:\/\/www.lagunalangco.com\/wp-content\/uploads\/2024\/04\/Wedding-on-course-1024x683.jpg 1024w, https:\/\/www.lagunalangco.com\/wp-content\/uploads\/2024\/04\/Wedding-on-course-300x200.jpg 300w, https:\/\/www.lagunalangco.com\/wp-content\/uploads\/2024\/04\/Wedding-on-course-768x512.jpg 768w, https:\/\/www.lagunalangco.com\/wp-content\/uploads\/2024\/04\/Wedding-on-course-200x133.jpg 200w, https:\/\/www.lagunalangco.com\/wp-content\/uploads\/2024\/04\/Wedding-on-course.jpg 1080w\" sizes=\"(max-width: 1024px) 100vw, 1024px\" \/>\t\t\t\t\t\t\t\t<\/a>\n\t\t\t\t\t\t\t\t\t\t\t\t\t\t\t<\/div>\n\t\t\t\t<\/div>\n\t\t\t\t<\/div>\n\t\t<div class=\"elementor-element elementor-element-e50842a e-con-full e-flex e-con e-child\" data-id=\"e50842a\" data-element_type=\"container\" data-e-type=\"container\">\n\t\t\t\t<div class=\"elementor-element elementor-element-beec466 elementor-widget elementor-widget-heading\" data-id=\"beec466\" data-element_type=\"widget\" data-e-type=\"widget\" data-widget_type=\"heading.default\">\n\t\t\t\t<div class=\"elementor-widget-container\">\n\t\t\t\t\t<h2 class=\"elementor-heading-title elementor-size-default\"><a href=\"https:\/\/www.lagunalangco.com\/wedding\/\">Ti\u1ec7c c\u01b0\u1edbi<\/a><\/h2>\t\t\t\t<\/div>\n\t\t\t\t<\/div>\n\t\t\t\t<div class=\"elementor-element elementor-element-3df422c elementor-widget elementor-widget-text-editor\" data-id=\"3df422c\" data-element_type=\"widget\" data-e-type=\"widget\" data-widget_type=\"text-editor.default\">\n\t\t\t\t<div class=\"elementor-widget-container\">\n\t\t\t\t\t\t\t\t\t<p>Nhi\u1ec1u l\u1ef1a ch\u1ecdn \u0111a d\u1ea1ng cho ng\u00e0y tr\u1ecdng \u0111\u1ea1i c\u1ee7a b\u1ea1n t\u1ea1i Laguna L\u0103ng C\u00f4<\/p>\n\t\t\t\t\t\t\t\t<\/div>\n\t\t\t\t<\/div>\n\t\t\t\t<div class=\"elementor-element elementor-element-ac674e7 elementor-widget elementor-widget-button\" data-id=\"ac674e7\" data-element_type=\"widget\" data-e-type=\"widget\" data-widget_type=\"button.default\">\n\t\t\t\t<div class=\"elementor-widget-container\">\n\t\t\t\t\t\t\t\t\t<div class=\"elementor-button-wrapper\">\n\t\t\t\t\t<a class=\"elementor-button elementor-button-link elementor-size-sm\" href=\"https:\/\/www.lagunalangco.com\/vi\/to-chuc-su-kien\/tiec-cuoi\/\">\n\t\t\t\t\t\t<span class=\"elementor-button-content-wrapper\">\n\t\t\t\t\t\t\t\t\t<span class=\"elementor-button-text\">T\u00ecm hi\u1ec3u th\u00eam<\/span>\n\t\t\t\t\t<\/span>\n\t\t\t\t\t<\/a>\n\t\t\t\t<\/div>\n\t\t\t\t\t\t\t\t<\/div>\n\t\t\t\t<\/div>\n\t\t\t\t<\/div>\n\t\t\t\t\t<\/div>\n\t\t\t\t<\/div>\n\t\t<div class=\"elementor-element elementor-element-92691cb e-flex e-con-boxed e-con e-parent\" data-id=\"92691cb\" data-element_type=\"container\" data-e-type=\"container\">\n\t\t\t\t\t<div class=\"e-con-inner\">\n\t\t\t\t<div class=\"elementor-element elementor-element-c743418 elementor-widget elementor-widget-spacer\" data-id=\"c743418\" data-element_type=\"widget\" data-e-type=\"widget\" data-widget_type=\"spacer.default\">\n\t\t\t\t<div class=\"elementor-widget-container\">\n\t\t\t\t\t\t\t<div class=\"elementor-spacer\">\n\t\t\t<div class=\"elementor-spacer-inner\"><\/div>\n\t\t<\/div>\n\t\t\t\t\t\t<\/div>\n\t\t\t\t<\/div>\n\t\t\t\t\t<\/div>\n\t\t\t\t<\/div>\n\t\t\t\t<\/div>\n\t\t","protected":false},"excerpt":{"rendered":"<p>T\u1ed5 ch\u1ee9c s\u1ef1 ki\u1ec7n S\u1ef1 th\u00e0nh c\u00f4ng c\u1ee7a m\u1ecdi s\u1ef1 ki\u1ec7n lu\u00f4n ph\u1ee5 thu\u1ed9c v\u00e0o vi\u1ec7c l\u1ef1a ch\u1ecdn \u0111\u1ecba \u0111i\u1ec3m t\u1ed5 ch\u1ee9c hay \u0111\u01a1n v\u1ecb t\u1ed5 ch\u1ee9c s\u1ef1 ki\u1ec7n. Cho d\u00f9 b\u1ea1n \u0111ang t\u1ed5 ch\u1ee9c \u0111\u00e1m c\u01b0\u1edbi, h\u1ed9i ngh\u1ecb, g\u00e2y qu\u1ef9 hay m\u1ed9t bu\u1ed5i ti\u1ec7c th\u00e2n m\u1eadt, h\u00e3y \u0111\u1ebfn v\u1edbi Laguna L\u0103ng C\u00f4; ch\u00fang t\u00f4i [&hellip;]<\/p>\n","protected":false},"author":2,"featured_media":11238,"parent":0,"menu_order":0,"comment_status":"closed","ping_status":"closed","template":"","meta":{"_acf_changed":false,"site-sidebar-layout":"no-sidebar","site-content-layout":"page-builder","ast-site-content-layout":"full-width-container","site-content-style":"default","site-sidebar-style":"default","ast-global-header-display":"","ast-banner-title-visibility":"","ast-main-header-display":"","ast-hfb-above-header-display":"","ast-hfb-below-header-display":"","ast-hfb-mobile-header-display":"","site-post-title":"disabled","ast-breadcrumbs-content":"","ast-featured-img":"disabled","footer-sml-layout":"","ast-disable-related-posts":"","theme-transparent-header-meta":"default","adv-header-id-meta":"","stick-header-meta":"default","header-above-stick-meta":"","header-main-stick-meta":"","header-below-stick-meta":"","astra-migrate-meta-layouts":"set","ast-page-background-enabled":"default","ast-page-background-meta":{"desktop":{"background-color":"var(--ast-global-color-4)","background-image":"","background-repeat":"repeat","background-position":"center center","background-size":"auto","background-attachment":"scroll","background-type":"","background-media":"","overlay-type":"","overlay-color":"","overlay-opacity":"","overlay-gradient":""},"tablet":{"background-color":"","background-image":"","background-repeat":"repeat","background-position":"center center","background-size":"auto","background-attachment":"scroll","background-type":"","background-media":"","overlay-type":"","overlay-color":"","overlay-opacity":"","overlay-gradient":""},"mobile":{"background-color":"","background-image":"","background-repeat":"repeat","background-position":"center center","background-size":"auto","background-attachment":"scroll","background-type":"","background-media":"","overlay-type":"","overlay-color":"","overlay-opacity":"","overlay-gradient":""}},"ast-content-background-meta":{"desktop":{"background-color":"var(--ast-global-color-5)","background-image":"","background-repeat":"repeat","background-position":"center center","background-size":"auto","background-attachment":"scroll","background-type":"","background-media":"","overlay-type":"","overlay-color":"","overlay-opacity":"","overlay-gradient":""},"tablet":{"background-color":"var(--ast-global-color-5)","background-image":"","background-repeat":"repeat","background-position":"center center","background-size":"auto","background-attachment":"scroll","background-type":"","background-media":"","overlay-type":"","overlay-color":"","overlay-opacity":"","overlay-gradient":""},"mobile":{"background-color":"var(--ast-global-color-5)","background-image":"","background-repeat":"repeat","background-position":"center center","background-size":"auto","background-attachment":"scroll","background-type":"","background-media":"","overlay-type":"","overlay-color":"","overlay-opacity":"","overlay-gradient":""}},"footnotes":""},"class_list":["post-12305","page","type-page","status-publish","has-post-thumbnail","hentry"],"acf":[],"_links":{"self":[{"href":"https:\/\/www.lagunalangco.com\/vi\/wp-json\/wp\/v2\/pages\/12305","targetHints":{"allow":["GET"]}}],"collection":[{"href":"https:\/\/www.lagunalangco.com\/vi\/wp-json\/wp\/v2\/pages"}],"about":[{"href":"https:\/\/www.lagunalangco.com\/vi\/wp-json\/wp\/v2\/types\/page"}],"author":[{"embeddable":true,"href":"https:\/\/www.lagunalangco.com\/vi\/wp-json\/wp\/v2\/users\/2"}],"replies":[{"embeddable":true,"href":"https:\/\/www.lagunalangco.com\/vi\/wp-json\/wp\/v2\/comments?post=12305"}],"version-history":[{"count":0,"href":"https:\/\/www.lagunalangco.com\/vi\/wp-json\/wp\/v2\/pages\/12305\/revisions"}],"wp:featuredmedia":[{"embeddable":true,"href":"https:\/\/www.lagunalangco.com\/vi\/wp-json\/wp\/v2\/media\/11238"}],"wp:attachment":[{"href":"https:\/\/www.lagunalangco.com\/vi\/wp-json\/wp\/v2\/media?parent=12305"}],"curies":[{"name":"wp","href":"https:\/\/api.w.org\/{rel}","templated":true}]}}