{"id":12299,"date":"2023-11-08T08:22:42","date_gmt":"2023-11-08T08:22:42","guid":{"rendered":"https:\/\/www.lagunalangco.com\/experience\/"},"modified":"2025-03-28T08:43:08","modified_gmt":"2025-03-28T08:43:08","slug":"trai-nghiem","status":"publish","type":"page","link":"https:\/\/www.lagunalangco.com\/vi\/trai-nghiem\/","title":{"rendered":"Tr\u1ea3i nghi\u1ec7m"},"content":{"rendered":"\t\t<div data-elementor-type=\"wp-page\" data-elementor-id=\"12299\" class=\"elementor elementor-12299 elementor-5370\" data-elementor-post-type=\"page\">\n\t\t\t\t<div class=\"elementor-element elementor-element-d610ec6 e-flex e-con-boxed e-con e-parent\" data-id=\"d610ec6\" data-element_type=\"container\" data-e-type=\"container\" data-settings=\"{&quot;background_background&quot;:&quot;classic&quot;}\">\n\t\t\t\t\t<div class=\"e-con-inner\">\n\t\t\t\t<div class=\"elementor-element elementor-element-ffee292 elementor-widget elementor-widget-heading\" data-id=\"ffee292\" data-element_type=\"widget\" data-e-type=\"widget\" data-widget_type=\"heading.default\">\n\t\t\t\t<div class=\"elementor-widget-container\">\n\t\t\t\t\t<h1 class=\"elementor-heading-title elementor-size-default\">Tr\u1ea3i nghi\u1ec7m<\/h1>\t\t\t\t<\/div>\n\t\t\t\t<\/div>\n\t\t\t\t\t<\/div>\n\t\t\t\t<\/div>\n\t\t<div class=\"elementor-element elementor-element-0da3145 e-flex e-con-boxed e-con e-parent\" data-id=\"0da3145\" data-element_type=\"container\" data-e-type=\"container\">\n\t\t\t\t\t<div class=\"e-con-inner\">\n\t\t<div class=\"elementor-element elementor-element-c8609f2 e-con-full e-flex e-con e-child\" data-id=\"c8609f2\" data-element_type=\"container\" data-e-type=\"container\">\n\t\t\t\t<div class=\"elementor-element elementor-element-f8bba87 elementor-widget elementor-widget-heading\" data-id=\"f8bba87\" data-element_type=\"widget\" data-e-type=\"widget\" data-widget_type=\"heading.default\">\n\t\t\t\t<div class=\"elementor-widget-container\">\n\t\t\t\t\t<h2 class=\"elementor-heading-title elementor-size-default\">L\u00e1i m\u00f4-t\u00f4 n\u01b0\u1edbc, \u0111\u00e1nh golf hay t\u1eadn h\u01b0\u1edfng chuy\u1ebfn phi\u00eau l\u01b0u k\u1ef3 th\u00fa v\u1edbi ATV? Gh\u00e9 th\u0103m Ph\u1ed1 c\u1ed5 H\u1ed9i An ho\u1eb7c tham quan L\u00e0ng ch\u00e0i ven bi\u1ec3n L\u0103ng C\u00f4? <\/h2>\t\t\t\t<\/div>\n\t\t\t\t<\/div>\n\t\t\t\t<div class=\"elementor-element elementor-element-2f1a243 elementor-widget elementor-widget-text-editor\" data-id=\"2f1a243\" data-element_type=\"widget\" data-e-type=\"widget\" data-widget_type=\"text-editor.default\">\n\t\t\t\t<div class=\"elementor-widget-container\">\n\t\t\t\t\t\t\t\t\t<p>T\u1ea1i Laguna L\u0103ng C\u00f4, c\u00f3 v\u00f4 v\u00e0n c\u00e1c ho\u1ea1t \u0111\u1ed9ng \u0111\u01b0\u1ee3c thi\u1ebft k\u1ebf \u0111\u1ec3 \u0111\u00e1p \u1ee9ng m\u1ecdi nhu c\u1ea7u \u0111a d\u1ea1ng c\u0169ng nh\u01b0 l\u1ee9a tu\u1ed5i, v\u00e0 s\u1edf th\u00edch c\u1ee7a b\u1ea1n.<br>Lu\u00f4n nh\u1eefng ho\u1ea1t \u0111\u1ed9ng th\u00fa v\u1ecb d\u00e0nh cho t\u1ea5t c\u1ea3 m\u1ecdi ng\u01b0\u1eddi &#8211; h\u1ecdc m\u1ed9t k\u0129 n\u0103ng m\u1edbi, tham gia m\u1ed9t tr\u00f2 ch\u01a1i m\u1edbi, hay \u0111\u01a1n gi\u1ea3n l\u00e0 s\u1ef1 t\u00e1i h\u1ee3p tuy\u1ec7t v\u1eddi c\u00f9ng ng\u01b0\u1eddi th\u00e2n y\u00eau t\u1ea1i m\u1ed9t n\u01a1i ch\u1ed1n m\u1edbi. V\u1edbi h\u01a1n 100 ho\u1ea1t \u0111\u1ed9ng lu\u00f4n s\u1eb5n s\u00e0ng \u0111\u00e1nh th\u1ee9c s\u1ef1 d\u0169ng c\u1ea3m c\u1ee7a m\u1ed9t nh\u00e0 th\u00e1m hi\u1ec3m b\u00ean trong b\u1ea1n v\u00e0 ch\u1eafc ch\u1eafn r\u1eb1ng, vi\u1ec7c tr\u1edf l\u1ea1i L\u0103ng C\u00f4 l\u00e0 \u0111i\u1ec1u c\u1ea7n thi\u1ebft \u0111\u1ec3 t\u1eadn h\u01b0\u1edfng t\u1ea5t c\u1ea3 nh\u1eefng ho\u1ea1t \u0111\u1ed9ng v\u00f4 c\u00f9ng h\u00e0o h\u1ee9ng n\u01a1i \u0111\u00e2y.<\/p>\t\t\t\t\t\t\t\t<\/div>\n\t\t\t\t<\/div>\n\t\t\t\t<\/div>\n\t\t\t\t\t<\/div>\n\t\t\t\t<\/div>\n\t\t<div class=\"elementor-element elementor-element-75b69f5 e-grid e-con-boxed e-con e-parent\" data-id=\"75b69f5\" data-element_type=\"container\" data-e-type=\"container\">\n\t\t\t\t\t<div class=\"e-con-inner\">\n\t\t\t\t<div class=\"elementor-element elementor-element-2de434d elementor-position-top elementor-widget elementor-widget-image-box\" data-id=\"2de434d\" data-element_type=\"widget\" data-e-type=\"widget\" data-widget_type=\"image-box.default\">\n\t\t\t\t<div class=\"elementor-widget-container\">\n\t\t\t\t\t<div class=\"elementor-image-box-wrapper\"><figure class=\"elementor-image-box-img\"><a href=\"https:\/\/www.lagunalangco.com\/vi\/trai-nghiem\/hoat-dong-giai-tri\/\" tabindex=\"-1\"><img fetchpriority=\"high\" decoding=\"async\" width=\"768\" height=\"432\" src=\"https:\/\/www.lagunalangco.com\/wp-content\/uploads\/2023\/11\/Activities-hero-1-768x432.jpg\" class=\"attachment-medium_large size-medium_large wp-image-11274\" alt=\"\" srcset=\"https:\/\/www.lagunalangco.com\/wp-content\/uploads\/2023\/11\/Activities-hero-1-768x432.jpg 768w, https:\/\/www.lagunalangco.com\/wp-content\/uploads\/2023\/11\/Activities-hero-1-300x169.jpg 300w, https:\/\/www.lagunalangco.com\/wp-content\/uploads\/2023\/11\/Activities-hero-1-1024x576.jpg 1024w, https:\/\/www.lagunalangco.com\/wp-content\/uploads\/2023\/11\/Activities-hero-1-1536x864.jpg 1536w, https:\/\/www.lagunalangco.com\/wp-content\/uploads\/2023\/11\/Activities-hero-1-200x113.jpg 200w, https:\/\/www.lagunalangco.com\/wp-content\/uploads\/2023\/11\/Activities-hero-1.jpg 1920w\" sizes=\"(max-width: 768px) 100vw, 768px\" \/><\/a><\/figure><div class=\"elementor-image-box-content\"><h3 class=\"elementor-image-box-title\"><a href=\"https:\/\/www.lagunalangco.com\/vi\/trai-nghiem\/hoat-dong-giai-tri\/\">Th\u1ec3 thao &amp; Gi\u1ea3i tr\u00ed<\/a><\/h3><\/div><\/div>\t\t\t\t<\/div>\n\t\t\t\t<\/div>\n\t\t\t\t<div class=\"elementor-element elementor-element-127ec9e elementor-position-top elementor-widget elementor-widget-image-box\" data-id=\"127ec9e\" data-element_type=\"widget\" data-e-type=\"widget\" data-widget_type=\"image-box.default\">\n\t\t\t\t<div class=\"elementor-widget-container\">\n\t\t\t\t\t<div class=\"elementor-image-box-wrapper\"><figure class=\"elementor-image-box-img\"><a href=\"https:\/\/www.lagunalangco.com\/vi\/trai-nghiem\/khu-vui-choi-tre-em\/\" tabindex=\"-1\"><img decoding=\"async\" width=\"768\" height=\"432\" src=\"https:\/\/www.lagunalangco.com\/wp-content\/uploads\/2023\/11\/Kids-club-hero-768x432.jpg\" class=\"attachment-medium_large size-medium_large wp-image-11304\" alt=\"\" srcset=\"https:\/\/www.lagunalangco.com\/wp-content\/uploads\/2023\/11\/Kids-club-hero-768x432.jpg 768w, https:\/\/www.lagunalangco.com\/wp-content\/uploads\/2023\/11\/Kids-club-hero-300x169.jpg 300w, https:\/\/www.lagunalangco.com\/wp-content\/uploads\/2023\/11\/Kids-club-hero-1024x576.jpg 1024w, https:\/\/www.lagunalangco.com\/wp-content\/uploads\/2023\/11\/Kids-club-hero-1536x864.jpg 1536w, https:\/\/www.lagunalangco.com\/wp-content\/uploads\/2023\/11\/Kids-club-hero-200x113.jpg 200w, https:\/\/www.lagunalangco.com\/wp-content\/uploads\/2023\/11\/Kids-club-hero.jpg 1920w\" sizes=\"(max-width: 768px) 100vw, 768px\" \/><\/a><\/figure><div class=\"elementor-image-box-content\"><h3 class=\"elementor-image-box-title\"><a href=\"https:\/\/www.lagunalangco.com\/vi\/trai-nghiem\/khu-vui-choi-tre-em\/\">Khu vui ch\u01a1i tr\u1ebb em<\/a><\/h3><\/div><\/div>\t\t\t\t<\/div>\n\t\t\t\t<\/div>\n\t\t\t\t<div class=\"elementor-element elementor-element-169c74d elementor-position-top elementor-widget elementor-widget-image-box\" data-id=\"169c74d\" data-element_type=\"widget\" data-e-type=\"widget\" data-widget_type=\"image-box.default\">\n\t\t\t\t<div class=\"elementor-widget-container\">\n\t\t\t\t\t<div class=\"elementor-image-box-wrapper\"><figure class=\"elementor-image-box-img\"><a href=\"https:\/\/www.lagunalangco.com\/vi\/trai-nghiem\/spa\/\" tabindex=\"-1\"><img decoding=\"async\" width=\"768\" height=\"432\" src=\"https:\/\/www.lagunalangco.com\/wp-content\/uploads\/2023\/11\/spa-hero-2-768x432.jpg\" class=\"attachment-medium_large size-medium_large wp-image-11346\" alt=\"\" srcset=\"https:\/\/www.lagunalangco.com\/wp-content\/uploads\/2023\/11\/spa-hero-2-768x432.jpg 768w, https:\/\/www.lagunalangco.com\/wp-content\/uploads\/2023\/11\/spa-hero-2-300x169.jpg 300w, https:\/\/www.lagunalangco.com\/wp-content\/uploads\/2023\/11\/spa-hero-2-1024x576.jpg 1024w, https:\/\/www.lagunalangco.com\/wp-content\/uploads\/2023\/11\/spa-hero-2-1536x864.jpg 1536w, https:\/\/www.lagunalangco.com\/wp-content\/uploads\/2023\/11\/spa-hero-2-200x113.jpg 200w, https:\/\/www.lagunalangco.com\/wp-content\/uploads\/2023\/11\/spa-hero-2.jpg 1920w\" sizes=\"(max-width: 768px) 100vw, 768px\" \/><\/a><\/figure><div class=\"elementor-image-box-content\"><h3 class=\"elementor-image-box-title\"><a href=\"https:\/\/www.lagunalangco.com\/vi\/trai-nghiem\/spa\/\">Spa<\/a><\/h3><\/div><\/div>\t\t\t\t<\/div>\n\t\t\t\t<\/div>\n\t\t\t\t<div class=\"elementor-element elementor-element-9a56fc4 elementor-position-top elementor-widget elementor-widget-image-box\" data-id=\"9a56fc4\" data-element_type=\"widget\" data-e-type=\"widget\" data-widget_type=\"image-box.default\">\n\t\t\t\t<div class=\"elementor-widget-container\">\n\t\t\t\t\t<div class=\"elementor-image-box-wrapper\"><figure class=\"elementor-image-box-img\"><a href=\"https:\/\/www.lagunalangco.com\/vi\/trai-nghiem\/nong-trai\/\" tabindex=\"-1\"><img loading=\"lazy\" decoding=\"async\" width=\"768\" height=\"432\" src=\"https:\/\/www.lagunalangco.com\/wp-content\/uploads\/2023\/11\/Jungle-farm-hero-1-768x432.jpg\" class=\"attachment-medium_large size-medium_large wp-image-11319\" alt=\"\" srcset=\"https:\/\/www.lagunalangco.com\/wp-content\/uploads\/2023\/11\/Jungle-farm-hero-1-768x432.jpg 768w, https:\/\/www.lagunalangco.com\/wp-content\/uploads\/2023\/11\/Jungle-farm-hero-1-300x169.jpg 300w, https:\/\/www.lagunalangco.com\/wp-content\/uploads\/2023\/11\/Jungle-farm-hero-1-1024x576.jpg 1024w, https:\/\/www.lagunalangco.com\/wp-content\/uploads\/2023\/11\/Jungle-farm-hero-1-1536x864.jpg 1536w, https:\/\/www.lagunalangco.com\/wp-content\/uploads\/2023\/11\/Jungle-farm-hero-1-200x113.jpg 200w, https:\/\/www.lagunalangco.com\/wp-content\/uploads\/2023\/11\/Jungle-farm-hero-1.jpg 1920w\" sizes=\"(max-width: 768px) 100vw, 768px\" \/><\/a><\/figure><div class=\"elementor-image-box-content\"><h3 class=\"elementor-image-box-title\"><a href=\"https:\/\/www.lagunalangco.com\/vi\/trai-nghiem\/nong-trai\/\">N\u00f4ng tr\u1ea1i<\/a><\/h3><\/div><\/div>\t\t\t\t<\/div>\n\t\t\t\t<\/div>\n\t\t\t\t<div class=\"elementor-element elementor-element-bdbbf7e elementor-position-top elementor-widget elementor-widget-image-box\" data-id=\"bdbbf7e\" data-element_type=\"widget\" data-e-type=\"widget\" data-widget_type=\"image-box.default\">\n\t\t\t\t<div class=\"elementor-widget-container\">\n\t\t\t\t\t<div class=\"elementor-image-box-wrapper\"><figure class=\"elementor-image-box-img\"><a href=\"https:\/\/www.lagunalangco.com\/vi\/trai-nghiem\/kham-pha-dia-phuong\/\" tabindex=\"-1\"><img loading=\"lazy\" decoding=\"async\" width=\"768\" height=\"432\" src=\"https:\/\/www.lagunalangco.com\/wp-content\/uploads\/2023\/11\/Local-attraction-hero-768x432.jpg\" class=\"attachment-medium_large size-medium_large wp-image-11345\" alt=\"\" srcset=\"https:\/\/www.lagunalangco.com\/wp-content\/uploads\/2023\/11\/Local-attraction-hero-768x432.jpg 768w, https:\/\/www.lagunalangco.com\/wp-content\/uploads\/2023\/11\/Local-attraction-hero-300x169.jpg 300w, https:\/\/www.lagunalangco.com\/wp-content\/uploads\/2023\/11\/Local-attraction-hero-1024x576.jpg 1024w, https:\/\/www.lagunalangco.com\/wp-content\/uploads\/2023\/11\/Local-attraction-hero-1536x864.jpg 1536w, https:\/\/www.lagunalangco.com\/wp-content\/uploads\/2023\/11\/Local-attraction-hero-200x113.jpg 200w, https:\/\/www.lagunalangco.com\/wp-content\/uploads\/2023\/11\/Local-attraction-hero.jpg 1920w\" sizes=\"(max-width: 768px) 100vw, 768px\" \/><\/a><\/figure><div class=\"elementor-image-box-content\"><h3 class=\"elementor-image-box-title\"><a href=\"https:\/\/www.lagunalangco.com\/vi\/trai-nghiem\/kham-pha-dia-phuong\/\">Kh\u00e1m ph\u00e1 \u0111\u1ecba ph\u01b0\u01a1ng<\/a><\/h3><\/div><\/div>\t\t\t\t<\/div>\n\t\t\t\t<\/div>\n\t\t\t\t<div class=\"elementor-element elementor-element-eb5125e elementor-position-top elementor-widget elementor-widget-image-box\" data-id=\"eb5125e\" data-element_type=\"widget\" data-e-type=\"widget\" data-widget_type=\"image-box.default\">\n\t\t\t\t<div class=\"elementor-widget-container\">\n\t\t\t\t\t<div class=\"elementor-image-box-wrapper\"><figure class=\"elementor-image-box-img\"><a href=\"https:\/\/www.lagunalangco.com\/vi\/trai-nghiem\/dich-vu-tour-va-van-chuyen\/\" tabindex=\"-1\"><img loading=\"lazy\" decoding=\"async\" width=\"768\" height=\"432\" src=\"https:\/\/www.lagunalangco.com\/wp-content\/uploads\/2023\/12\/Trasportation-service-768x432.jpg\" class=\"attachment-medium_large size-medium_large wp-image-11589\" alt=\"\" srcset=\"https:\/\/www.lagunalangco.com\/wp-content\/uploads\/2023\/12\/Trasportation-service-768x432.jpg 768w, https:\/\/www.lagunalangco.com\/wp-content\/uploads\/2023\/12\/Trasportation-service-300x169.jpg 300w, https:\/\/www.lagunalangco.com\/wp-content\/uploads\/2023\/12\/Trasportation-service-1024x576.jpg 1024w, https:\/\/www.lagunalangco.com\/wp-content\/uploads\/2023\/12\/Trasportation-service-1536x864.jpg 1536w, https:\/\/www.lagunalangco.com\/wp-content\/uploads\/2023\/12\/Trasportation-service-200x113.jpg 200w, https:\/\/www.lagunalangco.com\/wp-content\/uploads\/2023\/12\/Trasportation-service.jpg 1920w\" sizes=\"(max-width: 768px) 100vw, 768px\" \/><\/a><\/figure><div class=\"elementor-image-box-content\"><h3 class=\"elementor-image-box-title\"><a href=\"https:\/\/www.lagunalangco.com\/vi\/trai-nghiem\/dich-vu-tour-va-van-chuyen\/\">D\u1ecbch v\u1ee5 Tour &amp; V\u1eadn chuy\u1ec3n<\/a><\/h3><\/div><\/div>\t\t\t\t<\/div>\n\t\t\t\t<\/div>\n\t\t\t\t\t<\/div>\n\t\t\t\t<\/div>\n\t\t<div class=\"elementor-element elementor-element-4bf5bef e-flex e-con-boxed e-con e-parent\" data-id=\"4bf5bef\" data-element_type=\"container\" data-e-type=\"container\">\n\t\t\t\t\t<div class=\"e-con-inner\">\n\t\t\t\t<div class=\"elementor-element elementor-element-26454e0 elementor-widget elementor-widget-spacer\" data-id=\"26454e0\" data-element_type=\"widget\" data-e-type=\"widget\" data-widget_type=\"spacer.default\">\n\t\t\t\t<div class=\"elementor-widget-container\">\n\t\t\t\t\t\t\t<div class=\"elementor-spacer\">\n\t\t\t<div class=\"elementor-spacer-inner\"><\/div>\n\t\t<\/div>\n\t\t\t\t\t\t<\/div>\n\t\t\t\t<\/div>\n\t\t\t\t\t<\/div>\n\t\t\t\t<\/div>\n\t\t\t\t<\/div>\n\t\t","protected":false},"excerpt":{"rendered":"<p>Tr\u1ea3i nghi\u1ec7m L\u00e1i m\u00f4-t\u00f4 n\u01b0\u1edbc, \u0111\u00e1nh golf hay t\u1eadn h\u01b0\u1edfng chuy\u1ebfn phi\u00eau l\u01b0u k\u1ef3 th\u00fa v\u1edbi ATV? Gh\u00e9 th\u0103m Ph\u1ed1 c\u1ed5 H\u1ed9i An ho\u1eb7c tham quan L\u00e0ng ch\u00e0i ven bi\u1ec3n L\u0103ng C\u00f4? T\u1ea1i Laguna L\u0103ng C\u00f4, c\u00f3 v\u00f4 v\u00e0n c\u00e1c ho\u1ea1t \u0111\u1ed9ng \u0111\u01b0\u1ee3c thi\u1ebft k\u1ebf \u0111\u1ec3 \u0111\u00e1p \u1ee9ng m\u1ecdi nhu c\u1ea7u \u0111a d\u1ea1ng c\u0169ng nh\u01b0 [&hellip;]<\/p>\n","protected":false},"author":2,"featured_media":24217,"parent":0,"menu_order":0,"comment_status":"closed","ping_status":"closed","template":"","meta":{"_acf_changed":false,"site-sidebar-layout":"no-sidebar","site-content-layout":"page-builder","ast-site-content-layout":"full-width-container","site-content-style":"default","site-sidebar-style":"default","ast-global-header-display":"","ast-banner-title-visibility":"","ast-main-header-display":"","ast-hfb-above-header-display":"","ast-hfb-below-header-display":"","ast-hfb-mobile-header-display":"","site-post-title":"disabled","ast-breadcrumbs-content":"","ast-featured-img":"disabled","footer-sml-layout":"","ast-disable-related-posts":"","theme-transparent-header-meta":"default","adv-header-id-meta":"","stick-header-meta":"default","header-above-stick-meta":"","header-main-stick-meta":"","header-below-stick-meta":"","astra-migrate-meta-layouts":"set","ast-page-background-enabled":"default","ast-page-background-meta":{"desktop":{"background-color":"var(--ast-global-color-4)","background-image":"","background-repeat":"repeat","background-position":"center center","background-size":"auto","background-attachment":"scroll","background-type":"","background-media":"","overlay-type":"","overlay-color":"","overlay-opacity":"","overlay-gradient":""},"tablet":{"background-color":"","background-image":"","background-repeat":"repeat","background-position":"center center","background-size":"auto","background-attachment":"scroll","background-type":"","background-media":"","overlay-type":"","overlay-color":"","overlay-opacity":"","overlay-gradient":""},"mobile":{"background-color":"","background-image":"","background-repeat":"repeat","background-position":"center center","background-size":"auto","background-attachment":"scroll","background-type":"","background-media":"","overlay-type":"","overlay-color":"","overlay-opacity":"","overlay-gradient":""}},"ast-content-background-meta":{"desktop":{"background-color":"var(--ast-global-color-5)","background-image":"","background-repeat":"repeat","background-position":"center center","background-size":"auto","background-attachment":"scroll","background-type":"","background-media":"","overlay-type":"","overlay-color":"","overlay-opacity":"","overlay-gradient":""},"tablet":{"background-color":"var(--ast-global-color-5)","background-image":"","background-repeat":"repeat","background-position":"center center","background-size":"auto","background-attachment":"scroll","background-type":"","background-media":"","overlay-type":"","overlay-color":"","overlay-opacity":"","overlay-gradient":""},"mobile":{"background-color":"var(--ast-global-color-5)","background-image":"","background-repeat":"repeat","background-position":"center center","background-size":"auto","background-attachment":"scroll","background-type":"","background-media":"","overlay-type":"","overlay-color":"","overlay-opacity":"","overlay-gradient":""}},"footnotes":""},"class_list":["post-12299","page","type-page","status-publish","has-post-thumbnail","hentry"],"acf":[],"_links":{"self":[{"href":"https:\/\/www.lagunalangco.com\/vi\/wp-json\/wp\/v2\/pages\/12299","targetHints":{"allow":["GET"]}}],"collection":[{"href":"https:\/\/www.lagunalangco.com\/vi\/wp-json\/wp\/v2\/pages"}],"about":[{"href":"https:\/\/www.lagunalangco.com\/vi\/wp-json\/wp\/v2\/types\/page"}],"author":[{"embeddable":true,"href":"https:\/\/www.lagunalangco.com\/vi\/wp-json\/wp\/v2\/users\/2"}],"replies":[{"embeddable":true,"href":"https:\/\/www.lagunalangco.com\/vi\/wp-json\/wp\/v2\/comments?post=12299"}],"version-history":[{"count":0,"href":"https:\/\/www.lagunalangco.com\/vi\/wp-json\/wp\/v2\/pages\/12299\/revisions"}],"wp:featuredmedia":[{"embeddable":true,"href":"https:\/\/www.lagunalangco.com\/vi\/wp-json\/wp\/v2\/media\/24217"}],"wp:attachment":[{"href":"https:\/\/www.lagunalangco.com\/vi\/wp-json\/wp\/v2\/media?parent=12299"}],"curies":[{"name":"wp","href":"https:\/\/api.w.org\/{rel}","templated":true}]}}